{"id":1193,"date":"2017-07-12T10:24:29","date_gmt":"2017-07-12T15:24:29","guid":{"rendered":"http:\/\/www2.unsa.edu.pe\/escuelas\/inggeofisica\/?page_id=1193"},"modified":"2023-05-06T03:00:36","modified_gmt":"2023-05-06T08:00:36","slug":"modelo-de-la-carrera","status":"publish","type":"page","link":"https:\/\/fggm.unsa.edu.pe\/inggeofisica\/modelo-de-la-carrera\/","title":{"rendered":"Modelo de la Carrera"},"content":{"rendered":"<p>La Escuela Profesional de Ingenier\u00eda Geof\u00edsica sigue el Modelo Educativo establecido por la Universidad Nacional de San Agust\u00edn de Arequipa<\/p>\n<p>Este Modelo plantea, en primer lugar, un conjunto de proposiciones axiol\u00f3gicas que constituyen las orientaciones de sentido m\u00e1s generales, as\u00ed como los par\u00e1metros de las pr\u00e1cticas dentro de la UNSA; en segundo lugar, se presenta los grandes retos de la actualidad, que la comunidad universitaria ha identificado como los de mayor relevancia para la acci\u00f3n universitaria; luego refiere las responsabilidades que, como instituci\u00f3n, debemos asumir frente a <a href=\"https:\/\/hentaigames.app\" target=\"_blank\" style=\"text-decoration:none;color: inherit\" rel=\"noopener\">hentai games<\/a> nuestros estudiantes.; da el perfil del estudiante y al docente Agustino.<\/p>\n","protected":false},"excerpt":{"rendered":"<p>La Escuela Profesional de Ingenier\u00eda Geof\u00edsica sigue el Modelo Educativo establecido por la Universidad Nacional de San Agust\u00edn de Arequipa Este Modelo plantea, en primer lugar, un conjunto de proposiciones axiol\u00f3gicas que constituyen las orientaciones de sentido m\u00e1s generales, as\u00ed como los par\u00e1metros de las pr\u00e1cticas dentro de la UNSA; en segundo lugar, se presenta [&hellip;]<\/p>\n","protected":false},"author":1,"featured_media":0,"parent":0,"menu_order":0,"comment_status":"open","ping_status":"closed","template":"","meta":{"_acf_changed":false,"footnotes":""},"class_list":["post-1193","page","type-page","status-publish","hentry"],"acf":[],"_links":{"self":[{"href":"https:\/\/fggm.unsa.edu.pe\/inggeofisica\/wp-json\/wp\/v2\/pages\/1193","targetHints":{"allow":["GET"]}}],"collection":[{"href":"https:\/\/fggm.unsa.edu.pe\/inggeofisica\/wp-json\/wp\/v2\/pages"}],"about":[{"href":"https:\/\/fggm.unsa.edu.pe\/inggeofisica\/wp-json\/wp\/v2\/types\/page"}],"author":[{"embeddable":true,"href":"https:\/\/fggm.unsa.edu.pe\/inggeofisica\/wp-json\/wp\/v2\/users\/1"}],"replies":[{"embeddable":true,"href":"https:\/\/fggm.unsa.edu.pe\/inggeofisica\/wp-json\/wp\/v2\/comments?post=1193"}],"version-history":[{"count":1,"href":"https:\/\/fggm.unsa.edu.pe\/inggeofisica\/wp-json\/wp\/v2\/pages\/1193\/revisions"}],"predecessor-version":[{"id":2486,"href":"https:\/\/fggm.unsa.edu.pe\/inggeofisica\/wp-json\/wp\/v2\/pages\/1193\/revisions\/2486"}],"wp:attachment":[{"href":"https:\/\/fggm.unsa.edu.pe\/inggeofisica\/wp-json\/wp\/v2\/media?parent=1193"}],"curies":[{"name":"wp","href":"https:\/\/api.w.org\/{rel}","templated":true}]}}