{"id":1201,"date":"2025-07-10T15:27:55","date_gmt":"2025-07-10T20:27:55","guid":{"rendered":"http:\/\/www2.unsa.edu.pe\/escuelas\/inggeofisica\/?page_id=1201"},"modified":"2025-07-10T10:48:38","modified_gmt":"2025-07-10T15:48:38","slug":"resena-historica","status":"publish","type":"page","link":"https:\/\/fggm.unsa.edu.pe\/inggeofisica\/resena-historica\/","title":{"rendered":"Rese\u00f1a Hist\u00f3rica"},"content":{"rendered":"<p>Los docentes del Instituto Geof\u00edsico de la Universidad Nacional de San Agust\u00edn, dirigido por el Dr. An\u00edbal Rodr\u00edguez Begazo, presentaron un proyecto para la Creaci\u00f3n de la Escuela Profesional de Ingenier\u00eda Geof\u00edsica, en vista\u00a0 que el Per\u00fa no contaba con esta profesi\u00f3n.\u00a0 La Universidad deriv\u00f3 el proyecto\u00a0 de conformidad con lo dispuesto en el art. 102 del Estatuto General de la Universidad Peruana,\u00a0 al Consejo Nacional de la Universidad Peruana (CONUP), el que dio la opini\u00f3n favorable de la Direcci\u00f3n de Evaluaci\u00f3n de Universidades.<\/p>\n<p>De esta manera se autoriz\u00f3 a la Universidad Nacional de San Agust\u00edn de Arequipa el funcionamiento del Programa Acad\u00e9mico de Geof\u00edsica el 07 de marzo de 1975.\u00a0 Firman la Resoluci\u00f3n Juan de Dios Guevara Rector de la Universidad Mayor de San Marcos y Presidente del Consejo Nacional de la Universidad Peruana y el Sr. C\u00e9sar An\u00edbal Vera Pineda, Secretario General del Consejo Nacional de la Universidad Peruana.<\/p>\n<p>Desde 1974, en espera de la Resoluci\u00f3n, se dio inicio al funcionamiento de la Escuela Profesional de Ingenier\u00eda Geof\u00edsica con los promotores de la creaci\u00f3n de la Escuela y\u00a0 docentes de la especialidad que son los siguientes:\u00a0 Dr. An\u00edbal Rodr\u00edguez Begazo, Dr. Lupe Tamayo Ball\u00f3n, Dr. Jaime Fusse Fernandez-D\u00e1vila, Ing. Efra\u00edn Corso Garcia, Ing Daniel Ochoa, Ing. Melecio Lazo Angulo, Ing. Roberto Kosaca Masuno, Ing. Percy Chirinos Arias, Ing. Humberto Guill\u00e9n Portilla, Ing. H\u00e9ctor Palza Arias-Barahona, que se iban incorporando al ejercicio de la docencia de acuerdo a la curr\u00edcula y al plan de estudios. Todo el personal mencionado laboraba \u00a0en el Instituto Geof\u00edsico de la UNSA.<\/p>\n<p>Posteriormente, algunos docentes se retiraron de la universidad por diversos motivos. A partir de 1986 se incorporaron a la docencia mediante concurso interno y luego p\u00fablico: Dr. Sebastian Zu\u00f1iga Medina, Dr. Jorge Soto V\u00e1squez, Dr. Armando Minaya Liz\u00e1rraga, Phd. Edgard Gonz\u00e1les Zenteno, Dr. Orlando Macedo S\u00e1nchez, Msc. Javier Ticona Paucara, Msc. Juan Portilla Alvarado.<\/p>\n<p>La curr\u00edcula y plan de estudios han sido reestructurados en 1974, 1991, 1993, 1997, 2001, 2007 de acuerdo con las necesidades de la actividad profesional y de la experiencia de los egresados y profesionales, con el objeto de mejorar la formaci\u00f3n del Ingeniero Geof\u00edsico de calidad y competitivo, concorde con el avance de la tecnolog\u00eda; por ello muchos de nuestros egresados se encuentran laborando en Empresas Internacionales y Universidades dentro y fuera del Pa\u00eds, muchos de ellos son Maestros y Doctores en Universidades como de Espa\u00f1a, Francia, M\u00e9xico, E.E.U.U. y Brasil.<\/p>\n<p>Los Directores desde 1974 a la fecha 2017 fueron los siguientes:<\/p>\n<ul>\n<li>Dr. An\u00edbal Rodr\u00edguez Begazo,<\/li>\n<li>Ing. Efra\u00edn Corzo Garc\u00eda,<\/li>\n<li>Dr. Lupe Tamayo Ball\u00f3n,<\/li>\n<li>Ing. Melecio Lazo Angulo<\/li>\n<li>Ing. Humberto Guill\u00e9n Portilla<\/li>\n<li>Ing. Roberto Kosaka Masuno<\/li>\n<li>Ing. H\u00e9ctor Palza Arias-Barahona,<\/li>\n<li>Phd. Edgard Gonz\u00e1les Zenteno<\/li>\n<li>Dr. Jorge Aurelio Soto V\u00e1squez<\/li>\n<li>Dr. Sebasti\u00e1n Z\u00fa\u00f1iga Medina<\/li>\n<li>Dr. Jorge Aurelio Soto V\u00e1squez<\/li>\n<\/ul>\n","protected":false},"excerpt":{"rendered":"<p>Los docentes del Instituto Geof\u00edsico de la Universidad Nacional de San Agust\u00edn, dirigido por el Dr. An\u00edbal Rodr\u00edguez Begazo, presentaron un proyecto para la Creaci\u00f3n de la Escuela Profesional de Ingenier\u00eda Geof\u00edsica, en vista\u00a0 que el Per\u00fa no contaba con esta profesi\u00f3n.\u00a0 La Universidad deriv\u00f3 el proyecto\u00a0 de conformidad con lo dispuesto en el art. [&hellip;]<\/p>\n","protected":false},"author":1,"featured_media":1295,"parent":0,"menu_order":0,"comment_status":"closed","ping_status":"closed","template":"","meta":{"_acf_changed":false,"footnotes":""},"class_list":["post-1201","page","type-page","status-publish","has-post-thumbnail","hentry"],"acf":[],"_links":{"self":[{"href":"https:\/\/fggm.unsa.edu.pe\/inggeofisica\/wp-json\/wp\/v2\/pages\/1201","targetHints":{"allow":["GET"]}}],"collection":[{"href":"https:\/\/fggm.unsa.edu.pe\/inggeofisica\/wp-json\/wp\/v2\/pages"}],"about":[{"href":"https:\/\/fggm.unsa.edu.pe\/inggeofisica\/wp-json\/wp\/v2\/types\/page"}],"author":[{"embeddable":true,"href":"https:\/\/fggm.unsa.edu.pe\/inggeofisica\/wp-json\/wp\/v2\/users\/1"}],"replies":[{"embeddable":true,"href":"https:\/\/fggm.unsa.edu.pe\/inggeofisica\/wp-json\/wp\/v2\/comments?post=1201"}],"version-history":[{"count":8,"href":"https:\/\/fggm.unsa.edu.pe\/inggeofisica\/wp-json\/wp\/v2\/pages\/1201\/revisions"}],"predecessor-version":[{"id":3398,"href":"https:\/\/fggm.unsa.edu.pe\/inggeofisica\/wp-json\/wp\/v2\/pages\/1201\/revisions\/3398"}],"wp:featuredmedia":[{"embeddable":true,"href":"https:\/\/fggm.unsa.edu.pe\/inggeofisica\/wp-json\/wp\/v2\/media\/1295"}],"wp:attachment":[{"href":"https:\/\/fggm.unsa.edu.pe\/inggeofisica\/wp-json\/wp\/v2\/media?parent=1201"}],"curies":[{"name":"wp","href":"https:\/\/api.w.org\/{rel}","templated":true}]}}