{"id":1221,"date":"2025-07-07T07:48:56","date_gmt":"2025-07-07T12:48:56","guid":{"rendered":"http:\/\/www2.unsa.edu.pe\/escuelas\/inggeofisica\/?page_id=1221"},"modified":"2025-07-08T14:39:21","modified_gmt":"2025-07-08T19:39:21","slug":"personal-docente","status":"publish","type":"page","link":"https:\/\/fggm.unsa.edu.pe\/inggeofisica\/personal-docente\/","title":{"rendered":"Personal Docente"},"content":{"rendered":"<div dir=\"ltr\" style=\"margin-left: -9px\">\n<table style=\"height: 100px;border: none;border-collapse: collapse;width: 100%\" width=\"100%\" cellpadding=\"0.850394pt\">\n<tbody>\n<tr style=\"height: 17.0pt\">\n<td style=\"vertical-align: top;background-color: #5e151d;padding: 0.850394pt;overflow: hidden;border: 0.5pt solid #5e151d;width: 218px\">\n<ul style=\"margin-top: 5pt;margin-bottom: 0\">\n<li style=\"list-style-type: disc;font-size: 9px;font-family: Verdana, Geneva, sans-serif;color: #ffffff;background-color: transparent;font-weight: 400;font-style: normal;font-variant: normal;text-decoration: none;vertical-align: baseline\"><span style=\"font-size: 9px\"><span style=\"font-family: Verdana, Geneva, sans-serif\"><span style=\"color: #ffffff;background-color: transparent;font-weight: 400;font-style: normal;font-variant: normal;text-decoration: none;vertical-align: baseline\">Dr. Sebasti\u00e1n A. Z\u00fa\u00f1iga Medina<\/span><\/span><\/span><\/li>\n<\/ul>\n<\/td>\n<td style=\"vertical-align: top;background-color: #5e151d;padding: 0.850394pt;overflow: hidden;border: 0.5pt solid #5e151d;width: 414px\"><span style=\"font-size: 9px\"><span style=\"font-family: Verdana, Geneva, sans-serif\"><span style=\"color: #ffffff;background-color: transparent;font-weight: 400;font-style: normal;font-variant: normal;text-decoration: none;vertical-align: baseline\">(Docente Principal)<\/span><\/span><\/span><\/td>\n<td style=\"vertical-align: top;background-color: #5e151d;padding: 0.850394pt;overflow: hidden;border: 0.5pt solid #5e151d;width: 75px\"><span style=\"font-size: 9px\"><span style=\"font-family: Verdana, Geneva, sans-serif\"><span style=\"color: #ffffff;background-color: transparent;font-weight: 400;font-style: normal;font-variant: normal;text-decoration: none;vertical-align: baseline\">Descargar CV<\/span><\/span><\/span><\/td>\n<\/tr>\n<tr style=\"height: 17.0pt\">\n<td style=\"border-width: 0.5pt;border-style: solid;border-color: #5e151d #ffffff;vertical-align: top;background-color: #ffffff;padding: 0.850394pt;overflow: hidden;width: 218px\">\n<ul style=\"margin-top: 5pt;margin-bottom: 0\">\n<li style=\"list-style-type: disc;font-size: 9px;font-family: Verdana, Geneva, sans-serif;color: #000000;background-color: transparent;font-weight: 400;font-style: normal;font-variant: normal;text-decoration: none;vertical-align: baseline\"><span style=\"font-size: 9px\"><span style=\"font-family: Verdana, Geneva, sans-serif\"><span style=\"color: #000000;background-color: transparent;font-weight: 400;font-style: normal;font-variant: normal;text-decoration: none;vertical-align: baseline\">Dr. Jorge A. Soto V\u00e1squez<\/span><\/span><\/span><\/li>\n<\/ul>\n<\/td>\n<td style=\"border-width: 0.5pt;border-style: solid;border-color: #5e151d #ffffff;vertical-align: top;background-color: #ffffff;padding: 0.850394pt;overflow: hidden;width: 414px\"><span style=\"font-size: 9px\"><span style=\"font-family: Verdana, Geneva, sans-serif\"><span style=\"color: #000000;background-color: transparent;font-weight: 400;font-style: normal;font-variant: normal;text-decoration: none;vertical-align: baseline\">(Docente Principal <span style=\"color: #333333\"><span style=\"background-color: transparent;font-weight: 400;font-style: normal;font-variant: normal;text-decoration: none;vertical-align: baseline\">\/<span style=\"color: #000000\"> Director del Programa Acad\u00e9mico de Ingenier\u00eda Geof\u00edsica<\/span><\/span><span style=\"color: #000000\">)<\/span><\/span><\/span><\/span><\/span><\/td>\n<td style=\"border-width: 0.5pt;border-style: solid;border-color: #5e151d #ffffff;vertical-align: top;background-color: #ffffff;padding: 0.850394pt;overflow: hidden;width: 75px\"><span style=\"font-size: 9px\"><span style=\"font-family: Verdana, Geneva, sans-serif\"><span style=\"color: #000000;background-color: transparent;font-weight: 400;font-style: normal;font-variant: normal;text-decoration: none;vertical-align: baseline\">Descargar CV<\/span><\/span><\/span><\/td>\n<\/tr>\n<tr style=\"height: 17.0pt\">\n<td style=\"vertical-align: top;background-color: #5e151d;padding: 0.850394pt;overflow: hidden;border: 0.5pt solid #5e151d;width: 218px\">\n<ul style=\"margin-top: 5pt;margin-bottom: 0\">\n<li style=\"list-style-type: disc;font-size: 9px;font-family: Verdana, Geneva, sans-serif;color: #ffffff;background-color: transparent;font-weight: 400;font-style: normal;font-variant: normal;text-decoration: none;vertical-align: baseline\"><span style=\"font-size: 9px\"><span style=\"font-family: Verdana, Geneva, sans-serif\"><span style=\"color: #ffffff;background-color: transparent;font-weight: 400;font-style: normal;font-variant: normal;text-decoration: none;vertical-align: baseline\">Dr. Armando A. Minaya Liz\u00e1rraga<\/span><\/span><\/span><\/li>\n<\/ul>\n<\/td>\n<td style=\"vertical-align: top;background-color: #5e151d;padding: 0.850394pt;overflow: hidden;border: 0.5pt solid #5e151d;width: 414px\"><span style=\"font-size: 9px;color: #ffffff\"><span style=\"font-family: Verdana, Geneva, sans-serif\"><span style=\"background-color: transparent;font-weight: 400;font-style: normal;font-variant: normal;text-decoration: none;vertical-align: baseline\">(<span style=\"background-color: transparent;font-weight: 400;font-style: normal;font-variant: normal;text-decoration: none;vertical-align: baseline\">Docente Principal<\/span>)<\/span><\/span><\/span><\/td>\n<td style=\"vertical-align: top;background-color: #5e151d;padding: 0.850394pt;overflow: hidden;border: 0.5pt solid #5e151d;width: 75px\"><span style=\"font-size: 9px\"><span style=\"font-family: Verdana, Geneva, sans-serif\"><span style=\"color: #ffffff;background-color: transparent;font-weight: 400;font-style: normal;font-variant: normal;text-decoration: none;vertical-align: baseline\">Descargar CV<\/span><\/span><\/span><\/td>\n<\/tr>\n<tr style=\"height: 17.0pt\">\n<td style=\"border-width: 0.5pt;border-style: solid;border-color: #5e151d #ffffff;vertical-align: top;background-color: #ffffff;padding: 0.850394pt;overflow: hidden;width: 218px\">\n<ul style=\"margin-top: 5pt;margin-bottom: 0\">\n<li style=\"list-style-type: disc;font-size: 9px;font-family: Verdana, Geneva, sans-serif;color: #000000;background-color: transparent;font-weight: 400;font-style: normal;font-variant: normal;text-decoration: none;vertical-align: baseline\"><span style=\"font-size: 9px\"><span style=\"font-family: Verdana, Geneva, sans-serif\"><span style=\"color: #000000;background-color: transparent;font-weight: 400;font-style: normal;font-variant: normal;text-decoration: none;vertical-align: baseline\">PhD. Edgard Gonzales Zenteno <\/span><\/span><\/span><\/li>\n<\/ul>\n<\/td>\n<td style=\"border-width: 0.5pt;border-style: solid;border-color: #5e151d #ffffff;vertical-align: top;background-color: #ffffff;padding: 0.850394pt;overflow: hidden;width: 414px\"><span style=\"font-size: 9px\"><span style=\"font-family: Verdana, Geneva, sans-serif\"><span style=\"color: #000000;background-color: transparent;font-weight: 400;font-style: normal;font-variant: normal;text-decoration: none;vertical-align: baseline\">(Docente Auxiliar)<\/span><\/span><\/span><\/td>\n<td style=\"border-width: 0.5pt;border-style: solid;border-color: #5e151d #ffffff;vertical-align: top;background-color: #ffffff;padding: 0.850394pt;overflow: hidden;width: 75px\"><span style=\"font-size: 9px\"><span style=\"font-family: Verdana, Geneva, sans-serif\"><span style=\"color: #000000;background-color: transparent;font-weight: 400;font-style: normal;font-variant: normal;text-decoration: none;vertical-align: baseline\">Descargar CV<\/span><\/span><\/span><\/td>\n<\/tr>\n<tr style=\"height: 17.0pt\">\n<td style=\"vertical-align: top;background-color: #5e151d;padding: 0.850394pt;overflow: hidden;border: 0.5pt solid #5e151d;width: 218px\">\n<ul style=\"margin-top: 5pt;margin-bottom: 0\">\n<li style=\"list-style-type: disc;font-size: 9px;font-family: Verdana, Geneva, sans-serif;color: #ffffff;background-color: transparent;font-weight: 400;font-style: normal;font-variant: normal;text-decoration: none;vertical-align: baseline\"><span style=\"font-size: 9px\"><span style=\"font-family: Verdana, Geneva, sans-serif\"><span style=\"color: #ffffff;background-color: transparent;font-weight: 400;font-style: normal;font-variant: normal;text-decoration: none;vertical-align: baseline\">Dr. Orlando E. Macedo S\u00e1nchez<\/span><\/span><\/span><\/li>\n<\/ul>\n<\/td>\n<td style=\"vertical-align: top;background-color: #5e151d;padding: 0.850394pt;overflow: hidden;border: 0.5pt solid #5e151d;width: 414px\"><span style=\"font-size: 9px;color: #ffffff\"><span style=\"font-family: Verdana, Geneva, sans-serif\"><span style=\"background-color: transparent;font-weight: 400;font-style: normal;font-variant: normal;text-decoration: none;vertical-align: baseline\">(<span style=\"background-color: transparent;font-weight: 400;font-style: normal;font-variant: normal;text-decoration: none;vertical-align: baseline\">Docente Asociado <span style=\"background-color: transparent;font-weight: 400;font-style: normal;font-variant: normal;text-decoration: none;vertical-align: baseline\">\/ Jefe y Director del Laboratorio de Geof\u00edsica Pura y Aplicada<\/span><\/span>)<\/span><\/span><\/span><\/td>\n<td style=\"vertical-align: top;background-color: #5e151d;padding: 0.850394pt;overflow: hidden;border: 0.5pt solid #5e151d;width: 75px\"><span style=\"font-size: 9px\"><span style=\"font-family: Verdana, Geneva, sans-serif\"><span style=\"color: #ffffff;background-color: transparent;font-weight: 400;font-style: normal;font-variant: normal;text-decoration: none;vertical-align: baseline\">Descargar CV<\/span><\/span><\/span><\/td>\n<\/tr>\n<tr style=\"height: 17.0pt\">\n<td style=\"border-width: 0.5pt;border-style: solid;border-color: #5e151d #ffffff;vertical-align: top;background-color: #ffffff;padding: 0.850394pt;overflow: hidden;width: 218px\">\n<ul style=\"margin-top: 5pt;margin-bottom: 0\">\n<li style=\"list-style-type: disc;font-size: 9px;font-family: Verdana, Geneva, sans-serif;color: #000000;background-color: transparent;font-weight: 400;font-style: normal;font-variant: normal;text-decoration: none;vertical-align: baseline\"><span style=\"font-size: 9px\"><span style=\"font-family: Verdana, Geneva, sans-serif\"><span style=\"color: #000000;background-color: transparent;font-weight: 400;font-style: normal;font-variant: normal;text-decoration: none;vertical-align: baseline\">Nino C. Puma Sacsi <\/span><\/span><\/span><\/li>\n<\/ul>\n<\/td>\n<td style=\"border-width: 0.5pt;border-style: solid;border-color: #5e151d #ffffff;vertical-align: top;background-color: #ffffff;padding: 0.850394pt;overflow: hidden;width: 414px\"><span style=\"font-size: 9px\"><span style=\"font-family: Verdana, Geneva, sans-serif\"><span style=\"color: #000000;background-color: transparent;font-weight: 400;font-style: normal;font-variant: normal;text-decoration: none;vertical-align: baseline\">(Docente Auxiliar)<\/span><\/span><\/span><\/td>\n<td style=\"border-width: 0.5pt;border-style: solid;border-color: #5e151d #ffffff;vertical-align: top;background-color: #ffffff;padding: 0.850394pt;overflow: hidden;width: 75px\"><span style=\"font-size: 9px\"><span style=\"font-family: Verdana, Geneva, sans-serif\"><span style=\"color: #000000;background-color: transparent;font-weight: 400;font-style: normal;font-variant: normal;text-decoration: none;vertical-align: baseline\">Descargar CV<\/span><\/span><\/span><\/td>\n<\/tr>\n<tr style=\"height: 17.0pt\">\n<td style=\"vertical-align: top;background-color: #5e151d;padding: 0.850394pt;overflow: hidden;border: 0.5pt solid #5e151d;width: 218px\">\n<ul style=\"margin-top: 5pt;margin-bottom: 0\">\n<li style=\"list-style-type: disc;font-size: 9px;font-family: Verdana, Geneva, sans-seriff;color: #ffffff;background-color: transparent;font-weight: 400;font-style: normal;font-variant: normal;text-decoration: none;vertical-align: baseline\"><span style=\"font-size: 9px\"><span style=\"font-family: Verdana, Geneva, sans-serif\"><span style=\"color: #ffffff;background-color: transparent;font-weight: 400;font-style: normal;font-variant: normal;text-decoration: none;vertical-align: baseline\">Dr. Cristobal Condori Quispe <\/span><\/span><\/span><\/li>\n<\/ul>\n<\/td>\n<td style=\"vertical-align: top;background-color: #5e151d;padding: 0.850394pt;overflow: hidden;border: 0.5pt solid #5e151d;width: 414px\"><span style=\"font-size: 9px\"><span style=\"font-family: Verdana, Geneva, sans-serif\"><span style=\"color: #ffffff;background-color: transparent;font-weight: 400;font-style: normal;font-variant: normal;text-decoration: none;vertical-align: baseline\">(Docente Auxiliar <span style=\"font-size: 9px;color: #ffffff\"><span style=\"background-color: transparent;font-weight: 400;font-style: normal;font-variant: normal;text-decoration: none;vertical-align: baseline\">\/ Director del Instituto de Investigaci\u00f3n Geof\u00edsica de la UNSA<\/span><\/span>)<\/span><\/span><\/span><\/td>\n<td style=\"vertical-align: top;background-color: #5e151d;padding: 0.850394pt;overflow: hidden;border: 0.5pt solid #5e151d;width: 75px\"><span style=\"font-size: 9px\"><span style=\"font-family: Verdana, Geneva, sans-serif\"><span style=\"color: #ffffff;background-color: transparent;font-weight: 400;font-style: normal;font-variant: normal;text-decoration: none;vertical-align: baseline\">Descargar CV<\/span><\/span><\/span><\/td>\n<\/tr>\n<tr style=\"height: 17.0pt\">\n<td style=\"border-width: 0.5pt;border-style: solid;border-color: #5e151d #ffffff;vertical-align: top;background-color: #ffffff;padding: 0.850394pt;overflow: hidden;width: 218px\">\n<ul style=\"margin-top: 5pt;margin-bottom: 0\">\n<li style=\"list-style-type: disc;font-size: 9px;font-family: Verdana, Geneva, sans-serif;color: #000000;background-color: transparent;font-weight: 400;font-style: normal;font-variant: normal;text-decoration: none;vertical-align: baseline\"><span style=\"font-size: 9px\"><span style=\"font-family: Verdana, Geneva, sans-serif\"><span style=\"color: #000000;background-color: transparent;font-weight: 400;font-style: normal;font-variant: normal;text-decoration: none;vertical-align: baseline\">Msc. Juan F. Portilla Alvarado<\/span><\/span><\/span><\/li>\n<\/ul>\n<\/td>\n<td style=\"border-width: 0.5pt;border-style: solid;border-color: #5e151d #ffffff;vertical-align: top;background-color: #ffffff;padding: 0.850394pt;overflow: hidden;width: 414px\"><span style=\"font-size: 9px\"><span style=\"font-family: Verdana, Geneva, sans-serif\"><span style=\"color: #000000;background-color: transparent;font-weight: 400;font-style: normal;font-variant: normal;text-decoration: none;vertical-align: baseline\">(Docente Auxiliar)<\/span><\/span><\/span><\/td>\n<td style=\"border-width: 0.5pt;border-style: solid;border-color: #5e151d #ffffff;vertical-align: top;background-color: #ffffff;padding: 0.850394pt;overflow: hidden;width: 75px\"><span style=\"font-size: 9px\"><span style=\"font-family: Verdana, Geneva, sans-serif\"><span style=\"color: #000000;background-color: transparent;font-weight: 400;font-style: normal;font-variant: normal;text-decoration: none;vertical-align: baseline\">Descargar CV<\/span><\/span><\/span><\/td>\n<\/tr>\n<tr style=\"height: 17.0pt\">\n<td style=\"vertical-align: top;background-color: #5e151d;padding: 0.850394pt;overflow: hidden;border: 0.5pt solid #5e151d;width: 218px\">\n<ul style=\"margin-top: 5pt;margin-bottom: 0\">\n<li style=\"list-style-type: disc;font-size: 9px;font-family: Verdana, Geneva, sans-serif;color: #ffffff;background-color: transparent;font-weight: 400;font-style: normal;font-variant: normal;text-decoration: none;vertical-align: baseline\"><span style=\"font-size: 9px;color: #ffffff\"><span style=\"font-family: Verdana, Geneva, sans-serif\"><span style=\"background-color: transparent;font-weight: 400;font-style: normal;font-variant: normal;text-decoration: none;vertical-align: baseline\"><span style=\"font-size: 9px\"><span style=\"background-color: transparent;font-weight: 400;font-style: normal;font-variant: normal;text-decoration: none;vertical-align: baseline\">Msc. Javier R. Ticona Paucara <\/span><\/span><\/span><\/span><\/span><\/li>\n<\/ul>\n<\/td>\n<td style=\"vertical-align: top;background-color: #5e151d;padding: 0.850394pt;overflow: hidden;border: 0.5pt solid #5e151d;width: 414px\"><span style=\"font-size: 9px;color: #ffffff\"><span style=\"font-family: Verdana, Geneva, sans-serif\"><span style=\"background-color: transparent;font-weight: 400;font-style: normal;font-variant: normal;text-decoration: none;vertical-align: baseline\">(Docente Auxiliar<span style=\"background-color: transparent;font-weight: 400;font-style: normal;font-variant: normal;text-decoration: none;vertical-align: baseline\"><span style=\"font-size: 9px;color: #ffffff\"><span style=\"background-color: transparent;font-weight: 400;font-style: normal;font-variant: normal;text-decoration: none;vertical-align: baseline\">)<\/span><\/span><\/span><\/span><\/span><\/span><\/td>\n<td style=\"vertical-align: top;background-color: #5e151d;padding: 0.850394pt;overflow: hidden;border: 0.5pt solid #5e151d;width: 75px\"><span style=\"font-size: 9px\"><span style=\"font-family: Verdana, Geneva, sans-serif\"><span style=\"color: #ffffff;background-color: transparent;font-weight: 400;font-style: normal;font-variant: normal;text-decoration: none;vertical-align: baseline\">Descargar CV<\/span><\/span><\/span><\/td>\n<\/tr>\n<tr style=\"height: 17.0pt\">\n<td style=\"border-width: 0.5pt;border-style: solid;border-color: #5e151d #ffffff #ffffff;vertical-align: top;background-color: #ffffff;padding: 0.850394pt;overflow: hidden;width: 218px\">\n<ul style=\"margin-top: 5pt;margin-bottom: 0\">\n<li style=\"list-style-type: disc;font-size: 9px;font-family: Verdana, Geneva, sans-serif;color: #000000;background-color: transparent;font-weight: 400;font-style: normal;font-variant: normal;text-decoration: none;vertical-align: baseline\"><span style=\"font-size: 9px\"><span style=\"font-family: Verdana, Geneva, sans-serif\"><span style=\"color: #000000;background-color: transparent;font-weight: 400;font-style: normal;font-variant: normal;text-decoration: none;vertical-align: baseline\">Msc. Juan Carlos Villegas Lanza<\/span><\/span><\/span><\/li>\n<\/ul>\n<\/td>\n<td style=\"border-width: 0.5pt;border-style: solid;border-color: #5e151d #ffffff #ffffff;vertical-align: top;background-color: #ffffff;padding: 0.850394pt;overflow: hidden;width: 414px\"><span style=\"font-size: 9px\"><span style=\"font-family: Verdana, Geneva, sans-serif\"><span style=\"color: #000000;background-color: transparent;font-weight: 400;font-style: normal;font-variant: normal;text-decoration: none;vertical-align: baseline\">(Docente Auxiliar)<\/span><\/span><\/span><\/td>\n<td style=\"border-width: 0.5pt;border-style: solid;border-color: #5e151d #ffffff #ffffff;vertical-align: top;background-color: #ffffff;padding: 0.850394pt;overflow: hidden;width: 75px\"><span style=\"font-family: Verdana, Geneva, sans-serif;font-size: 9px\"><span style=\"color: #000000;background-color: transparent;font-weight: 400;font-style: normal;font-variant: normal;text-decoration: none;vertical-align: baseline\">Descargar CV<\/span><\/span><\/td>\n<\/tr>\n<tr style=\"height: 17.0pt\">\n<td style=\"vertical-align: top;background-color: #5e151d;padding: 0.850394pt;overflow: hidden;border: 0.5pt solid #5e151d;width: 218px\">\n<ul style=\"margin-top: 5pt;margin-bottom: 0\">\n<li style=\"list-style-type: disc;font-size: 9px;font-family: Verdana, Geneva, sans-serif;color: #ffffff;background-color: transparent;font-weight: 400;font-style: normal;font-variant: normal;text-decoration: none;vertical-align: baseline\"><span style=\"font-size: 9px;color: #ffffff\"><span style=\"font-family: Verdana, Geneva, sans-serif\"><span style=\"background-color: transparent;font-weight: 400;font-style: normal;font-variant: normal;text-decoration: none;vertical-align: baseline\">Msc. Ricardo Pel\u00e1ez Mc Evoy <\/span><\/span><\/span><\/li>\n<\/ul>\n<\/td>\n<td style=\"vertical-align: top;background-color: #5e151d;padding: 0.850394pt;overflow: hidden;border: 0.5pt solid #5e151d;width: 414px\"><span style=\"font-size: 9px\"><span style=\"font-family: Verdana, Geneva, sans-serif\"><span style=\"color: #ffffff;background-color: transparent;font-weight: 400;font-style: normal;font-variant: normal;text-decoration: none;vertical-align: baseline\">(Docente Auxiliar)<\/span><\/span><\/span><\/td>\n<td style=\"vertical-align: top;background-color: #5e151d;padding: 0.850394pt;overflow: hidden;border: 0.5pt solid #5e151d;width: 75px\"><span style=\"font-size: 9px\"><span style=\"font-family: Verdana, Geneva, sans-serif\"><span style=\"color: #ffffff;background-color: transparent;font-weight: 400;font-style: normal;font-variant: normal;text-decoration: none;vertical-align: baseline\">Descargar CV<\/span><\/span><\/span><\/td>\n<\/tr>\n<tr style=\"height: 17.0pt\">\n<td style=\"border-width: 0.5pt;border-style: solid;border-color: #5e151d #ffffff;vertical-align: top;background-color: #ffffff;padding: 0.850394pt;overflow: hidden;width: 218px\">\n<ul style=\"margin-top: 5pt;margin-bottom: 0\">\n<li style=\"list-style-type: disc;font-size: 9px;font-family: Verdana, Geneva, sans-serif;color: #000000;background-color: transparent;font-weight: 400;font-style: normal;font-variant: normal;text-decoration: none;vertical-align: baseline\"><span style=\"font-size: 9px\"><span style=\"font-family: Verdana, Geneva, sans-serif\"><span style=\"color: #000000;background-color: transparent;font-weight: 400;font-style: normal;font-variant: normal;text-decoration: none;vertical-align: baseline\">Msc. Gaston Yupa Paredes<\/span><\/span><\/span><\/li>\n<\/ul>\n<\/td>\n<td style=\"border-width: 0.5pt;border-style: solid;border-color: #5e151d #ffffff;vertical-align: top;background-color: #ffffff;padding: 0.850394pt;overflow: hidden;width: 414px\"><span style=\"font-size: 9px\"><span style=\"font-family: Verdana, Geneva, sans-serif\"><span style=\"color: #000000;background-color: transparent;font-weight: 400;font-style: normal;font-variant: normal;text-decoration: none;vertical-align: baseline\">(Docente Invitado<span style=\"color: #333333\"><span style=\"color: #000000\">)<\/span><\/span><\/span><\/span><\/span><\/td>\n<td style=\"border-width: 0.5pt;border-style: solid;border-color: #5e151d #ffffff;vertical-align: top;background-color: #ffffff;padding: 0.850394pt;overflow: hidden;width: 75px\"><span style=\"font-size: 9px\"><span style=\"font-family: Verdana, Geneva, sans-serif\"><span style=\"color: #000000;background-color: transparent;font-weight: 400;font-style: normal;font-variant: normal;text-decoration: none;vertical-align: baseline\">Descargar CV<\/span><\/span><\/span><\/td>\n<\/tr>\n<tr style=\"height: 17.0pt\">\n<td style=\"vertical-align: top;background-color: #5e151d;padding: 0.850394pt;overflow: hidden;border: 0.5pt solid #5e151d;width: 218px\">\n<ul style=\"margin-top: 5pt;margin-bottom: 0\">\n<li style=\"list-style-type: disc;font-size: 11px;font-family: Verdana, Geneva, sans-serif;color: #ffffff;background-color: transparent;font-weight: 400;font-style: normal;font-variant: normal;text-decoration: none;vertical-align: baseline\"><span style=\"font-size: 9px;color: #ffffff\"><span style=\"font-family: Verdana, Geneva, sans-serif\"><span style=\"background-color: transparent;font-weight: 400;font-style: normal;font-variant: normal;text-decoration: none;vertical-align: baseline\">Msc. Edu Taipe Maquerhua <\/span><\/span><\/span><\/li>\n<\/ul>\n<\/td>\n<td style=\"vertical-align: top;background-color: #5e151d;padding: 0.850394pt;overflow: hidden;border: 0.5pt solid #5e151d;width: 414px\"><span style=\"font-size: 9px\"><span style=\"font-family: Verdana, Geneva, sans-serif\"><span style=\"color: #ffffff;background-color: transparent;font-weight: 400;font-style: normal;font-variant: normal;text-decoration: none;vertical-align: baseline\">(Docente Invitado)<\/span><\/span><\/span><\/td>\n<td style=\"vertical-align: top;background-color: #5e151d;padding: 0.850394pt;overflow: hidden;border: 0.5pt solid #5e151d;width: 75px\"><span style=\"font-size: 9px\"><span style=\"font-family: Verdana, Geneva, sans-serif\"><span style=\"color: #ffffff;background-color: transparent;font-weight: 400;font-style: normal;font-variant: normal;text-decoration: none;vertical-align: baseline\">Descargar CV<\/span><\/span><\/span><\/td>\n<\/tr>\n<\/tbody>\n<\/table>\n<p>&nbsp;<\/p>\n<\/div>\n","protected":false},"excerpt":{"rendered":"<p>Dr. Sebasti\u00e1n A. Z\u00fa\u00f1iga Medina (Docente Principal) Descargar CV Dr. Jorge A. Soto V\u00e1squez (Docente Principal \/ Director del Programa Acad\u00e9mico de Ingenier\u00eda Geof\u00edsica) Descargar CV Dr. Armando A. Minaya Liz\u00e1rraga (Docente Principal) Descargar CV PhD. Edgard Gonzales Zenteno (Docente Auxiliar) Descargar CV Dr. Orlando E. Macedo S\u00e1nchez (Docente Asociado \/ Jefe y Director del [&hellip;]<\/p>\n","protected":false},"author":1,"featured_media":2120,"parent":0,"menu_order":0,"comment_status":"closed","ping_status":"closed","template":"","meta":{"_acf_changed":false,"footnotes":""},"class_list":["post-1221","page","type-page","status-publish","has-post-thumbnail","hentry"],"acf":[],"_links":{"self":[{"href":"https:\/\/fggm.unsa.edu.pe\/inggeofisica\/wp-json\/wp\/v2\/pages\/1221","targetHints":{"allow":["GET"]}}],"collection":[{"href":"https:\/\/fggm.unsa.edu.pe\/inggeofisica\/wp-json\/wp\/v2\/pages"}],"about":[{"href":"https:\/\/fggm.unsa.edu.pe\/inggeofisica\/wp-json\/wp\/v2\/types\/page"}],"author":[{"embeddable":true,"href":"https:\/\/fggm.unsa.edu.pe\/inggeofisica\/wp-json\/wp\/v2\/users\/1"}],"replies":[{"embeddable":true,"href":"https:\/\/fggm.unsa.edu.pe\/inggeofisica\/wp-json\/wp\/v2\/comments?post=1221"}],"version-history":[{"count":47,"href":"https:\/\/fggm.unsa.edu.pe\/inggeofisica\/wp-json\/wp\/v2\/pages\/1221\/revisions"}],"predecessor-version":[{"id":3389,"href":"https:\/\/fggm.unsa.edu.pe\/inggeofisica\/wp-json\/wp\/v2\/pages\/1221\/revisions\/3389"}],"wp:featuredmedia":[{"embeddable":true,"href":"https:\/\/fggm.unsa.edu.pe\/inggeofisica\/wp-json\/wp\/v2\/media\/2120"}],"wp:attachment":[{"href":"https:\/\/fggm.unsa.edu.pe\/inggeofisica\/wp-json\/wp\/v2\/media?parent=1221"}],"curies":[{"name":"wp","href":"https:\/\/api.w.org\/{rel}","templated":true}]}}