{"id":1287,"date":"2017-09-08T20:55:35","date_gmt":"2017-09-08T20:55:35","guid":{"rendered":"http:\/\/www2.unsa.edu.pe\/escuelas\/inggeofisica\/?page_id=1287"},"modified":"2017-11-01T19:46:49","modified_gmt":"2017-11-01T19:46:49","slug":"titulo-profesional","status":"publish","type":"page","link":"https:\/\/fggm.unsa.edu.pe\/inggeofisica\/titulo-profesional\/","title":{"rendered":"T\u00edtulo Profesional"},"content":{"rendered":"<h3>Modalidades<\/h3>\n<p>El T\u00edtulo Profesional se obtiene con la presentaci\u00f3n de:<\/p>\n<ul>\n<li>Una tesis de una investigaci\u00f3n de geof\u00edsica Pura o Aplicada que es sustentada ante un jurado de 03 profesionales de la carrera<\/li>\n<li>Un informe de experiencia profesional de la Ingenier\u00eda Geof\u00edsica por 3 a\u00f1os consecutivos, que es sustentado ante un jurado de 03 profesionales de la carrera<\/li>\n<li>Por suficiencia de la Ingenier\u00eda Geof\u00edsica de los 05 a\u00f1os de su formaci\u00f3n Acad\u00e9mica, ante un jurado de 03 profesionales de la carrera<\/li>\n<\/ul>\n<p>Aprobando cualquiera de las tres modalidades obtiene el T\u00edtulo Profesional de: INGENIERO GEOF\u00cdSICO<\/p>\n<h3>Requisitos<\/h3>\n<h4>REQUISITOS T\u00cdTULO PROFESIONAL (TESIS) ESCUELA PROFESIONAL INGENIERIA GEOF\u00cdSICA<\/h4>\n<ul>\n<li>\u2022 Solicitud dirigida al Decano.<\/li>\n<li>Certificado oficial de Estudios completos original.<\/li>\n<li>Copia Legalizada del Grado de Bachiller.<\/li>\n<li>Certificado negativo de Antecedentes Penales (poder judicial).<\/li>\n<li>Copia actualizada y legalizada de DNI.<\/li>\n<li>Constancia de Bibliotecas (S\/ 8.00 caja UNSA).<\/li>\n<li>Constancia de Seminario Hemeroteca.<\/li>\n<li>Constancia de No adeudar Bienes \u00a0la a Facultad (S\/ 5.00 caja).<\/li>\n<li>Constancia que acredite el dominio de un idioma nacional o extranjero del Centro de Idiomas de la UNAS y\/o Departamento de Literatura y Ling\u00fc\u00edstica (nivel b\u00e1sico \u2013 copia legalizada).<\/li>\n<li>Constancia que acredite el dominio de c\u00f3mputo UNSA(40 horas).<\/li>\n<li>Constancia de Expedito (Secretaria de la Escuela de Geof\u00edsica).<\/li>\n<li>Copia Legalizada Certificado de Trabajo.<\/li>\n<li>Autorizaci\u00f3n de la Empresa si se utilizan datos para la Tesis y\/o Declaraci\u00f3n Jurada ante Notario.<\/li>\n<li>Informe y Resumen del trabajo de Tesis otorgado por el Asesor.<\/li>\n<li>02 fotograf\u00edas tama\u00f1o pasaporte a color fondo blanco.<\/li>\n<li>Recibo S\/. 400.00Cta Bco. BCP 215-1588792-0-19, Cta. Bco. Naci\u00f3n: 00-101-202992.<\/li>\n<li>3 ejemplares de la tesis borrador anillado cada un con Cd.<\/li>\n<\/ul>\n<h4><em>REQUISITOS T\u00cdTULO PROFESIONAL POR SERVICIOS PROFESIONALES ESCUELA PROFESIONAL INGENIERIA GEOF\u00cdSICA<\/em><\/h4>\n<ul>\n<li>Solicitud dirigida al Decano.<\/li>\n<li>Certificado oficial de Estudios completos original.<\/li>\n<li>Copia Legalizada del Grado de Bachiller.<\/li>\n<li>Certificado negativo de Antecedentes Penales (poder judicial).<\/li>\n<li>Copia actualizada y legalizada de DNI.<\/li>\n<li>Constancia de Bibliotecas (S\/ 8.00 caja UNSA).<\/li>\n<li>Constancia de Seminario Hemeroteca.<\/li>\n<li>Constancia de No adeudar Bienes \u00a0la a Facultad (S\/ 5.00 caja).<\/li>\n<li>Constancia que acredite el dominio de un idioma nacional o extranjero del Centro de Idiomas de la UNSAy\/o Departamento de Literatura y Ling\u00fc\u00edstica (nivel b\u00e1sico \u2013 copia legalizada).<\/li>\n<li>Constancia que acredite el dominio de c\u00f3mputo UNSA(40 horas).<\/li>\n<li>Constancia de Expedito (Secretaria de la Escuela de Geof\u00edsica).<\/li>\n<li>Copia Legalizada Certificado de Trabajo 2 a\u00f1os m\u00ednimo.<\/li>\n<li>Autorizaci\u00f3n y\/o Declaraci\u00f3n jurada ante notario p\u00fablico de no uso de datos confidenciales de la Empresa<\/li>\n<li>CV Simple Experiencia alcanzada.<\/li>\n<li>Informe y Resumen del trabajo de Tesis otorgado por el Asesor.<\/li>\n<li>02 fotograf\u00edas tama\u00f1o pasaporte a color fondo blanco.<\/li>\n<li>Recibo S\/. 1927.00 Cta Bco. BCP 215-1588792-0-19, Cta. Bco. Naci\u00f3n: 00-101-202992.<\/li>\n<li>3 ejemplares de la tesis borrador anillado cada un con Cd.<\/li>\n<\/ul>\n","protected":false},"excerpt":{"rendered":"<p>Modalidades El T\u00edtulo Profesional se obtiene con la presentaci\u00f3n de: Una tesis de una investigaci\u00f3n de geof\u00edsica Pura o Aplicada que es sustentada ante un jurado de 03 profesionales de la carrera Un informe de experiencia profesional de la Ingenier\u00eda Geof\u00edsica por 3 a\u00f1os consecutivos, que es sustentado ante un jurado de 03 profesionales de [&hellip;]<\/p>\n","protected":false},"author":1,"featured_media":0,"parent":0,"menu_order":0,"comment_status":"closed","ping_status":"closed","template":"","meta":{"_acf_changed":false,"footnotes":""},"class_list":["post-1287","page","type-page","status-publish","hentry"],"acf":[],"_links":{"self":[{"href":"https:\/\/fggm.unsa.edu.pe\/inggeofisica\/wp-json\/wp\/v2\/pages\/1287","targetHints":{"allow":["GET"]}}],"collection":[{"href":"https:\/\/fggm.unsa.edu.pe\/inggeofisica\/wp-json\/wp\/v2\/pages"}],"about":[{"href":"https:\/\/fggm.unsa.edu.pe\/inggeofisica\/wp-json\/wp\/v2\/types\/page"}],"author":[{"embeddable":true,"href":"https:\/\/fggm.unsa.edu.pe\/inggeofisica\/wp-json\/wp\/v2\/users\/1"}],"replies":[{"embeddable":true,"href":"https:\/\/fggm.unsa.edu.pe\/inggeofisica\/wp-json\/wp\/v2\/comments?post=1287"}],"version-history":[{"count":3,"href":"https:\/\/fggm.unsa.edu.pe\/inggeofisica\/wp-json\/wp\/v2\/pages\/1287\/revisions"}],"predecessor-version":[{"id":1376,"href":"https:\/\/fggm.unsa.edu.pe\/inggeofisica\/wp-json\/wp\/v2\/pages\/1287\/revisions\/1376"}],"wp:attachment":[{"href":"https:\/\/fggm.unsa.edu.pe\/inggeofisica\/wp-json\/wp\/v2\/media?parent=1287"}],"curies":[{"name":"wp","href":"https:\/\/api.w.org\/{rel}","templated":true}]}}