{"id":1292,"date":"2017-09-08T21:04:03","date_gmt":"2017-09-08T21:04:03","guid":{"rendered":"http:\/\/www2.unsa.edu.pe\/escuelas\/inggeofisica\/?page_id=1292"},"modified":"2020-06-22T20:22:48","modified_gmt":"2020-06-23T01:22:48","slug":"instalaciones","status":"publish","type":"page","link":"https:\/\/fggm.unsa.edu.pe\/inggeofisica\/instalaciones\/","title":{"rendered":"Instalaciones"},"content":{"rendered":"<p>Se cuenta con infraestructura f\u00edsica para clases te\u00f3ricas (05 aulas), Ademas de un Centro de c\u00f3mputo para la ense\u00f1anza de software, para el procesamiento de datos geof\u00edsicos.<\/p>\n<p>Se tiene adem\u00e1s Laboratorios de Investigaci\u00f3n para Geof\u00edsica Pura y Aplicada.<\/p>\n<p>El Instituto de Investigaci\u00f3n Geof\u00edsica de la UNSA, es un centro de pr\u00e1cticas de los estudiantes, en ella se llevan a cabo cursos de especialidad te\u00f3rico-practico.<\/p>\n<p>Se cuenta tambi\u00e9n con laboratorios que sirven a la escuela como petrolog\u00eda, mineralog\u00eda, topograf\u00eda, Sensores remotos, mec\u00e1nica de suelos, geolog\u00eda de campo y otros.<\/p>\n<p>La escuela Profesional de Ingenier\u00eda Geof\u00edsica cuenta con una hemeroteca de la facultad de Geolog\u00eda Geof\u00edsica y Minas. Adem\u00e1s la bibliograf\u00eda de geof\u00edsica se encuentra en el Instituto Geof\u00edsico de la UNSA y en la biblioteca central de Ingenier\u00edas.<\/p>\n","protected":false},"excerpt":{"rendered":"<p>Se cuenta con infraestructura f\u00edsica para clases te\u00f3ricas (05 aulas), Ademas de un Centro de c\u00f3mputo para la ense\u00f1anza de software, para el procesamiento de datos geof\u00edsicos. Se tiene adem\u00e1s Laboratorios de Investigaci\u00f3n para Geof\u00edsica Pura y Aplicada. El Instituto de Investigaci\u00f3n Geof\u00edsica de la UNSA, es un centro de pr\u00e1cticas de los estudiantes, en [&hellip;]<\/p>\n","protected":false},"author":1,"featured_media":0,"parent":0,"menu_order":0,"comment_status":"closed","ping_status":"closed","template":"","meta":{"_acf_changed":false,"footnotes":""},"class_list":["post-1292","page","type-page","status-publish","hentry"],"acf":[],"_links":{"self":[{"href":"https:\/\/fggm.unsa.edu.pe\/inggeofisica\/wp-json\/wp\/v2\/pages\/1292","targetHints":{"allow":["GET"]}}],"collection":[{"href":"https:\/\/fggm.unsa.edu.pe\/inggeofisica\/wp-json\/wp\/v2\/pages"}],"about":[{"href":"https:\/\/fggm.unsa.edu.pe\/inggeofisica\/wp-json\/wp\/v2\/types\/page"}],"author":[{"embeddable":true,"href":"https:\/\/fggm.unsa.edu.pe\/inggeofisica\/wp-json\/wp\/v2\/users\/1"}],"replies":[{"embeddable":true,"href":"https:\/\/fggm.unsa.edu.pe\/inggeofisica\/wp-json\/wp\/v2\/comments?post=1292"}],"version-history":[{"count":3,"href":"https:\/\/fggm.unsa.edu.pe\/inggeofisica\/wp-json\/wp\/v2\/pages\/1292\/revisions"}],"predecessor-version":[{"id":2138,"href":"https:\/\/fggm.unsa.edu.pe\/inggeofisica\/wp-json\/wp\/v2\/pages\/1292\/revisions\/2138"}],"wp:attachment":[{"href":"https:\/\/fggm.unsa.edu.pe\/inggeofisica\/wp-json\/wp\/v2\/media?parent=1292"}],"curies":[{"name":"wp","href":"https:\/\/api.w.org\/{rel}","templated":true}]}}