{"id":1596,"date":"2018-07-10T15:08:20","date_gmt":"2018-07-10T20:08:20","guid":{"rendered":"https:\/\/fggm.unsa.edu.pe\/inggeofisica\/?page_id=1596"},"modified":"2018-07-10T15:09:39","modified_gmt":"2018-07-10T20:09:39","slug":"competencias-de-la-carrera","status":"publish","type":"page","link":"https:\/\/fggm.unsa.edu.pe\/inggeofisica\/competencias-de-la-carrera\/","title":{"rendered":"Competencias de la carrera"},"content":{"rendered":"<p>La Escuela Profesional de Ingenier\u00eda Geof\u00edsica, de facultad de Geolog\u00eda, Geof\u00edsica y Minas ha determinado las siguientes competencias gen\u00e9ricas o generales, b\u00e1sicas y espec\u00edficas para formar el futuro ingeniero Geof\u00edsico.<\/p>\n<h4><strong>COMPETENCIAS GEN\u00c9RICAS O GENERALES<\/strong><\/h4>\n<ul>\n<li>Define con certeza los fundamentos f\u00edsicos y matem\u00e1ticos que son como base te\u00f3rica para el aprendizaje del futuro geof\u00edsico con el fin de aplicar estos fundamentos te\u00f3ricos para el entendimiento de los fen\u00f3menos naturales que rigen en la Tierra.<\/li>\n<li>Gestiona su auto-aprendizaje en el desarrollo del conocimiento de su profesi\u00f3n, a fin de lograr su formaci\u00f3n como geof\u00edsico, adapt\u00e1ndose a los cambios del entorno que lo rodea.<\/li>\n<li>Analiza los fundamentos te\u00f3ricos de las ciencias b\u00e1sicas y human\u00edsticas que encaminan su preparaci\u00f3n y formaci\u00f3n como geof\u00edsico, con el objeto de aplicar estos fundamentos te\u00f3ricos en la pr\u00e1ctica, teniendo en cuenta la naturaleza que lo rodea.<\/li>\n<li>Participa en el desarrollo tem\u00e1tico del conocimiento general de las ramas afines a la geof\u00edsica con el objeto de comprender la relaci\u00f3n que estas puedan tener con la geof\u00edsica y el medio ambiente.<\/li>\n<li>Explica ideas y resultados de trabajos profesionales y\/o de investigaci\u00f3n, en forma escrita, oral y en diferentes idiomas, con el fin de que esta pueda ser difundida, para el conocimiento de la humanidad.<\/li>\n<li>Relaciona los conceptos b\u00e1sicos de las ciencias geol\u00f3gicas con la geof\u00edsica, con la finalidad de realizar una correcta interpretaci\u00f3n de los datos geof\u00edsicos con la geolog\u00eda, en su etapa de formaci\u00f3n y\/o el entorno de su desempe\u00f1o profesional.<\/li>\n<li>Abstrae informaci\u00f3n en forma resumida de trabajos de tesis, publicaciones cient\u00edficas, libros o cualquier otro texto de inter\u00e9s relacionado a las ciencias geof\u00edsicas, con el fin de enriquecer sus conocimientos para una mejor interpretaci\u00f3n de los temas estudiados.<\/li>\n<li>Expone en forma clara y precisa sobre temas fiscos y matem\u00e1ticos relacionados a la geof\u00edsica con el fin de impartir conocimiento con sus compa\u00f1eros o el entorno que lo rodea<\/li>\n<\/ul>\n<h4><strong>COMPETENCIAS ESPEC\u00cdFICAS Y DE ESPECIALIDAD<\/strong><\/h4>\n<ul>\n<li>Participa activamente en las pr\u00e1cticas de campo y\/o laboratorio con el uso de instrumentos geof\u00edsicos adecuados, con el objeto de complementar los conocimientos te\u00f3ricos desarrollados y respetando el medio ambiente.<\/li>\n<li>Desarrolla en forma conjunta, diferentes proyectos de investigaci\u00f3n, prestaci\u00f3n de servicios y proyecci\u00f3n social, ya sea geof\u00edsica pura y\/o aplicada, para la soluci\u00f3n de problemas cient\u00edficos de inter\u00e9s econ\u00f3mico para la sociedad.<\/li>\n<li>Planifica trabajos de campo, teniendo en cuenta el m\u00e9todo geof\u00edsico a aplicar, los equipos, la tecnolog\u00eda y la zona de estudio, con el objeto reducir los costos y presupuesto en la etapa de adquisici\u00f3n de datos geof\u00edsicos, considerando la geograf\u00eda y el medio ambiente.<\/li>\n<li>Ejecuta trabajos de campo planificados, utilizando equipos de avanzada tecnolog\u00eda, con la finalidad de obtener datos de alta calidad y estas puedan formar parte del proceso de exploraci\u00f3n de recursos naturales y caracterizaci\u00f3n geof\u00edsica del subsuelo.<\/li>\n<li>Obtiene datos geof\u00edsicos utilizando m\u00e9todos experimentales para medir variables asociadas a los fen\u00f3menos naturales o inducidos, con el fin de que puedan ser analizados e interpretados, para la soluci\u00f3n de problemas relacionados al globo.<\/li>\n<li>Analiza los par\u00e1metros f\u00edsicos y\/o geof\u00edsicos de los datos en estudio, utilizando modelos simplificados e informaci\u00f3n cuantificable, con el fin de definir la secuencia o metodol\u00f3gica para procesar los datos.<\/li>\n<li>Procesa datos geof\u00edsicos de campo y\/o laboratorio a fin de cuantificar las variables f\u00edsicas involucradas en los fen\u00f3menos que ocurren en la Tierra, con el fin de obtener resultados de alta calidad que a posteriori podr\u00e1n ser caracterizados e interpretados.<\/li>\n<li>Caracteriza cuantitativamente y cualitativamente los resultados obtenidos en el procesamiento de datos geof\u00edsicos, para que a posteriori estas puedas ser interpretados y correlacionados con la geolog\u00eda o cualquier otro fen\u00f3meno relacionado a la Tierra.<\/li>\n<li>Interpreta todo tipo de datos geof\u00edsicos y las variables f\u00edsicas asociadas de los resultados obtenidos en el procesamiento, con la finalidad de correlacionar con las propiedades f\u00edsicas de la tierra y la geolog\u00eda, de tal forma se pueda tener datos confiables y veraces para la investigaci\u00f3n y\/o zona de estudio.<\/li>\n<\/ul>\n","protected":false},"excerpt":{"rendered":"<p>La Escuela Profesional de Ingenier\u00eda Geof\u00edsica, de facultad de Geolog\u00eda, Geof\u00edsica y Minas ha determinado las siguientes competencias gen\u00e9ricas o generales, b\u00e1sicas y espec\u00edficas para formar el futuro ingeniero Geof\u00edsico. COMPETENCIAS GEN\u00c9RICAS O GENERALES Define con certeza los fundamentos f\u00edsicos y matem\u00e1ticos que son como base te\u00f3rica para el aprendizaje del futuro geof\u00edsico con el [&hellip;]<\/p>\n","protected":false},"author":1,"featured_media":0,"parent":0,"menu_order":0,"comment_status":"closed","ping_status":"closed","template":"","meta":{"_acf_changed":false,"footnotes":""},"class_list":["post-1596","page","type-page","status-publish","hentry"],"acf":[],"_links":{"self":[{"href":"https:\/\/fggm.unsa.edu.pe\/inggeofisica\/wp-json\/wp\/v2\/pages\/1596","targetHints":{"allow":["GET"]}}],"collection":[{"href":"https:\/\/fggm.unsa.edu.pe\/inggeofisica\/wp-json\/wp\/v2\/pages"}],"about":[{"href":"https:\/\/fggm.unsa.edu.pe\/inggeofisica\/wp-json\/wp\/v2\/types\/page"}],"author":[{"embeddable":true,"href":"https:\/\/fggm.unsa.edu.pe\/inggeofisica\/wp-json\/wp\/v2\/users\/1"}],"replies":[{"embeddable":true,"href":"https:\/\/fggm.unsa.edu.pe\/inggeofisica\/wp-json\/wp\/v2\/comments?post=1596"}],"version-history":[{"count":1,"href":"https:\/\/fggm.unsa.edu.pe\/inggeofisica\/wp-json\/wp\/v2\/pages\/1596\/revisions"}],"predecessor-version":[{"id":1597,"href":"https:\/\/fggm.unsa.edu.pe\/inggeofisica\/wp-json\/wp\/v2\/pages\/1596\/revisions\/1597"}],"wp:attachment":[{"href":"https:\/\/fggm.unsa.edu.pe\/inggeofisica\/wp-json\/wp\/v2\/media?parent=1596"}],"curies":[{"name":"wp","href":"https:\/\/api.w.org\/{rel}","templated":true}]}}