{"id":1796,"date":"2019-08-19T19:07:07","date_gmt":"2019-08-20T00:07:07","guid":{"rendered":"https:\/\/fggm.unsa.edu.pe\/inggeofisica\/?page_id=1796"},"modified":"2023-03-29T11:11:38","modified_gmt":"2023-03-29T16:11:38","slug":"labgeofisica","status":"publish","type":"page","link":"https:\/\/fggm.unsa.edu.pe\/inggeofisica\/instalaciones\/labgeofisica\/","title":{"rendered":"Laboratorio de Geofis\u00edca Pura y Aplicada"},"content":{"rendered":"<p><strong>DESCRIPCI\u00d3N<\/strong><\/p>\n<p>El laboratorio de Geof\u00edsica Pura y Aplicada consta de equipamiento especializado para la adquisici\u00f3n de datos s\u00edsmicos, gravim\u00e9tricos, el\u00e9ctricos, magn\u00e9ticos y magnetoteluricos. Este tipo de datos pueden ser utilizados en la caracterizaci\u00f3n de estructuras del subsuelo a nivel regional y somero, considerando aplicaciones a la miner\u00eda, obras civiles y geotecnia, estudios ambientales e hidrol\u00f3gicos entre otros. Las mediciones generadas en el \u00e1mbito de este laboratorio son normalmente empleadas en tesis y proyectos de titulaci\u00f3n, as\u00ed como tambi\u00e9n en proyectos de investigaci\u00f3n.<\/p>\n<p>&nbsp;<\/p>\n<p><strong>EQUIPAMIENTO GEOF\u00cdSICO<\/strong><\/p>\n<p><img loading=\"lazy\" decoding=\"async\" class=\"wp-image-1891 size-thumbnail alignright\" src=\"https:\/\/fggm.unsa.edu.pe\/inggeofisica\/wp-content\/uploads\/sites\/2\/2020\/06\/geode-88x67.jpg\" alt=\"\" width=\"88\" height=\"67\" srcset=\"https:\/\/fggm.unsa.edu.pe\/inggeofisica\/wp-content\/uploads\/sites\/2\/2020\/06\/geode-88x67.jpg 88w, https:\/\/fggm.unsa.edu.pe\/inggeofisica\/wp-content\/uploads\/sites\/2\/2020\/06\/geode.jpg 610w\" sizes=\"auto, (max-width: 88px) 100vw, 88px\" \/><\/p>\n<hr \/>\n<p><b>SISM\u00d3GRAFO GEODE\u00a0<\/b><b>Marca: <\/b><b>Geometrics,\u00a0<\/b>Este equipo permite hacer registro s\u00edsmico Multi-prop\u00f3sito: refracci\u00f3n, reflexi\u00f3n, MASW y MAM, monitoreo de temblores, estudios marinos, y registro continuo tiene un rango din\u00e1mico de 24-bits, baja distorsi\u00f3n, y monitor de ruido de onda completa.<\/p>\n<hr \/>\n<p><img loading=\"lazy\" decoding=\"async\" class=\"wp-image-1887 size-thumbnail alignleft\" src=\"https:\/\/fggm.unsa.edu.pe\/inggeofisica\/wp-content\/uploads\/sites\/2\/2020\/06\/Vidraequipo-88x67.jpg\" alt=\"\" width=\"88\" height=\"67\" \/><\/p>\n<p><b>SISM\u00d3GRAFO PARA CONTROL DE VIBRACIONES\u00a0<\/b><b>Marca: <\/b><b>Vibracord<\/b><b> FX,\u00a0<\/b>Este equipo est\u00e1 especialmente dise\u00f1ado para la medida de la velocidad de vibraci\u00f3n y son habitualmente empleados en obras de construcci\u00f3n, miner\u00eda, voladuras, demoliciones y otro tipo de trabajos que generen vibraciones en el terreno. Para evitar cualquier riesgo o da\u00f1o, se requiere la medici\u00f3n y an\u00e1lisis de las vibraciones generadas.<\/p>\n<hr \/>\n<p><img loading=\"lazy\" decoding=\"async\" class=\"wp-image-1888 size-thumbnail alignright\" src=\"https:\/\/fggm.unsa.edu.pe\/inggeofisica\/wp-content\/uploads\/sites\/2\/2020\/06\/acelerografo-88x67.jpg\" alt=\"\" width=\"88\" height=\"67\" \/><\/p>\n<p><b>ACELER\u00d3GRAFO\u00a0<\/b><b>Marca: TRIMBLE\u00a0<\/b><b>Modelo: 130-SMHR,\u00a0<\/b>Este equipo es un aceler\u00f3grafo que combina el Digitalizador S\u00edsmico de Banda-ancha 130S-01 y un aceler\u00f3metro de balance de fuerzas de bajo nivel de ruido 147A-01\/3 para proporcionar alto rango din\u00e1mico. Tambi\u00e9n disponible con 3 canales de entrada adicionales. Nos permite hacer Grabaci\u00f3n de campo libre, Monitoreo structural, Monitoreo de presas, Arreglos de construcci\u00f3n, Redes de telemetr\u00eda, Estudios de r\u00e9plicas.<\/p>\n<hr \/>\n<p><img loading=\"lazy\" decoding=\"async\" class=\"wp-image-1894 size-thumbnail alignleft\" src=\"https:\/\/fggm.unsa.edu.pe\/inggeofisica\/wp-content\/uploads\/sites\/2\/2020\/06\/georradar-88x67.jpg\" alt=\"\" width=\"88\" height=\"67\" \/><\/p>\n<p><b>GEORADAR\u00a0<\/b><b>Marca: GSSI\u00a0<\/b><b>Modelo: SIR 4000,\u00a0<\/b>El SIR\u00ae 4000 es el primer sistema de adquisici\u00f3n de datos GPR de alto rendimiento de GSSI, dise\u00f1ado para funcionar con antenas an\u00e1logas y antenas digitales. Con este equipo se pueden hacer Inspecci\u00f3n de estructuras, inspecci\u00f3n de tuber\u00edas, inspecci\u00f3n de pavimentos, arqueolog\u00eda, geolog\u00eda, miner\u00eda. Contamos con: Antena de 900 MHz, Antena de 400 MHz Antena digital 350 MHz, Antena de 100 MHz Antena MLF 16-80 MHz.<\/p>\n<hr \/>\n<p><img loading=\"lazy\" decoding=\"async\" class=\"wp-image-1879 size-thumbnail alignright\" src=\"https:\/\/fggm.unsa.edu.pe\/inggeofisica\/wp-content\/uploads\/sites\/2\/2020\/06\/graviemetro-88x67.jpg\" alt=\"\" width=\"88\" height=\"67\" \/><\/p>\n<p><b>GRAV\u00cdMETRO\u00a0<\/b><b>Marca: <\/b><b>Scintrex\u00a0<\/b><b>Modelos. CG-6 AUTOGRAV,\u00a0<\/b>El CG-6 \u201cAutograv\u201d Gravity Meter es uno de los grav\u00edmetros m\u00e1s vers\u00e1tiles y f\u00e1ciles de usar. Los datos son adquiridos en tiempo real para una evaluaci\u00f3n eficiente en campo y\u00a0 con una resoluci\u00f3n de 0.1 migroGales.<\/p>\n<p>&nbsp;<\/p>\n<hr \/>\n<p><img loading=\"lazy\" decoding=\"async\" class=\"wp-image-1881 size-thumbnail alignleft\" src=\"https:\/\/fggm.unsa.edu.pe\/inggeofisica\/wp-content\/uploads\/sites\/2\/2020\/06\/Magnetometro-88x67.jpg\" alt=\"\" width=\"88\" height=\"67\" \/><\/p>\n<p><b>MAGNET\u00d3METRO\u00a0<\/b>Marca: Gem Systems Modelo: GSM-19W v 7.0,\u00a0Es el magnet\u00f3metro de campo total \/ hoy el gradi\u00f3metro de la opci\u00f3n en los estudos en el ambiente cient\u00edfico de la tierra \u2013 que representa una mezcla \u00fanica de la f\u00edsica, calidad de los datos. magnet\u00f3metros quantum. Este equipo se tiene especial uso en la exploraci\u00f3n minera\u00a0 (Fija y en estaci\u00f3n base Aerotransportado).<\/p>\n<hr \/>\n<p><img loading=\"lazy\" decoding=\"async\" class=\"wp-image-1882 size-thumbnail alignright\" src=\"https:\/\/fggm.unsa.edu.pe\/inggeofisica\/wp-content\/uploads\/sites\/2\/2020\/06\/mtu-88x67.jpg\" alt=\"\" width=\"88\" height=\"67\" \/><\/p>\n<p><b>MAGNETOTEL\u00daRICO\u00a0<\/b><b>Marca: Phoenix\u00a0<\/b><b>Modelo: Receptor MTU-5C,\u00a0<\/b>El MTU es el coraz\u00f3n del Sistema V5 2000. Introducido a fines de la d\u00e9cada de 1990, este sistema patentado ahora se ha utilizado en decenas de miles de sitios de encuestas en todo el mundo. Aplicaciones: Petr\u00f3leo y gas Kimberlitas (diamantes) Investigaci\u00f3n del terremoto.<\/p>\n<p>&nbsp;<\/p>\n<hr \/>\n<p><img loading=\"lazy\" decoding=\"async\" class=\"wp-image-1896 size-thumbnail alignleft\" src=\"https:\/\/fggm.unsa.edu.pe\/inggeofisica\/wp-content\/uploads\/sites\/2\/2020\/06\/tdem4-88x67.jpg\" alt=\"\" width=\"88\" height=\"67\" \/><\/p>\n<p><b>ELECTROMAGN\u00c9TICO TDEM\u00a0<\/b><b>Marca: Phoenix\u00a0<\/b><b>Modelo: V8-6R,\u00a0<\/b>El V8 es la octava generaci\u00f3n de tecnolog\u00eda de receptores desarrollada por Phoenix desde 1975.: Aplicaci\u00f3n: Exploraci\u00f3n &#8211; superficie a 50 km.<\/p>\n<p>&nbsp;<\/p>\n<hr \/>\n<p><img loading=\"lazy\" decoding=\"async\" class=\"wp-image-1889 size-thumbnail alignright\" src=\"https:\/\/fggm.unsa.edu.pe\/inggeofisica\/wp-content\/uploads\/sites\/2\/2020\/06\/fullwaver1-88x67.jpg\" alt=\"\" width=\"88\" height=\"67\" srcset=\"https:\/\/fggm.unsa.edu.pe\/inggeofisica\/wp-content\/uploads\/sites\/2\/2020\/06\/fullwaver1-88x67.jpg 88w, https:\/\/fggm.unsa.edu.pe\/inggeofisica\/wp-content\/uploads\/sites\/2\/2020\/06\/fullwaver1-462x355.jpg 462w\" sizes=\"auto, (max-width: 88px) 100vw, 88px\" \/><\/p>\n<p><b>FULL WAVER 3D\u00a0<\/b><b>Marca: Iris Instruments\u00a0<\/b><b>Modelo: V-<\/b><b>Fullwaver,\u00a0<\/b>FullWaver se desarrollaron espec\u00edficamente para mediciones precisas de polarizaci\u00f3n inducida, resistividad y SP de dominio de tiempo de forma de onda completa. Cada sistema es completamente independiente; Incorpora su propia fuente de alimentaci\u00f3n, m\u00f3dulo GPS y memoria digital para hasta 3 meses de grabaci\u00f3n continua.<\/p>\n<hr \/>\n<p>&nbsp;<\/p>\n","protected":false},"excerpt":{"rendered":"<p>DESCRIPCI\u00d3N El laboratorio de Geof\u00edsica Pura y Aplicada consta de equipamiento especializado para la adquisici\u00f3n de datos s\u00edsmicos, gravim\u00e9tricos, el\u00e9ctricos, magn\u00e9ticos y magnetoteluricos. Este tipo de datos pueden ser utilizados en la caracterizaci\u00f3n de estructuras del subsuelo a nivel regional y somero, considerando aplicaciones a la miner\u00eda, obras civiles y geotecnia, estudios ambientales e hidrol\u00f3gicos [&hellip;]<\/p>\n","protected":false},"author":1,"featured_media":2469,"parent":1292,"menu_order":0,"comment_status":"closed","ping_status":"closed","template":"","meta":{"_acf_changed":false,"footnotes":""},"class_list":["post-1796","page","type-page","status-publish","has-post-thumbnail","hentry"],"acf":[],"_links":{"self":[{"href":"https:\/\/fggm.unsa.edu.pe\/inggeofisica\/wp-json\/wp\/v2\/pages\/1796","targetHints":{"allow":["GET"]}}],"collection":[{"href":"https:\/\/fggm.unsa.edu.pe\/inggeofisica\/wp-json\/wp\/v2\/pages"}],"about":[{"href":"https:\/\/fggm.unsa.edu.pe\/inggeofisica\/wp-json\/wp\/v2\/types\/page"}],"author":[{"embeddable":true,"href":"https:\/\/fggm.unsa.edu.pe\/inggeofisica\/wp-json\/wp\/v2\/users\/1"}],"replies":[{"embeddable":true,"href":"https:\/\/fggm.unsa.edu.pe\/inggeofisica\/wp-json\/wp\/v2\/comments?post=1796"}],"version-history":[{"count":11,"href":"https:\/\/fggm.unsa.edu.pe\/inggeofisica\/wp-json\/wp\/v2\/pages\/1796\/revisions"}],"predecessor-version":[{"id":2468,"href":"https:\/\/fggm.unsa.edu.pe\/inggeofisica\/wp-json\/wp\/v2\/pages\/1796\/revisions\/2468"}],"up":[{"embeddable":true,"href":"https:\/\/fggm.unsa.edu.pe\/inggeofisica\/wp-json\/wp\/v2\/pages\/1292"}],"wp:featuredmedia":[{"embeddable":true,"href":"https:\/\/fggm.unsa.edu.pe\/inggeofisica\/wp-json\/wp\/v2\/media\/2469"}],"wp:attachment":[{"href":"https:\/\/fggm.unsa.edu.pe\/inggeofisica\/wp-json\/wp\/v2\/media?parent=1796"}],"curies":[{"name":"wp","href":"https:\/\/api.w.org\/{rel}","templated":true}]}}