{"id":1902,"date":"2020-06-17T19:24:57","date_gmt":"2020-06-18T00:24:57","guid":{"rendered":"https:\/\/fggm.unsa.edu.pe\/inggeofisica\/?page_id=1902"},"modified":"2025-07-09T14:58:25","modified_gmt":"2025-07-09T19:58:25","slug":"curso-capstone","status":"publish","type":"page","link":"https:\/\/fggm.unsa.edu.pe\/inggeofisica\/curso-capstone\/","title":{"rendered":"Student Chapter"},"content":{"rendered":"<h1 style=\"text-align: center\"><strong>CAP\u00cdTULO ESTUDIANTIL<\/strong><\/h1>\n<h1 style=\"text-align: center\"><strong> STUDENT CHAPTER<\/strong><\/h1>\n<h1 style=\"text-align: center\"><strong> GEOF\u00cdSICA UNSA (SEG)<\/strong><\/h1>\n<p><img loading=\"lazy\" decoding=\"async\" class=\"aligncenter size-full wp-image-1980\" src=\"https:\/\/fggm.unsa.edu.pe\/inggeofisica\/wp-content\/uploads\/sites\/2\/2020\/06\/Studentchapter-1.jpg\" alt=\"\" width=\"338\" height=\"149\" \/><\/p>\n<hr \/>\n<p><strong>ADVISOR:<\/strong><\/p>\n<p>Dr. Armando Adolfo Minaya Liz\u00e1rraga.<\/p>\n<hr \/>\n<hr \/>\n<p><strong>DIRECTIVA<\/strong><\/p>\n<p><strong><em>Presidenta\u00a0 \u00a0 \u00a0 \u00a0 \u00a0 \u00a0 <\/em>:<\/strong>\u00a0 \u00a0 \u00a0 Srta. Milagros Danay Torres Lima<\/p>\n<p><strong><em>Vicepresidente\u00a0 \u00a0<\/em>: \u00a0 \u00a0\u00a0<\/strong>Sr. Angel Julinho Huachaca Bellido<\/p>\n<p><strong><em>Secretaria\u00a0 \u00a0 \u00a0 \u00a0 \u00a0 \u00a0 \u00a0<\/em>:\u00a0 \u00a0 \u00a0<\/strong>Srta. Luciana del Rosario Gallegos Cornejo<\/p>\n<p><strong><em>Tesorero\u00a0 \u00a0 \u00a0 \u00a0 \u00a0 \u00a0 \u00a0 \u00a0 <\/em>:\u00a0 \u00a0 \u00a0<\/strong>Sr. Rivaldo Alberto Ccopa Sanca<\/p>\n<p><em><strong>Publicista\u00a0 <\/strong><\/em>\u00a0 \u00a0 \u00a0 \u00a0 \u00a0 \u00a0 <strong>:<\/strong>\u00a0 \u00a0 \u00a0Srta. Bianca Luz Benites Pampa<\/p>\n<hr \/>\n<hr \/>\n<p><a href=\"https:\/\/www.facebook.com\/SEGStudentChapterGeofisicaUNSA\" target=\"_blank\" rel=\"noopener\">\u00a0 \u00a0 \u00a0 \u00a0 \u00a0 \u00a0 \u00a0 \u00a0 \u00a0 \u00a0 \u00a0 \u00a0 \u00a0 \u00a0<img loading=\"lazy\" decoding=\"async\" class=\"alignnone\" src=\"https:\/\/www.facebook.com\/images\/fb_icon_325x325.png\" alt=\"Facebook - Inicia sesi\u00f3n o reg\u00edstrate\" width=\"43\" height=\"43\" \/><\/a>\u00a0 \u00a0 \u00a0 \u00a0 \u00a0 \u00a0 \u00a0 \u00a0 \u00a0 \u00a0 \u00a0 \u00a0 \u00a0 \u00a0 \u00a0 \u00a0 \u00a0 \u00a0 \u00a0 \u00a0 \u00a0 \u00a0 \u00a0 \u00a0 \u00a0 \u00a0 \u00a0 \u00a0 \u00a0 \u00a0 \u00a0 \u00a0 \u00a0 \u00a0 \u00a0 \u00a0 \u00a0 \u00a0 \u00a0 \u00a0 \u00a0 \u00a0 <img loading=\"lazy\" decoding=\"async\" class=\"alignnone\" src=\"https:\/\/upload.wikimedia.org\/wikipedia\/commons\/thumb\/7\/7e\/Gmail_icon_%282020%29.svg\/320px-Gmail_icon_%282020%29.svg.png\" alt=\"Gmail - Wikipedia, la enciclopedia libre\" width=\"48\" height=\"36\" \/><\/p>\n<p><em>\u00a0 <a href=\"https:\/\/www.facebook.com\/SEGStudentChapterGeofisicaUNSA\">SEG Student Chapter Geofisica UNSA<\/a>\u00a0 \u00a0 \u00a0 \u00a0 \u00a0 \u00a0 \u00a0 \u00a0 \u00a0 \u00a0 \u00a0 \u00a0 \u00a0 <a href=\"mailto:seg.studentchapter.unsa@gmail.com\">seg.studentchapter.unsa@gmail.com<\/a><\/em><\/p>\n<hr \/>\n<hr \/>\n<h2><strong>CONFERENCIAS Y SALIDAS A CAMPO<\/strong><\/h2>\n<h5><img loading=\"lazy\" decoding=\"async\" class=\"wp-image-2182 alignleft\" src=\"https:\/\/fggm.unsa.edu.pe\/inggeofisica\/wp-content\/uploads\/sites\/2\/2020\/06\/SEG_GF_PORT1.jpg\" alt=\"\" width=\"548\" height=\"308\" srcset=\"https:\/\/fggm.unsa.edu.pe\/inggeofisica\/wp-content\/uploads\/sites\/2\/2020\/06\/SEG_GF_PORT1.jpg 1280w, https:\/\/fggm.unsa.edu.pe\/inggeofisica\/wp-content\/uploads\/sites\/2\/2020\/06\/SEG_GF_PORT1-360x203.jpg 360w, https:\/\/fggm.unsa.edu.pe\/inggeofisica\/wp-content\/uploads\/sites\/2\/2020\/06\/SEG_GF_PORT1-768x432.jpg 768w\" sizes=\"auto, (max-width: 548px) 100vw, 548px\" \/><\/h5>\n<h5><img loading=\"lazy\" decoding=\"async\" class=\"wp-image-2183 alignleft\" src=\"https:\/\/fggm.unsa.edu.pe\/inggeofisica\/wp-content\/uploads\/sites\/2\/2020\/06\/SEG_GF_PORT2-1.jpg\" alt=\"\" width=\"542\" height=\"305\" srcset=\"https:\/\/fggm.unsa.edu.pe\/inggeofisica\/wp-content\/uploads\/sites\/2\/2020\/06\/SEG_GF_PORT2-1.jpg 1280w, https:\/\/fggm.unsa.edu.pe\/inggeofisica\/wp-content\/uploads\/sites\/2\/2020\/06\/SEG_GF_PORT2-1-360x203.jpg 360w, https:\/\/fggm.unsa.edu.pe\/inggeofisica\/wp-content\/uploads\/sites\/2\/2020\/06\/SEG_GF_PORT2-1-768x432.jpg 768w\" sizes=\"auto, (max-width: 542px) 100vw, 542px\" \/><\/h5>\n<h6><\/h6>\n<h2><\/h2>\n<h2><\/h2>\n<h2><\/h2>\n<p>&nbsp;<\/p>\n<h2><\/h2>\n<p>&nbsp;<\/p>\n<p>&nbsp;<\/p>\n<p><img loading=\"lazy\" decoding=\"async\" class=\"wp-image-2187 alignleft\" src=\"https:\/\/fggm.unsa.edu.pe\/inggeofisica\/wp-content\/uploads\/sites\/2\/2020\/06\/SEG_GF_PORT3.jpg\" alt=\"\" width=\"555\" height=\"312\" srcset=\"https:\/\/fggm.unsa.edu.pe\/inggeofisica\/wp-content\/uploads\/sites\/2\/2020\/06\/SEG_GF_PORT3.jpg 1280w, https:\/\/fggm.unsa.edu.pe\/inggeofisica\/wp-content\/uploads\/sites\/2\/2020\/06\/SEG_GF_PORT3-360x203.jpg 360w, https:\/\/fggm.unsa.edu.pe\/inggeofisica\/wp-content\/uploads\/sites\/2\/2020\/06\/SEG_GF_PORT3-768x432.jpg 768w\" sizes=\"auto, (max-width: 555px) 100vw, 555px\" \/><\/p>\n<p><img loading=\"lazy\" decoding=\"async\" class=\"wp-image-2185 alignleft\" src=\"https:\/\/fggm.unsa.edu.pe\/inggeofisica\/wp-content\/uploads\/sites\/2\/2020\/06\/SEG_GF_PORT4.jpg\" alt=\"\" width=\"551\" height=\"310\" srcset=\"https:\/\/fggm.unsa.edu.pe\/inggeofisica\/wp-content\/uploads\/sites\/2\/2020\/06\/SEG_GF_PORT4.jpg 1280w, https:\/\/fggm.unsa.edu.pe\/inggeofisica\/wp-content\/uploads\/sites\/2\/2020\/06\/SEG_GF_PORT4-360x203.jpg 360w, https:\/\/fggm.unsa.edu.pe\/inggeofisica\/wp-content\/uploads\/sites\/2\/2020\/06\/SEG_GF_PORT4-768x432.jpg 768w\" sizes=\"auto, (max-width: 551px) 100vw, 551px\" \/><\/p>\n<p>&nbsp;<\/p>\n<p>&nbsp;<\/p>\n<table style=\"width: 95%\" border=\"0\" cellpadding=\"0\" bgcolor=\"#ffffff\">\n<tbody>\n<tr>\n<td><\/td>\n<td><\/td>\n<td><\/td>\n<\/tr>\n<\/tbody>\n<\/table>\n","protected":false},"excerpt":{"rendered":"<p>CAP\u00cdTULO ESTUDIANTIL STUDENT CHAPTER GEOF\u00cdSICA UNSA (SEG) ADVISOR: Dr. Armando Adolfo Minaya Liz\u00e1rraga. DIRECTIVA Presidenta\u00a0 \u00a0 \u00a0 \u00a0 \u00a0 \u00a0 :\u00a0 \u00a0 \u00a0 Srta. Milagros Danay Torres Lima Vicepresidente\u00a0 \u00a0: \u00a0 \u00a0\u00a0Sr. Angel Julinho Huachaca Bellido Secretaria\u00a0 \u00a0 \u00a0 \u00a0 \u00a0 \u00a0 \u00a0:\u00a0 \u00a0 \u00a0Srta. Luciana del Rosario Gallegos Cornejo Tesorero\u00a0 \u00a0 \u00a0 \u00a0 \u00a0 [&hellip;]<\/p>\n","protected":false},"author":1,"featured_media":2177,"parent":0,"menu_order":0,"comment_status":"closed","ping_status":"closed","template":"","meta":{"_acf_changed":false,"footnotes":""},"class_list":["post-1902","page","type-page","status-publish","has-post-thumbnail","hentry"],"acf":[],"_links":{"self":[{"href":"https:\/\/fggm.unsa.edu.pe\/inggeofisica\/wp-json\/wp\/v2\/pages\/1902","targetHints":{"allow":["GET"]}}],"collection":[{"href":"https:\/\/fggm.unsa.edu.pe\/inggeofisica\/wp-json\/wp\/v2\/pages"}],"about":[{"href":"https:\/\/fggm.unsa.edu.pe\/inggeofisica\/wp-json\/wp\/v2\/types\/page"}],"author":[{"embeddable":true,"href":"https:\/\/fggm.unsa.edu.pe\/inggeofisica\/wp-json\/wp\/v2\/users\/1"}],"replies":[{"embeddable":true,"href":"https:\/\/fggm.unsa.edu.pe\/inggeofisica\/wp-json\/wp\/v2\/comments?post=1902"}],"version-history":[{"count":32,"href":"https:\/\/fggm.unsa.edu.pe\/inggeofisica\/wp-json\/wp\/v2\/pages\/1902\/revisions"}],"predecessor-version":[{"id":3393,"href":"https:\/\/fggm.unsa.edu.pe\/inggeofisica\/wp-json\/wp\/v2\/pages\/1902\/revisions\/3393"}],"wp:featuredmedia":[{"embeddable":true,"href":"https:\/\/fggm.unsa.edu.pe\/inggeofisica\/wp-json\/wp\/v2\/media\/2177"}],"wp:attachment":[{"href":"https:\/\/fggm.unsa.edu.pe\/inggeofisica\/wp-json\/wp\/v2\/media?parent=1902"}],"curies":[{"name":"wp","href":"https:\/\/api.w.org\/{rel}","templated":true}]}}