{"id":1953,"date":"2020-06-18T16:23:06","date_gmt":"2020-06-18T21:23:06","guid":{"rendered":"https:\/\/fggm.unsa.edu.pe\/inggeofisica\/?page_id=1953"},"modified":"2025-07-10T14:37:25","modified_gmt":"2025-07-10T19:37:25","slug":"comite-de-acreditacion","status":"publish","type":"page","link":"https:\/\/fggm.unsa.edu.pe\/inggeofisica\/comite-de-acreditacion\/","title":{"rendered":"Comit\u00e9 de Acreditaci\u00f3n"},"content":{"rendered":"<h3><strong>Nombre y cargo del responsable de la presentaci\u00f3n del Informe de Autoestudio Comisi\u00f3n de Acreditaci\u00f3n<\/strong><\/h3>\n<p>&nbsp;<\/p>\n<table style=\"height: 260px;width: 90%;margin-left: auto;margin-right: auto\" width=\"90%\">\n<thead>\n<tr style=\"height: 40px\">\n<td style=\"width: 8.81834%;height: 40px\" width=\"46\"><strong>Nro.<\/strong><\/td>\n<td style=\"width: 53.4392%;height: 40px\" width=\"284\"><strong>Nombres y Apellidos<\/strong><\/td>\n<td style=\"width: 19.224%;height: 40px\" width=\"94\"><strong>Grado Acad\u00e9mico<\/strong><\/td>\n<td style=\"width: 18.6949%;height: 40px\" width=\"96\"><strong>Cargo<\/strong><\/td>\n<\/tr>\n<\/thead>\n<tbody>\n<tr style=\"height: 20px\">\n<td style=\"width: 8.81834%;height: 20px\" width=\"46\"><strong>1<\/strong><\/td>\n<td style=\"width: 53.4392%;height: 20px\" width=\"284\">Jorge Aurelio Soto V\u00e1squez<\/td>\n<td style=\"width: 19.224%;height: 20px\" width=\"94\">Doctor<\/td>\n<td style=\"width: 18.6949%;height: 20px\" width=\"96\">Miembro<\/td>\n<\/tr>\n<tr style=\"height: 20px\">\n<td style=\"width: 8.81834%;height: 20px\" width=\"46\"><strong>2<\/strong><\/td>\n<td style=\"width: 53.4392%;height: 20px\" width=\"284\">Armando Adolfo Minaya Liz\u00e1rraga<\/td>\n<td style=\"width: 19.224%;height: 20px\" width=\"94\">Doctor<\/td>\n<td style=\"width: 18.6949%;height: 20px\" width=\"96\">Miembro<\/td>\n<\/tr>\n<tr style=\"height: 20px\">\n<td style=\"width: 8.81834%;height: 20px\" width=\"46\"><strong>3<\/strong><\/td>\n<td style=\"width: 53.4392%;height: 20px\" width=\"284\">Orlando Macedo S\u00e1nchez<\/td>\n<td style=\"width: 19.224%;height: 20px\" width=\"94\">Doctor<\/td>\n<td style=\"width: 18.6949%;height: 20px\" width=\"96\">Miembro<\/td>\n<\/tr>\n<tr style=\"height: 20px\">\n<td style=\"width: 8.81834%;height: 20px\" width=\"46\"><strong>4<\/strong><\/td>\n<td style=\"width: 53.4392%;height: 20px\" width=\"284\">Herm\u00f3genes Edgard Gonzales Zenteno<\/td>\n<td style=\"width: 19.224%;height: 20px\" width=\"94\">Magister<\/td>\n<td style=\"width: 18.6949%;height: 20px\" width=\"96\">Coordinador<\/td>\n<\/tr>\n<tr style=\"height: 20px\">\n<td style=\"width: 8.81834%;height: 20px\" width=\"46\"><strong>5<\/strong><\/td>\n<td style=\"width: 53.4392%;height: 20px\" width=\"284\">Sebasti\u00e1n Adolfo Z\u00fa\u00f1iga Medina<\/td>\n<td style=\"width: 19.224%;height: 20px\" width=\"94\">Magister<\/td>\n<td style=\"width: 18.6949%;height: 20px\" width=\"96\">Miembro<\/td>\n<\/tr>\n<tr style=\"height: 20px\">\n<td style=\"width: 8.81834%;height: 20px\" width=\"46\"><strong>6<\/strong><\/td>\n<td style=\"width: 53.4392%;height: 20px\" width=\"284\">Javier Ticona Paucara<\/td>\n<td style=\"width: 19.224%;height: 20px\" width=\"94\">Magister<\/td>\n<td style=\"width: 18.6949%;height: 20px\" width=\"96\">Miembro<\/td>\n<\/tr>\n<tr style=\"height: 20px\">\n<td style=\"width: 8.81834%;height: 20px\" width=\"46\"><strong>7<\/strong><\/td>\n<td style=\"width: 53.4392%;height: 20px\" width=\"284\">Nino Puma Sacsi<\/td>\n<td style=\"width: 19.224%;height: 20px\" width=\"94\">Magister<\/td>\n<td style=\"width: 18.6949%;height: 20px\" width=\"96\">Miembro<\/td>\n<\/tr>\n<tr style=\"height: 20px\">\n<td style=\"width: 8.81834%;height: 20px\" width=\"46\"><strong>8<\/strong><\/td>\n<td style=\"width: 53.4392%;height: 20px\" width=\"284\">Juan Portilla Alvarado<\/td>\n<td style=\"width: 19.224%;height: 20px\" width=\"94\">Magister<\/td>\n<td style=\"width: 18.6949%;height: 20px\" width=\"96\">Miembro<\/td>\n<\/tr>\n<tr style=\"height: 20px\">\n<td style=\"width: 8.81834%;height: 20px\" width=\"46\"><strong>9<\/strong><\/td>\n<td style=\"width: 53.4392%;height: 20px\" width=\"284\">Crist\u00f3bal Condori Quispe<\/td>\n<td style=\"width: 19.224%;height: 20px\" width=\"94\">Doctor<\/td>\n<td style=\"width: 18.6949%;height: 20px\" width=\"96\">Miembro<\/td>\n<\/tr>\n<tr style=\"height: 20px\">\n<td style=\"width: 8.81834%;height: 20px\" width=\"46\"><strong>10<\/strong><\/td>\n<td style=\"width: 53.4392%;height: 20px\" width=\"284\">Teresa E. M. Guzman Salas<\/td>\n<td style=\"width: 19.224%;height: 20px\" width=\"94\">Licenciada<\/td>\n<td style=\"width: 18.6949%;height: 20px\" width=\"96\">Miembro<\/td>\n<\/tr>\n<\/tbody>\n<\/table>\n<h3><\/h3>\n<h3>Reuniones Virtuales <span style=\"font-size: 18.72px\">v\u00eda<\/span>\u00a0MEET<\/h3>\n<table cellspacing=\"0\" cellpadding=\"0\">\n<tbody>\n<tr>\n<td>Reuni\u00f3n Acreditaci\u00f3n Programa Acad\u00e9mico de Ing. Geof\u00edsica (2020-06-17 at 16:04 GMT-7)<\/td>\n<\/tr>\n<tr>\n<td><\/td>\n<\/tr>\n<tr>\n<td>Reuni\u00f3n Acreditaci\u00f3n Programa Acad\u00e9mico de Ing<a href=\"https:\/\/drive.google.com\/open?id=1Lgj-3nBIMu8e2krGJKVEMRVjssWb7RSd\" target=\"_blank\" rel=\"noopener\" data-saferedirecturl=\"https:\/\/www.google.com\/url?q=https:\/\/drive.google.com\/open?id%3D1Lgj-3nBIMu8e2krGJKVEMRVjssWb7RSd&amp;source=gmail&amp;ust=1593739764162000&amp;usg=AFQjCNHONZ3_Ig8KXJcayWDMlnd4pcOGew\">. <\/a>Geof\u00edsica (2020-06-19 at 18:07 GMT-7)<\/td>\n<\/tr>\n<tr>\n<td><\/td>\n<\/tr>\n<tr>\n<td>Reuni\u00f3n Acreditaci\u00f3n Programa Acad\u00e9mico de Ing. Geof\u00edsica (2020-06-22 at 18:06 GMT-7)<\/td>\n<\/tr>\n<tr>\n<td><\/td>\n<\/tr>\n<tr>\n<td>Reuni\u00f3n Acreditaci\u00f3n Programa Acad\u00e9mico de Ing. Geof\u00edsica (2020-06-24 at 18:08 GMT-7)<\/td>\n<\/tr>\n<tr>\n<td><\/td>\n<\/tr>\n<tr>\n<td>Reuni\u00f3n Acreditaci\u00f3n Programa Acad\u00e9mico de Ing. Geof\u00edsica (2020-06-26 at 19:56 GMT-7)<\/td>\n<\/tr>\n<tr>\n<td><\/td>\n<\/tr>\n<\/tbody>\n<\/table>\n","protected":false},"excerpt":{"rendered":"<p>Nombre y cargo del responsable de la presentaci\u00f3n del Informe de Autoestudio Comisi\u00f3n de Acreditaci\u00f3n &nbsp; Nro. Nombres y Apellidos Grado Acad\u00e9mico Cargo 1 Jorge Aurelio Soto V\u00e1squez Doctor Miembro 2 Armando Adolfo Minaya Liz\u00e1rraga Doctor Miembro 3 Orlando Macedo S\u00e1nchez Doctor Miembro 4 Herm\u00f3genes Edgard Gonzales Zenteno Magister Coordinador 5 Sebasti\u00e1n Adolfo Z\u00fa\u00f1iga Medina [&hellip;]<\/p>\n","protected":false},"author":1,"featured_media":2098,"parent":0,"menu_order":0,"comment_status":"closed","ping_status":"closed","template":"","meta":{"_acf_changed":false,"footnotes":""},"class_list":["post-1953","page","type-page","status-publish","has-post-thumbnail","hentry"],"acf":[],"_links":{"self":[{"href":"https:\/\/fggm.unsa.edu.pe\/inggeofisica\/wp-json\/wp\/v2\/pages\/1953","targetHints":{"allow":["GET"]}}],"collection":[{"href":"https:\/\/fggm.unsa.edu.pe\/inggeofisica\/wp-json\/wp\/v2\/pages"}],"about":[{"href":"https:\/\/fggm.unsa.edu.pe\/inggeofisica\/wp-json\/wp\/v2\/types\/page"}],"author":[{"embeddable":true,"href":"https:\/\/fggm.unsa.edu.pe\/inggeofisica\/wp-json\/wp\/v2\/users\/1"}],"replies":[{"embeddable":true,"href":"https:\/\/fggm.unsa.edu.pe\/inggeofisica\/wp-json\/wp\/v2\/comments?post=1953"}],"version-history":[{"count":10,"href":"https:\/\/fggm.unsa.edu.pe\/inggeofisica\/wp-json\/wp\/v2\/pages\/1953\/revisions"}],"predecessor-version":[{"id":3399,"href":"https:\/\/fggm.unsa.edu.pe\/inggeofisica\/wp-json\/wp\/v2\/pages\/1953\/revisions\/3399"}],"wp:featuredmedia":[{"embeddable":true,"href":"https:\/\/fggm.unsa.edu.pe\/inggeofisica\/wp-json\/wp\/v2\/media\/2098"}],"wp:attachment":[{"href":"https:\/\/fggm.unsa.edu.pe\/inggeofisica\/wp-json\/wp\/v2\/media?parent=1953"}],"curies":[{"name":"wp","href":"https:\/\/api.w.org\/{rel}","templated":true}]}}