{"id":1957,"date":"2020-06-18T16:33:57","date_gmt":"2020-06-18T21:33:57","guid":{"rendered":"https:\/\/fggm.unsa.edu.pe\/inggeofisica\/?page_id=1957"},"modified":"2020-08-10T19:19:13","modified_gmt":"2020-08-11T00:19:13","slug":"biblioteca-virtual","status":"publish","type":"page","link":"https:\/\/fggm.unsa.edu.pe\/inggeofisica\/biblioteca-virtual\/","title":{"rendered":"Biblioteca Virtual"},"content":{"rendered":"<p align=\"justify\">Bienvenido a nuestro Sistema de Bibliotecas de la Universidad Nacional de San Agust\u00edn de Arequipa, aqu\u00ed podr\u00e1n buscar libros, revistas, tesis, etc. que han sido catalogados con el fin de que pueda acceder de forma r\u00e1pida al material que esta buscando.<\/p>\n<h2><a href=\"http:\/\/bibliotecavirtual.unsa.edu.pe:8009\/\" target=\"_blank\" rel=\"noopener\"><strong>Biblioteca Virtual UNSA<\/strong><\/a><\/h2>\n<h3><a href=\"https:\/\/youtu.be\/XJEz9_H5-kM\" target=\"_blank\" rel=\"noopener\">\u00bfC\u00f3mo Registrarme en la Web of Science?<\/a><\/h3>\n<h3><a href=\"http:\/\/www.scopus.com\/\" target=\"_blank\" rel=\"noopener\">Para usar Scopus es necesario Registrarse con Correo UNSA.<\/a><\/h3>\n<p>&nbsp;<\/p>\n<h2><strong>Acceso a bases de datos a texto completo en suscripci\u00f3n<\/strong><\/h2>\n<p>&nbsp;<\/p>\n<p><a href=\"http:\/\/login.webofknowledge.com\/error\/Error?Error=IPError&amp;PathInfo=%2F&amp;RouterURL=http%3A%2F%2Fwww.webofknowledge.com%2F&amp;Domain=.webofknowledge.com&amp;Src=IP&amp;Alias=WOK5\" target=\"_blank\" rel=\"noopener\"><img loading=\"lazy\" decoding=\"async\" src=\"https:\/\/scontent.faqp1-1.fna.fbcdn.net\/v\/t1.0-9\/116669300_3227911043898111_4924791508235674320_n.jpg?_nc_cat=107&amp;_nc_sid=d4cf07&amp;_nc_eui2=AeHxT56HtUxJNu50gGRMu8N9b0GS6wF2UOtvQZLrAXZQ67bcQB8JulBa4Nj5775CdWnCqU2-D45hLSmYGyIaf1At&amp;_nc_ohc=_NyGQwzaOd4AX9zpRGy&amp;_nc_ht=scontent.faqp1-1.fna&amp;oh=b679565aabd74667b53640207fd9c761&amp;oe=5F4555A7\" alt=\"\" width=\"205\" height=\"95\" \/>\u00a0<\/a><a href=\"http:\/\/www.scopus.com\/\" target=\"_blank\" rel=\"noopener\"><img loading=\"lazy\" decoding=\"async\" src=\"https:\/\/scontent.faqp1-1.fna.fbcdn.net\/v\/t1.0-9\/116707081_3227911037231445_2427494232442912753_n.jpg?_nc_cat=105&amp;_nc_sid=d4cf07&amp;_nc_eui2=AeFeUvfzJSmhYspD1ZjkAaW7izHmeUwbcsiLMeZ5TBtyyI6L00vQ6AXxCOzkVxnI4ODa4wztvSVPGH8uiPToHV2C&amp;_nc_ohc=D-Y1CqvXHZAAX8dXOpB&amp;_nc_ht=scontent.faqp1-1.fna&amp;oh=e27c8712e38a1699fb1509f6c00cd526&amp;oe=5F48F5F0\" alt=\"\" width=\"205\" height=\"95\" \/><\/a><a href=\"http:\/\/login.webofknowledge.com\/error\/Error?Error=IPError&amp;PathInfo=%2F&amp;RouterURL=http%3A%2F%2Fwww.webofknowledge.com%2F&amp;Domain=.webofknowledge.com&amp;Src=IP&amp;Alias=WOK5\" target=\"_blank\" rel=\"noopener\">\u00a0<\/a><a href=\"http:\/\/repositorio.unsa.edu.pe\/\" target=\"_blank\" rel=\"noopener\"><img loading=\"lazy\" decoding=\"async\" src=\"https:\/\/scontent.faqp1-1.fna.fbcdn.net\/v\/t1.0-9\/116697300_3227911047231444_2438629269103577702_n.jpg?_nc_cat=104&amp;_nc_sid=d4cf07&amp;_nc_eui2=AeEnXtVNeShP201PIcE3hvXpefvS-aFWznB5-9L5oVbOcKT8kXd5aCVxMdBQ7IjwCFf0GYHqX3wXUA3JLh6FIGYt&amp;_nc_ohc=8-g4Rk80lrwAX_X8X9A&amp;_nc_oc=AQmYnidRuZyvhPEVfu38QzvLuZAQA3SNW3_Wv3-2PRRip6frAfsWwbN9zb5nR3y6tMaHp0gZvoQ0SuDILiOOtjUx&amp;_nc_ht=scontent.faqp1-1.fna&amp;oh=877549302b3eba1cdcd1406397b10a6c&amp;oe=5F4582EF\" alt=\"\" width=\"205\" height=\"95\" \/><\/a><\/p>\n<p>&nbsp;<\/p>\n<h2><strong>Acceso a bases de datos a texto completo de Acceso Libre<\/strong><\/h2>\n<p><a href=\"https:\/\/scielo.org\/es\" target=\"_blank\" rel=\"noopener\"><img loading=\"lazy\" decoding=\"async\" src=\"https:\/\/scontent.faqp1-1.fna.fbcdn.net\/v\/t1.0-9\/100530144_3060826670606550_2646700774989496320_n.jpg?_nc_cat=102&amp;_nc_sid=d4cf07&amp;_nc_eui2=AeH40VG4qsS6u04yodvAvi722_g2-AeJSv7b-Db4B4lK_lH3bzghFV8MZWQX7O01BA_AcfnGzubicR9qFLkV6VIy&amp;_nc_ohc=gwEq2aoqJ7QAX89VqyB&amp;_nc_ht=scontent.faqp1-1.fna&amp;oh=f94209944420f72b53b2abe0c8370552&amp;oe=5F46A7DD\" alt=\"D\" width=\"205\" height=\"108\" \/><\/a>\u00a0<a href=\"https:\/\/www.latindex.org\/latindex\/inicio\" target=\"_blank\" rel=\"noopener\"><img loading=\"lazy\" decoding=\"async\" src=\"https:\/\/scontent.faqp1-1.fna.fbcdn.net\/v\/t1.0-9\/101687729_3060826547273229_8027656418708422656_n.jpg?_nc_cat=103&amp;_nc_sid=d4cf07&amp;_nc_eui2=AeG4jubuFFVpwNeju_gYvr-x3Tfflg2jcu3dN9-WDaNy7cvlWtGT3Qp-PE-IJTcJvsjxIOMYGG0H2RaV_7CRilym&amp;_nc_ohc=ZxbwObCK85wAX9Keui9&amp;_nc_ht=scontent.faqp1-1.fna&amp;oh=5b761d7154096aa778f4a162cdd7a78a&amp;oe=5F468073\" alt=\"5\" width=\"205\" height=\"106\" \/><\/a>\u00a0\u00a0<a href=\"https:\/\/www.redalyc.org\/\" target=\"_blank\" rel=\"noopener\"><img loading=\"lazy\" decoding=\"async\" src=\"https:\/\/scontent.faqp1-1.fna.fbcdn.net\/v\/t1.0-9\/101024337_3060826623939888_1532505319748403200_n.jpg?_nc_cat=105&amp;_nc_sid=d4cf07&amp;_nc_eui2=AeHPkfSsoxx7BNThsr-MdHcUFAu9-OP11ooUC7344_XWiiexUmWVDBtrgCDA9YcC_KCOCB7TnhK_Rosw57g10_yQ&amp;_nc_ohc=ymM9Jq-xIJ4AX-tWc0P&amp;_nc_ht=scontent.faqp1-1.fna&amp;oh=7d695059b3218cb828154a39a2a63f39&amp;oe=5F47A016\" alt=\"2\" width=\"205\" height=\"106\" \/><\/a><\/p>\n<p><a href=\"https:\/\/dialnet.unirioja.es\/?fbclid=IwAR27r7EwPD5mDsCV5cWdmfzYuqKqghEkKcsKOV5e8Tj4lE0DFi_gzLpQXms\" target=\"_blank\" rel=\"noopener\"><img loading=\"lazy\" decoding=\"async\" src=\"https:\/\/scontent.faqp1-1.fna.fbcdn.net\/v\/t1.0-9\/100670821_3060826470606570_3584888015173976064_n.jpg?_nc_cat=108&amp;_nc_sid=d4cf07&amp;_nc_eui2=AeGHREzDPhwvJYDoe-5SYfFF4MntNYwjRPvgye01jCNE-4j3tcpKPsRXj6VsEDrSgBlTpe8L5SCTFIQJA8e3yic7&amp;_nc_ohc=b8UpwWsr0YUAX-Gvkt_&amp;_nc_ht=scontent.faqp1-1.fna&amp;oh=564985ce77512466d0ec78effb674654&amp;oe=5F45479F\" alt=\"2\" width=\"205\" height=\"106\" \/>\u00a0<\/a><a href=\"http:\/\/bvcyt.concytec.gob.pe\/\" target=\"_blank\" rel=\"noopener\"><img loading=\"lazy\" decoding=\"async\" src=\"https:\/\/scontent.faqp1-1.fna.fbcdn.net\/v\/t1.0-9\/100941494_3060826443939906_8816450458521436160_n.jpg?_nc_cat=102&amp;_nc_sid=d4cf07&amp;_nc_eui2=AeHIQbcZBMS2s5grbLkXhiHlvb6Ic3atIsW9vohzdq0ixbfnjpAMAP4yf4I-5FFNCMGCL9Eb8pDfPOmVVX3SclfT&amp;_nc_ohc=yQaXkSdx770AX9AxVKg&amp;_nc_ht=scontent.faqp1-1.fna&amp;oh=efc40283193dba3b5ddc395a9efb9aa8&amp;oe=5F459FCB\" alt=\"7\" width=\"205\" height=\"95\" \/><\/a><a href=\"https:\/\/dialnet.unirioja.es\/?fbclid=IwAR27r7EwPD5mDsCV5cWdmfzYuqKqghEkKcsKOV5e8Tj4lE0DFi_gzLpQXms\" target=\"_blank\" rel=\"noopener\">\u00a0<\/a><a href=\"https:\/\/www.wdl.org\/es\/\" target=\"_blank\" rel=\"noopener\"><img loading=\"lazy\" decoding=\"async\" src=\"https:\/\/scontent.faqp1-1.fna.fbcdn.net\/v\/t1.0-9\/101403643_3060826380606579_5641886151175307264_n.jpg?_nc_cat=103&amp;_nc_sid=d4cf07&amp;_nc_eui2=AeG25Kjmt51ivxL6mwGONoOaA4ogZ2nW5gYDiiBnadbmBstJGs_bKqrAOwqz2yHZ2ZpTYr39MrCflKbCiVeWrKpT&amp;_nc_ohc=Cdk4R2Hj_FQAX-ulOQ0&amp;_nc_ht=scontent.faqp1-1.fna&amp;oh=7e7ba1f23d22fb07fcad318a48dabf12&amp;oe=5F45B1AD\" alt=\"R\" width=\"209\" height=\"110\" \/><\/a><\/p>\n<p><a href=\"https:\/\/lilacs.bvsalud.org\/es\/\" target=\"_blank\" rel=\"noopener\"><img loading=\"lazy\" decoding=\"async\" src=\"https:\/\/scontent.faqp1-1.fna.fbcdn.net\/v\/t1.0-9\/100873421_3060826557273228_2418702427491401728_n.jpg?_nc_cat=104&amp;_nc_sid=d4cf07&amp;_nc_eui2=AeG9uNjoLXpuNs1ZXJX2mwGthchqMNi2SPOFyGow2LZI8z9WDymY41e63J5CFslFVwq2PBKiWLZbKPP6Py_Ac5cY&amp;_nc_ohc=A5uTuJX3daoAX89lvth&amp;_nc_ht=scontent.faqp1-1.fna&amp;oh=87f7b6d058d195d05421c967fdd17d2e&amp;oe=5F488E88\" alt=\"2\" width=\"205\" height=\"106\" \/><\/a>\u00a0<a href=\"https:\/\/pubmed.ncbi.nlm.nih.gov\/\" target=\"_blank\" rel=\"noopener\"><img loading=\"lazy\" decoding=\"async\" src=\"https:\/\/scontent.faqp1-1.fna.fbcdn.net\/v\/t1.0-9\/100087546_3060826597273224_2246805913476268032_n.jpg?_nc_cat=108&amp;_nc_sid=d4cf07&amp;_nc_eui2=AeHvzC4bWBfsPRf0F6VAVIVWaUMOVaHLqPtpQw5Vocuo-292BPG22iinlXylVjcDSSYcI-OyMm6NG3SfqvgynIwT&amp;_nc_ohc=ONhdG6lsP38AX_lLQr_&amp;_nc_ht=scontent.faqp1-1.fna&amp;oh=f631457f6883595bb7b567b7c6bdc529&amp;oe=5F45C9BB\" alt=\"J\" width=\"205\" height=\"108\" \/><\/a>\u00a0<a href=\"https:\/\/bvsalud.org\/es\/\" target=\"_blank\" rel=\"noopener\"><img loading=\"lazy\" decoding=\"async\" src=\"https:\/\/scontent.faqp1-1.fna.fbcdn.net\/v\/t1.0-9\/100976507_3060826390606578_6804804454156599296_n.jpg?_nc_cat=109&amp;_nc_sid=d4cf07&amp;_nc_eui2=AeHKUmZ166gbzvayweh04Wr_k7Z96MyIxRmTtn3ozIjFGQOMlzKsBHDGytPSMYaIISosEcyTJqLpq03Sknk3Yqd-&amp;_nc_ohc=_cIyn-bskRsAX9TwNlF&amp;_nc_ht=scontent.faqp1-1.fna&amp;oh=42ca0843898ae3cb0ffeb503987adbe4&amp;oe=5F46AF2F\" alt=\"G\" width=\"205\" height=\"95\" \/><\/a><\/p>\n<p><a href=\"https:\/\/scholar.google.es\/schhp?hl=es\" target=\"_blank\" rel=\"noopener\"><img loading=\"lazy\" decoding=\"async\" src=\"https:\/\/scontent.faqp1-1.fna.fbcdn.net\/v\/t1.0-9\/116430926_3227956220560260_5458417171052672844_n.jpg?_nc_cat=109&amp;_nc_sid=d4cf07&amp;_nc_eui2=AeGuWRz_waoZ9_3DaHfJYvHeXbPfYqdL4j5ds99ip0viPvZp1L4cSni2dYTmQxhWrcNJ45Ifc3N7wEz8WSyLKRd1&amp;_nc_ohc=52weA_XGm2cAX9amwFX&amp;_nc_ht=scontent.faqp1-1.fna&amp;oh=eb39ea8b672a38844da422812d041471&amp;oe=5F480400\" alt=\"2\" width=\"205\" height=\"95\" \/><\/a>\u00a0<a href=\"https:\/\/academic.microsoft.com\/home?fbclid=IwAR2HrtJx2zklY5MH0iAOP5JxZ7gv9UKgCVpo4iK0oSqQWikavpp_1Ay3I6U\" target=\"_blank\" rel=\"noopener\"><img loading=\"lazy\" decoding=\"async\" src=\"https:\/\/scontent.faqp1-1.fna.fbcdn.net\/v\/t1.0-9\/116693938_3227956370560245_7302982777818428580_n.jpg?_nc_cat=105&amp;_nc_sid=d4cf07&amp;_nc_eui2=AeGJMn4082wIp94309dm-GWU4XnoG_jVJPbheegb-NUk9pBlePVdm_itwIgI0vkkjB5pc_lve4B1_mu0sIJG79kv&amp;_nc_ohc=AjUoelN6NKkAX-De40O&amp;_nc_ht=scontent.faqp1-1.fna&amp;oh=cfa5a8ff31a87a88b94b2c7b25789b4b&amp;oe=5F4706D4\" alt=\"E\" width=\"205\" height=\"95\" \/><\/a>\u00a0<a href=\"https:\/\/www.semanticscholar.org\/?fbclid=IwAR2qEEjcrvTUUbQu7Wm9a5nV67ISAmaTiDVdU6Ku1tfzMIRytg9Fs66biyM\" target=\"_blank\" rel=\"noopener\"><img loading=\"lazy\" decoding=\"async\" src=\"https:\/\/scontent.faqp1-1.fna.fbcdn.net\/v\/t1.0-9\/116384092_3227956530560229_2534876179160186755_n.jpg?_nc_cat=102&amp;_nc_sid=d4cf07&amp;_nc_eui2=AeEJe5vqlqVYVgf_fvLMq-1OKaOl9kB6xoMpo6X2QHrGgyxjKzS8dEY7z4Rsm3to2BxGr_ijIfQT5CyMsEQSQ1ih&amp;_nc_ohc=RFw_9bO9GdEAX9rHpBL&amp;_nc_oc=AQlkewfKoxufjdob8nlqzTPkO4D5F2Z7cVBTJJ9BRa1zVTjCaHiTipHIkWBybzrlt9RK0D52rzHHAE9RT2BPHPW0&amp;_nc_ht=scontent.faqp1-1.fna&amp;oh=0b22f853183bf9439796f0739df01449&amp;oe=5F460A60\" alt=\"Y\" width=\"205\" height=\"95\" \/><\/a><\/p>\n<p><a href=\"https:\/\/doaj.org\/?fbclid=IwAR1ywkJPyihj4thFKVulY1LjxqwLwzKTfywlD1DyAl3zQv9WDpJ1okTyl3o\" target=\"_blank\" rel=\"noopener\"><img loading=\"lazy\" decoding=\"async\" src=\"https:\/\/scontent.faqp1-1.fna.fbcdn.net\/v\/t1.0-9\/116712354_3227956163893599_2417139616147969772_n.jpg?_nc_cat=109&amp;_nc_sid=d4cf07&amp;_nc_eui2=AeEj4gJF6p4QlIAVcVKwBb1zlDt3Y-MIGQqUO3dj4wgZCuB2OLeoNdVS0LG1PsaTGyCmHd3oafaFSFLCKCDDsTyZ&amp;_nc_ohc=Vc4Ap-VXzTAAX8xw6_s&amp;_nc_ht=scontent.faqp1-1.fna&amp;oh=39af98c3002bfba4f0ea5c6676d3ba91&amp;oe=5F472D94\" alt=\"3\" width=\"204\" height=\"95\" \/><\/a>\u00a0<a href=\"https:\/\/plos.org\/\" target=\"_blank\" rel=\"noopener\"><img loading=\"lazy\" decoding=\"async\" src=\"https:\/\/scontent.faqp1-1.fna.fbcdn.net\/v\/t1.0-9\/115894656_3227956443893571_4581225109188292476_n.jpg?_nc_cat=111&amp;_nc_sid=d4cf07&amp;_nc_eui2=AeG_G3q75hqn1Ri8jHM-1G-tc4eAWfaSkTNzh4BZ9pKRM52QyWUWR733-zGESOwPqgBU3Af_tzbDug8GiF-qZ6G5&amp;_nc_ohc=mrZMffp6BYsAX9pTj7S&amp;_nc_ht=scontent.faqp1-1.fna&amp;oh=4d6ec94af2f8a4f9ba0a170e3ae3d643&amp;oe=5F468B38\" alt=\"S\" width=\"204\" height=\"95\" \/><\/a>\u00a0<a href=\"https:\/\/www.base-search.net\/?fbclid=IwAR10yc3yi-tcExAcwSkoRnTYZP9q_59A9qXKxuEalXIE8b32AcA8Si9flDc\" target=\"_blank\" rel=\"noopener\"><img loading=\"lazy\" decoding=\"async\" src=\"https:\/\/scontent.faqp1-1.fna.fbcdn.net\/v\/t1.0-9\/116370518_3227955917226957_2977966801987768654_n.jpg?_nc_cat=105&amp;_nc_sid=d4cf07&amp;_nc_eui2=AeHu4FOmmbwdGhV5rBj7SMjxNtwbPQZhyI423Bs9BmHIjggE5StZcpfvaYnXZz6SSITZwAQBR3JY4duyO4PicB2h&amp;_nc_ohc=EeT62QGT0ecAX8vitr3&amp;_nc_ht=scontent.faqp1-1.fna&amp;oh=c2e05d49fc927d0f6a3b5cbe1f4d996c&amp;oe=5F4546B1\" alt=\"T\" width=\"204\" height=\"95\" \/><\/a><\/p>\n<p><a href=\"https:\/\/eric.ed.gov\/?fbclid=IwAR0sIB0u9cGdXwJiP-gRudYxipegZsqfPdZyyexfOvwp1e7jD7ZHRGecmCk\" target=\"_blank\" rel=\"noopener\"><img loading=\"lazy\" decoding=\"async\" src=\"https:\/\/scontent.faqp1-1.fna.fbcdn.net\/v\/t1.0-9\/116334534_3227956193893596_3474666942727968654_n.jpg?_nc_cat=103&amp;_nc_sid=d4cf07&amp;_nc_eui2=AeF8OYWZZZmHa_sQ9U72S5tQdsF35CUfDdF2wXfkJR8N0V0Hnh28xcGbPklwKnIPyw6G35bIuWJ6yCoClvGhMF1Z&amp;_nc_ohc=YsG9A20WqygAX8BRQJZ&amp;_nc_ht=scontent.faqp1-1.fna&amp;oh=136affe90c4e466bc0c51ea233026baf&amp;oe=5F4551E6\" alt=\"1\" width=\"204\" height=\"95\" \/><\/a>\u00a0<a href=\"https:\/\/www.worldcat.org\/?fbclid=IwAR12W48T8d9YfLznf5Jq4hTXjdp6187EWEZ9m9awp5_cS8F4cmG-odv1l9o\" target=\"_blank\" rel=\"noopener\"><img loading=\"lazy\" decoding=\"async\" src=\"https:\/\/scontent.faqp1-1.fna.fbcdn.net\/v\/t1.0-9\/116346234_3227956710560211_5512905155693808001_n.jpg?_nc_cat=107&amp;_nc_sid=d4cf07&amp;_nc_eui2=AeG4CMCHKw8V3b8KGPTnddfwlskVzACavM6WyRXMAJq8zu6HCviIp1rFnCW3svsdp7d5ZNVx_WVahFcC7X39kjY1&amp;_nc_ohc=gCIZwipJ4kgAX_pwlr7&amp;_nc_ht=scontent.faqp1-1.fna&amp;oh=fd7b394371803ea1ef00a665f83e0e69&amp;oe=5F46CAD2\" alt=\"5\" width=\"204\" height=\"95\" \/><\/a>\u00a0<a href=\"https:\/\/buscador.recolecta.fecyt.es\/?fbclid=IwAR1xHj3kUs79LVKTq-sJIi7tVIW9aZpu1HPbBzoN5Ug6-bPKJ53Pvk2hsYk\" target=\"_blank\" rel=\"noopener\"><img loading=\"lazy\" decoding=\"async\" src=\"https:\/\/scontent.faqp1-1.fna.fbcdn.net\/v\/t1.0-9\/116337135_3227956447226904_5966077105772197019_n.jpg?_nc_cat=101&amp;_nc_sid=d4cf07&amp;_nc_eui2=AeHFJK0Scfe4jV3aniFyouoV5y6M7Wo449TnLoztajjj1CZkQ0nhZPSzy6OJH9jb8f6oG2L7OPhCOT4ynu3Jr6b_&amp;_nc_ohc=_wiyI8loynwAX8zV2ID&amp;_nc_ht=scontent.faqp1-1.fna&amp;oh=37e7d6057fd38bf757160f668209101e&amp;oe=5F46D7AC\" alt=\"I\" width=\"204\" height=\"95\" \/><\/a><\/p>\n<p><a href=\"https:\/\/citeseerx.ist.psu.edu\/index?fbclid=IwAR30KHJ54NN1SmkAu6-OnspQ459oBu_cKIJ1Cu_p18ZFqK6gPkkKpekKsU4\" target=\"_blank\" rel=\"noopener\"><img loading=\"lazy\" decoding=\"async\" src=\"https:\/\/scontent.faqp1-1.fna.fbcdn.net\/v\/t1.0-9\/116378533_3227956053893610_8572567386205707746_n.jpg?_nc_cat=111&amp;_nc_sid=d4cf07&amp;_nc_eui2=AeFISF82eNBPzdHC40Q0uqql4dx8FmJgC8rh3HwWYmALyuO7fhOhAjsKm2d61dRNAoJ1sNEh_uMJR_P8jC7rfO1f&amp;_nc_ohc=FWVPLZjCU5QAX_5XCG3&amp;_nc_oc=AQmwLLy1chSUeT-8vH3-7KF-2c61NDzGKYq37VtSb7sa9zwTJrpZK-mSarxU_Ayd4V6RfR3lKYqtqZivrcjwtObs&amp;_nc_ht=scontent.faqp1-1.fna&amp;oh=9fb8bdd65cb2db523e25e4c50f650b09&amp;oe=5F472E0F\" alt=\"8\" width=\"204\" height=\"95\" \/><\/a>\u00a0<a href=\"https:\/\/search.crossref.org\/?fbclid=IwAR0Bh4zq2bCXB6quB2-jfZK92Eo9mJuI3KjKwiBHFWXLcT1oo04lRmMqXVY\" target=\"_blank\" rel=\"noopener\"><img loading=\"lazy\" decoding=\"async\" src=\"https:\/\/scontent.faqp1-1.fna.fbcdn.net\/v\/t1.0-9\/116344395_3227956070560275_6625096010742710574_n.jpg?_nc_cat=105&amp;_nc_sid=d4cf07&amp;_nc_eui2=AeEXfS69PQi4459KbYQt8zEXnVAOJ8mEaE-dUA4nyYRoTyQF4XNPFBfotcQtDo8jrEklH5_2i_jXnLWsUV-twDe6&amp;_nc_ohc=qUezmlcDRX8AX_J5WyD&amp;_nc_ht=scontent.faqp1-1.fna&amp;oh=c0f3b899ef461ab4028215ca767a966e&amp;oe=5F48AC1A\" alt=\"UI\" width=\"204\" height=\"95\" \/><\/a>\u00a0<a href=\"https:\/\/www.refseek.com\/\" target=\"_blank\" rel=\"noopener\"><img loading=\"lazy\" decoding=\"async\" src=\"https:\/\/scontent.faqp1-1.fna.fbcdn.net\/v\/t1.0-9\/116327770_3227956510560231_8067187257194052882_n.jpg?_nc_cat=106&amp;_nc_sid=d4cf07&amp;_nc_eui2=AeFK8CzeQRXHnKbPisrDX4DSAC92QVfXMmkAL3ZBV9cyaUNSMT1SV1nT8LRZJiLBO4hNT9Ahxlx2jI_R6BvDCUXr&amp;_nc_ohc=b-F0xxVHc8wAX_QsfI4&amp;_nc_ht=scontent.faqp1-1.fna&amp;oh=76f8a26301e4551cfc31ae7545c24c17&amp;oe=5F46AD96\" alt=\"1\" width=\"204\" height=\"95\" \/><\/a><\/p>\n<h2 class=\"text\">Tesis<\/h2>\n<p><a href=\"https:\/\/alicia.concytec.gob.pe\/vufind\/\"><img loading=\"lazy\" decoding=\"async\" class=\"alignnone\" src=\"https:\/\/scontent.faqp1-1.fna.fbcdn.net\/v\/t1.0-9\/116559127_3227896153899600_6760157606755813614_n.jpg?_nc_cat=111&amp;_nc_sid=d4cf07&amp;_nc_eui2=AeFRqQmAQ14R36w1FcKp5CoaK1mpV6nNGesrWalXqc0Z61qzTgeSEArV-siQ3wBhjdPC0VPcAingPFiLTOkYGQ8A&amp;_nc_ohc=G27XbENv0NAAX9Ts-9J&amp;_nc_ht=scontent.faqp1-1.fna&amp;oh=d7939a6a64ca3f1cdd3b571fa314de8b&amp;oe=5F4597F5\" alt=\"1\" width=\"229\" height=\"120\" \/><\/a>\u00a0<a href=\"http:\/\/www.lareferencia.info\/es\/\"><img decoding=\"async\" src=\"https:\/\/scontent.faqp1-1.fna.fbcdn.net\/v\/t1.0-9\/116686515_3227956677226881_1721663368562855788_n.jpg?_nc_cat=102&amp;_nc_sid=d4cf07&amp;_nc_eui2=AeFEMhUNZng3c8xK0QkbaTr-LYdrywlgCTAth2vLCWAJMPYdFFxfEjJXFllNch-MKz_fKwbwn9JReApqq5Pivk_J&amp;_nc_ohc=aP2crzKvYQ0AX-bgrcI&amp;_nc_ht=scontent.faqp1-1.fna&amp;oh=00cc81e18d5fb5392cd3842ccb570c65&amp;oe=5F45412D\" alt=\"8\" \/>\u00a0<img decoding=\"async\" src=\"https:\/\/scontent.faqp1-1.fna.fbcdn.net\/v\/t1.0-9\/116426387_3227956577226891_668942555247244314_n.jpg?_nc_cat=108&amp;_nc_sid=d4cf07&amp;_nc_eui2=AeEifvKNMQuEURY2TbdWmLSafnXWLvQ0491-ddYu9DTj3WCpWIOx50NHK0d_FwnAUM1T3wZOlqCJBzf9hxAs1KZ5&amp;_nc_ohc=DlLvURvHel4AX9XCN1Q&amp;_nc_ht=scontent.faqp1-1.fna&amp;oh=20eefd9d450cc63043f177f9f8915793&amp;oe=5F47E491\" alt=\"H\" \/><\/a><\/p>\n<p><a href=\"https:\/\/pqdtopen.proquest.com\/search.html?fbclid=IwAR30Zke1JT6gcDZu6iP6SySdUoFN3ZomBVphhSZfl12kJgMWWP4AdsRuBHQ\"><img decoding=\"async\" src=\"https:\/\/scontent.faqp1-1.fna.fbcdn.net\/v\/t1.0-9\/116336927_3227956607226888_3733998767318513985_n.jpg?_nc_cat=108&amp;_nc_sid=d4cf07&amp;_nc_eui2=AeFf9Q-23YY-Lw_qItWI1_WWAWWuC9HunewBZa4L0e6d7A7g7vYcOM0Cj40u0_0wjpzZDfypFwYIA-Sa8bT3XEFq&amp;_nc_ohc=P3Qx_FKPZeIAX-OnaHX&amp;_nc_ht=scontent.faqp1-1.fna&amp;oh=527bb44da80e59f6ecfaa052108a6b36&amp;oe=5F452A82\" alt=\"QW\" \/><\/a>\u00a0<a href=\"https:\/\/www.educacion.gob.es\/teseo\/irGestionarConsulta.do;jsessionid=787C9E29F65DBAE5A85BDEEC3D7316A9\"><img decoding=\"async\" src=\"https:\/\/scontent.faqp1-1.fna.fbcdn.net\/v\/t1.0-9\/116310910_3227956683893547_1890386022949735376_n.jpg?_nc_cat=106&amp;_nc_sid=d4cf07&amp;_nc_eui2=AeEntYnMjn4-XcUkcsE1_ej-RN9Sa34DpmVE31JrfgOmZcTAAteYwiLuGUmGVKKl8b_hguxzV0jxxblYAEWa9WKH&amp;_nc_ohc=Z0pKAtp5qTwAX_Nm4qD&amp;_nc_ht=scontent.faqp1-1.fna&amp;oh=60db13e8edabeabe8b38b18740170463&amp;oe=5F472CC1\" alt=\"A\" \/><\/a>\u00a0<a href=\"https:\/\/oatd.org\/?fbclid=IwAR0HrOTEU9eiNd9olXUzkSeRNiEuZEsDBmwhof47AgY5EuTOUfEFDkY-z8cbvsalud.org\/es\/\"><img decoding=\"async\" src=\"https:\/\/scontent.faqp1-1.fna.fbcdn.net\/v\/t1.0-9\/116584857_3227956587226890_8231807897508561935_n.jpg?_nc_cat=103&amp;_nc_sid=d4cf07&amp;_nc_eui2=AeF6sBYi2h9tQpn46s25Uuc1E53WH-wKnLkTndYf7AqcuW1Hu1FQiAyBiaKDShNvk3BjuAKrw2g3-loXddwVYI1x&amp;_nc_ohc=ZG-jDfru5ZAAX9ReRxf&amp;_nc_ht=scontent.faqp1-1.fna&amp;oh=fe8d974bd11a2e499c189d9194ef8b94&amp;oe=5F454886\" alt=\"4\" \/><\/a><\/p>\n<p><a href=\"http:\/\/www.dart-europe.eu\/basic-search.php?fbclid=IwAR3oO7m3gT99ga5vsrYfLs2xEEC2CXfEXHdtanmzIuyNrtVbcolBPcHV7XM\"><img decoding=\"async\" src=\"https:\/\/scontent.faqp1-1.fna.fbcdn.net\/v\/t1.0-9\/116346494_3227897630566119_7435313635822381174_n.jpg?_nc_cat=103&amp;_nc_sid=d4cf07&amp;_nc_eui2=AeFDPait1wCPNBZHvz6ykqCsoy0CTt-wyfmjLQJO37DJ-YtktTGEwyfWsNsJithfxLu_gVI0UEmw6eNuDN96oKPd&amp;_nc_ohc=toAvwkltuuUAX-YR9aG&amp;_nc_ht=scontent.faqp1-1.fna&amp;oh=eeda345211afd20754d9acd915bdbc34&amp;oe=5F45ADC1\" alt=\"6\" \/><\/a><\/p>\n<p>&nbsp;<\/p>\n<p align=\"justify\"><img decoding=\"async\" title=\"Bibliotechnia\" src=\"https:\/\/www.bibliotechnia.com.mx\/portal\/CMS\/desktop\/styles\/img\/logo_biblio.png\" alt=\"Bibliotechnia\" \/><\/p>\n<p align=\"justify\">EL cual nos brinda su portafolio de libros electr\u00f3nicos en espa\u00f1ol.<\/p>\n<p>https:\/\/www.bibliotechnia.com.mx<\/p>\n<p>&nbsp;<\/p>\n","protected":false},"excerpt":{"rendered":"<p>Bienvenido a nuestro Sistema de Bibliotecas de la Universidad Nacional de San Agust\u00edn de Arequipa, aqu\u00ed podr\u00e1n buscar libros, revistas, tesis, etc. que han sido catalogados con el fin de que pueda acceder de forma r\u00e1pida al material que esta buscando. Biblioteca Virtual UNSA \u00bfC\u00f3mo Registrarme en la Web of Science? Para usar Scopus es [&hellip;]<\/p>\n","protected":false},"author":1,"featured_media":2130,"parent":0,"menu_order":0,"comment_status":"closed","ping_status":"closed","template":"","meta":{"_acf_changed":false,"footnotes":""},"class_list":["post-1957","page","type-page","status-publish","has-post-thumbnail","hentry"],"acf":[],"_links":{"self":[{"href":"https:\/\/fggm.unsa.edu.pe\/inggeofisica\/wp-json\/wp\/v2\/pages\/1957","targetHints":{"allow":["GET"]}}],"collection":[{"href":"https:\/\/fggm.unsa.edu.pe\/inggeofisica\/wp-json\/wp\/v2\/pages"}],"about":[{"href":"https:\/\/fggm.unsa.edu.pe\/inggeofisica\/wp-json\/wp\/v2\/types\/page"}],"author":[{"embeddable":true,"href":"https:\/\/fggm.unsa.edu.pe\/inggeofisica\/wp-json\/wp\/v2\/users\/1"}],"replies":[{"embeddable":true,"href":"https:\/\/fggm.unsa.edu.pe\/inggeofisica\/wp-json\/wp\/v2\/comments?post=1957"}],"version-history":[{"count":19,"href":"https:\/\/fggm.unsa.edu.pe\/inggeofisica\/wp-json\/wp\/v2\/pages\/1957\/revisions"}],"predecessor-version":[{"id":2285,"href":"https:\/\/fggm.unsa.edu.pe\/inggeofisica\/wp-json\/wp\/v2\/pages\/1957\/revisions\/2285"}],"wp:featuredmedia":[{"embeddable":true,"href":"https:\/\/fggm.unsa.edu.pe\/inggeofisica\/wp-json\/wp\/v2\/media\/2130"}],"wp:attachment":[{"href":"https:\/\/fggm.unsa.edu.pe\/inggeofisica\/wp-json\/wp\/v2\/media?parent=1957"}],"curies":[{"name":"wp","href":"https:\/\/api.w.org\/{rel}","templated":true}]}}