{"id":1122,"date":"2017-08-09T17:36:53","date_gmt":"2017-08-09T17:36:53","guid":{"rendered":"http:\/\/www2.unsa.edu.pe\/escuelas\/inggeologica\/?page_id=1122"},"modified":"2026-01-20T12:48:27","modified_gmt":"2026-01-20T17:48:27","slug":"1122-2","status":"publish","type":"page","link":"https:\/\/fggm.unsa.edu.pe\/inggeologica\/1122-2\/","title":{"rendered":"Visi\u00f3n y Misi\u00f3n"},"content":{"rendered":"<h2>Misi\u00f3n<\/h2>\n<ul>\n<li>Formar profesionales competentes y \u00e9ticos, con s\u00f3lidos conocimientos geol\u00f3gico y conocedores de la realidad nacional e internacional.<\/li>\n<li>Desarrollar la capacidad de investigar y generar conocimiento para solucionar problemas t\u00e9cnicos y cient\u00edficos.<\/li>\n<li>Formar profesionales con compromiso social y ambiental capaces de ofrecer soluciones que contribuyan al bienestar de la sociedad, con el uso sustentable de los recusos naturales y prevenci\u00f3n de riesgos geol\u00f3gicos.<\/li>\n<\/ul>\n<h2>Visi\u00f3n<\/h2>\n<ul>\n<li>A futuro cercano convertirse en escuela l\u00edder de referencia en ingenier\u00eda geol\u00f3gica a nivel nacional.<\/li>\n<li>Ser reconocidos por la excelencia acad\u00e9mica, investigaci\u00f3n cient\u00edfica y producci\u00f3n de cultura.<\/li>\n<li>Generar profesionales \u00edntegros capaces de promover y consolidar el real desarrollo sostenido.<\/li>\n<li>Lograr destacada posici\u00f3n acad\u00e9mica en el \u00e1mbito nacional e internacional.<\/li>\n<li>Participar en la transformaci\u00f3n de la sociedad utilizando docencia, acci\u00f3n social, investigaci\u00f3n para reevaluar el entorno geol\u00f3gico.<\/li>\n<li>Capacidad de adaptaci\u00f3n a las circunstancias variables, promoviendo el trabajo interdisciplinario, sin olvidar la mejora e innovaci\u00f3n.<\/li>\n<\/ul>\n","protected":false},"excerpt":{"rendered":"<p>Misi\u00f3n Formar profesionales competentes y \u00e9ticos, con s\u00f3lidos conocimientos geol\u00f3gico y conocedores de la realidad nacional e internacional. Desarrollar la capacidad de investigar y generar conocimiento para solucionar problemas t\u00e9cnicos y cient\u00edficos. Formar profesionales con compromiso social y ambiental capaces de ofrecer soluciones que contribuyan al bienestar de la sociedad, con el uso sustentable de [&hellip;]<\/p>\n","protected":false},"author":1,"featured_media":1514,"parent":0,"menu_order":0,"comment_status":"closed","ping_status":"closed","template":"","meta":{"footnotes":""},"class_list":["post-1122","page","type-page","status-publish","has-post-thumbnail","hentry"],"_links":{"self":[{"href":"https:\/\/fggm.unsa.edu.pe\/inggeologica\/wp-json\/wp\/v2\/pages\/1122","targetHints":{"allow":["GET"]}}],"collection":[{"href":"https:\/\/fggm.unsa.edu.pe\/inggeologica\/wp-json\/wp\/v2\/pages"}],"about":[{"href":"https:\/\/fggm.unsa.edu.pe\/inggeologica\/wp-json\/wp\/v2\/types\/page"}],"author":[{"embeddable":true,"href":"https:\/\/fggm.unsa.edu.pe\/inggeologica\/wp-json\/wp\/v2\/users\/1"}],"replies":[{"embeddable":true,"href":"https:\/\/fggm.unsa.edu.pe\/inggeologica\/wp-json\/wp\/v2\/comments?post=1122"}],"version-history":[{"count":3,"href":"https:\/\/fggm.unsa.edu.pe\/inggeologica\/wp-json\/wp\/v2\/pages\/1122\/revisions"}],"predecessor-version":[{"id":2104,"href":"https:\/\/fggm.unsa.edu.pe\/inggeologica\/wp-json\/wp\/v2\/pages\/1122\/revisions\/2104"}],"wp:featuredmedia":[{"embeddable":true,"href":"https:\/\/fggm.unsa.edu.pe\/inggeologica\/wp-json\/wp\/v2\/media\/1514"}],"wp:attachment":[{"href":"https:\/\/fggm.unsa.edu.pe\/inggeologica\/wp-json\/wp\/v2\/media?parent=1122"}],"curies":[{"name":"wp","href":"https:\/\/api.w.org\/{rel}","templated":true}]}}