{"id":1131,"date":"2017-09-12T16:26:57","date_gmt":"2017-09-12T16:26:57","guid":{"rendered":"http:\/\/www2.unsa.edu.pe\/escuelas\/inggeologica\/?page_id=1131"},"modified":"2025-12-11T11:47:47","modified_gmt":"2025-12-11T16:47:47","slug":"presentacion","status":"publish","type":"page","link":"https:\/\/fggm.unsa.edu.pe\/inggeologica\/presentacion\/","title":{"rendered":"Presentaci\u00f3n"},"content":{"rendered":"<p>Dentro de las Ciencias de la Tierra la Geolog\u00eda es una de las ramas fundamentales que estudia la composici\u00f3n qu\u00edmica, f\u00edsica, mineral\u00f3gica, petrol\u00f3gica, estratigr\u00e1fica, estructural, tect\u00f3nica, que controlan la din\u00e1mica interna y externa del planeta; dichos estudios conducen a la localizaci\u00f3n de sustancias minerales y energ\u00e9ticas necesarias para el desarrollo y sustento de la especie humana.<\/p>\n<p>Los or\u00edgenes de los ge\u00f3logos en el Per\u00fa est\u00e1 ligada a la ense\u00f1anza en la UNSA, y se constata en los archivos del rectorado: el 5\/3\/1902 en el libro 6 p255 la secci\u00f3n de Ciencias Naturales era parte de la Facultad de Ciencias Pol\u00edticas y Administrativas, el 25\/11\/1903, libro 6 p334 era curso de letras del primer a\u00f1o la Geolog\u00eda Mineralog\u00eda y Paleontolog\u00eda, catedr\u00e1tico principal Dr. Jos\u00e9 Osorio. El 2\/4\/1921 libro 8 p128 se establece la Facultad de Ciencias F\u00edsicas y Naturales adem\u00e1s de las que ya ven\u00edan funcionando, el a\u00f1o de 1942 libro 12 se menciona que ya funcionaba la Secci\u00f3n de F\u00edsico Geol\u00f3gicas. La ex Facultad de Ciencias F\u00edsicas y Naturales funcion\u00f3 hasta 1948, sus egresados despu\u00e9s de 4 a\u00f1os pod\u00edan optar por los grados acad\u00e9micos de Bachiller o con estudios adicionales de Doctor en Ciencias F\u00edsico Geol\u00f3gicas.<\/p>\n<p>La preparaci\u00f3n de ge\u00f3logos por la UNSA se remonta antes del a\u00f1o 1930 a la antigua Sub-Secci\u00f3n de Ciencias F\u00edsico-Geol\u00f3gicas, de la ex Facultad de Ciencias F\u00edsicas Y Naturales, que funcion\u00f3 hasta 1948 y se pod\u00eda obtener el grado de bachiller o doctor en ciencias f\u00edsicos geol\u00f3gicos. El Hno. De la Salle Felipe Maestro Garc\u00eda, estudio geolog\u00eda en la UNSA en la \u00e9poca que estuvo de Docente el Dr. Carlos Nicholson, fue uno de los primeros que se gradu\u00f3 de Dr. en Ciencias F\u00edsico Geol\u00f3gicas en 1938.<\/p>\n<p>La Sub-Secci\u00f3n de Ciencias F\u00edsico Geol\u00f3gicas fue transformada en Escuela Instituto de Geolog\u00eda, inclu\u00eda cursos de matem\u00e1ticas superiores, en 1949 haciendo un a\u00f1o adicional sali\u00f3 la primera promoci\u00f3n de ingenier\u00eda geol\u00f3gica. A partir de entonces la UNSA da un giro y comienzan las primeras ciencias f\u00edsicas b\u00e1sicas y las consecuentes primeras ingenier\u00edas, los primeros ge\u00f3logos de Arequipa lucharon arduamente para lograr el prestigio agustino en el \u00e1mbito nacional como internacional.<\/p>\n<p>Una vez promulgada la Ley 17437 (ley Universitaria, 18\/02\/1969), la Universidad Nacional de San Agust\u00edn entro en un periodo de reorganizaci\u00f3n; fue la facultad de ciencias en ese entonces una de las que experimento la divisi\u00f3n en varios programas, tales como: Qu\u00edmica, Biolog\u00eda, Geolog\u00eda y Estudios Generales.<\/p>\n<p>El programa acad\u00e9mico de Geolog\u00eda se subdividi\u00f3 a su vez en dos departamentos: 1) Mineralog\u00eda y Petrolog\u00eda, 2) Geolog\u00eda; los que funcionaron a cabalidad el a\u00f1o acad\u00e9mico 1969. Por una disposici\u00f3n del CONUP, la mayor\u00eda de los programas de la Universidad deber\u00edan reducir el n\u00famero de sus departamentos existentes, fue en esa oportunidad como se fusionaron los dos Departamentos de Geolog\u00eda en uno solo: Geolog\u00eda y Geof\u00edsica.<\/p>\n<p>En el mes de abril de 1972, se produjo la renuncia del rector de la UNSA, Dr. Javier Mayorga y su Consejo Ejecutivo, fue as\u00ed que despu\u00e9s de haberse producido una serie de acontecimientos, el departamento de Geolog\u00eda y Geof\u00edsica dejo de funcionar, habiendo sido absorbido en su integridad por el programa de Geolog\u00eda.<\/p>\n<p>La Geolog\u00eda como cualquier ciencia est\u00e1 en constante desarrollo, cada vez cuenta con mayores datos del planeta, nuevos y mayor eficiencia de los equipos anal\u00edticos, mayor disponibilidad de la informaci\u00f3n cient\u00edfica gracias al avance de las comunicaciones (publicaciones, revistas cient\u00edficas en la web), esto obliga a una constante revisi\u00f3n de la pertinencia de las materias en Geolog\u00eda, por lo que el curr\u00edculo deI 2017 necesariamente ser\u00e1 una actualizaci\u00f3n de la ense\u00f1anza de la geolog\u00eda.<\/p>\n","protected":false},"excerpt":{"rendered":"<p>Dentro de las Ciencias de la Tierra la Geolog\u00eda es una de las ramas fundamentales que estudia la composici\u00f3n qu\u00edmica, f\u00edsica, mineral\u00f3gica, petrol\u00f3gica, estratigr\u00e1fica, estructural, tect\u00f3nica, que controlan la din\u00e1mica interna y externa del planeta; dichos estudios conducen a la localizaci\u00f3n de sustancias minerales y energ\u00e9ticas necesarias para el desarrollo y sustento de la especie [&hellip;]<\/p>\n","protected":false},"author":1,"featured_media":1971,"parent":0,"menu_order":0,"comment_status":"closed","ping_status":"closed","template":"","meta":{"footnotes":""},"class_list":["post-1131","page","type-page","status-publish","has-post-thumbnail","hentry"],"_links":{"self":[{"href":"https:\/\/fggm.unsa.edu.pe\/inggeologica\/wp-json\/wp\/v2\/pages\/1131","targetHints":{"allow":["GET"]}}],"collection":[{"href":"https:\/\/fggm.unsa.edu.pe\/inggeologica\/wp-json\/wp\/v2\/pages"}],"about":[{"href":"https:\/\/fggm.unsa.edu.pe\/inggeologica\/wp-json\/wp\/v2\/types\/page"}],"author":[{"embeddable":true,"href":"https:\/\/fggm.unsa.edu.pe\/inggeologica\/wp-json\/wp\/v2\/users\/1"}],"replies":[{"embeddable":true,"href":"https:\/\/fggm.unsa.edu.pe\/inggeologica\/wp-json\/wp\/v2\/comments?post=1131"}],"version-history":[{"count":7,"href":"https:\/\/fggm.unsa.edu.pe\/inggeologica\/wp-json\/wp\/v2\/pages\/1131\/revisions"}],"predecessor-version":[{"id":1809,"href":"https:\/\/fggm.unsa.edu.pe\/inggeologica\/wp-json\/wp\/v2\/pages\/1131\/revisions\/1809"}],"wp:featuredmedia":[{"embeddable":true,"href":"https:\/\/fggm.unsa.edu.pe\/inggeologica\/wp-json\/wp\/v2\/media\/1971"}],"wp:attachment":[{"href":"https:\/\/fggm.unsa.edu.pe\/inggeologica\/wp-json\/wp\/v2\/media?parent=1131"}],"curies":[{"name":"wp","href":"https:\/\/api.w.org\/{rel}","templated":true}]}}