{"id":1133,"date":"2017-09-12T16:27:31","date_gmt":"2017-09-12T16:27:31","guid":{"rendered":"http:\/\/www2.unsa.edu.pe\/escuelas\/inggeologica\/?page_id=1133"},"modified":"2026-01-20T12:37:16","modified_gmt":"2026-01-20T17:37:16","slug":"resena-historica-2","status":"publish","type":"page","link":"https:\/\/fggm.unsa.edu.pe\/inggeologica\/resena-historica-2\/","title":{"rendered":"Rese\u00f1a Hist\u00f3rica"},"content":{"rendered":"<p>Los or\u00edgenes de los ge\u00f3logos en el Per\u00fa est\u00e1 ligada a la ense\u00f1anza en la UNSA, y se constata en los archivos del rectorado: el 5\/3\/1902 en el libro 6 p255 la secci\u00f3n de Ciencias Naturales era parte de la Facultad de Ciencias Pol\u00edticas y Administrativas, el 25\/11\/1903, libro 6 p334 era curso de letras del primer a\u00f1o la Geolog\u00eda Mineralog\u00eda y Paleontolog\u00eda, catedr\u00e1tico principal Dr. Jos\u00e9 Osorio. El 2\/4\/1921 libro 8 p128 se establece la Facultad de Ciencias F\u00edsicas y Naturales adem\u00e1s de las que ya ven\u00edan funcionando, el a\u00f1o de 1942 libro 12 se menciona que ya funcionaba la Secci\u00f3n de F\u00edsico Geol\u00f3gicas.<\/p>\n<p>La ex Facultad de Ciencias F\u00edsicas y Naturales funcion\u00f3 hasta 1948, sus egresados despu\u00e9s de 4 a\u00f1os pod\u00edan optar por los grados acad\u00e9micos de Bachiller o con estudios adicionales de Doctor en Ciencias F\u00edsico Geol\u00f3gicas.<\/p>\n<p>La preparaci\u00f3n de ge\u00f3logos por la UNSA se remonta antes del a\u00f1o 1930 a la antigua Sub- Secci\u00f3n de Ciencias F\u00edsico-Geol\u00f3gicas, de la ex Facultad de Ciencias F\u00edsicas y Naturales, que funcion\u00f3 hasta 1948 y se pod\u00eda obtener el grado de bachiller o doctor en ciencias f\u00edsicos geol\u00f3gicos.<\/p>\n<p>El Hno. de la Salle Felipe Maestro Garc\u00eda, estudio geolog\u00eda en la UNSA en la \u00e9poca que estuvo de Docente el Dr. Carlos Nicholson. Fue uno de los primeros que se gradu\u00f3 de Dr. En CS F\u00edsico Geol\u00f3gicas en 1938.<\/p>\n<p>La Sub-Secci\u00f3n de Ciencias F\u00edsico Geol\u00f3gicas fue transformada en Escuela Instituto de Geolog\u00eda, inclu\u00eda cursos de matem\u00e1ticas superiores, en 1949 haciendo un a\u00f1o adicional sali\u00f3 la primera promoci\u00f3n de ingenier\u00eda geol\u00f3gica.<\/p>\n<p>A partir de entonces la UNSA da un giro y comienzan las primeras ciencias f\u00edsicas b\u00e1sicas y las consecuentes primeras ingenier\u00edas. los primeros ge\u00f3logos de Arequipa lucharon arduamente para lograr el prestigio agustino en el \u00e1mbito nacional como internacional.<\/p>\n","protected":false},"excerpt":{"rendered":"<p>Los or\u00edgenes de los ge\u00f3logos en el Per\u00fa est\u00e1 ligada a la ense\u00f1anza en la UNSA, y se constata en los archivos del rectorado: el 5\/3\/1902 en el libro 6 p255 la secci\u00f3n de Ciencias Naturales era parte de la Facultad de Ciencias Pol\u00edticas y Administrativas, el 25\/11\/1903, libro 6 p334 era curso de letras [&hellip;]<\/p>\n","protected":false},"author":1,"featured_media":2100,"parent":0,"menu_order":0,"comment_status":"closed","ping_status":"closed","template":"","meta":{"footnotes":""},"class_list":["post-1133","page","type-page","status-publish","has-post-thumbnail","hentry"],"_links":{"self":[{"href":"https:\/\/fggm.unsa.edu.pe\/inggeologica\/wp-json\/wp\/v2\/pages\/1133","targetHints":{"allow":["GET"]}}],"collection":[{"href":"https:\/\/fggm.unsa.edu.pe\/inggeologica\/wp-json\/wp\/v2\/pages"}],"about":[{"href":"https:\/\/fggm.unsa.edu.pe\/inggeologica\/wp-json\/wp\/v2\/types\/page"}],"author":[{"embeddable":true,"href":"https:\/\/fggm.unsa.edu.pe\/inggeologica\/wp-json\/wp\/v2\/users\/1"}],"replies":[{"embeddable":true,"href":"https:\/\/fggm.unsa.edu.pe\/inggeologica\/wp-json\/wp\/v2\/comments?post=1133"}],"version-history":[{"count":4,"href":"https:\/\/fggm.unsa.edu.pe\/inggeologica\/wp-json\/wp\/v2\/pages\/1133\/revisions"}],"predecessor-version":[{"id":2101,"href":"https:\/\/fggm.unsa.edu.pe\/inggeologica\/wp-json\/wp\/v2\/pages\/1133\/revisions\/2101"}],"wp:featuredmedia":[{"embeddable":true,"href":"https:\/\/fggm.unsa.edu.pe\/inggeologica\/wp-json\/wp\/v2\/media\/2100"}],"wp:attachment":[{"href":"https:\/\/fggm.unsa.edu.pe\/inggeologica\/wp-json\/wp\/v2\/media?parent=1133"}],"curies":[{"name":"wp","href":"https:\/\/api.w.org\/{rel}","templated":true}]}}