{"id":1161,"date":"2017-09-12T17:02:04","date_gmt":"2017-09-12T17:02:04","guid":{"rendered":"http:\/\/www2.unsa.edu.pe\/escuelas\/inggeologica\/?page_id=1161"},"modified":"2017-11-03T00:54:34","modified_gmt":"2017-11-03T00:54:34","slug":"campo-ocupacional","status":"publish","type":"page","link":"https:\/\/fggm.unsa.edu.pe\/inggeologica\/campo-ocupacional\/","title":{"rendered":"Campo Ocupacional"},"content":{"rendered":"<ul>\n<li>El ingeniero ge\u00f3logo es un profesional con una formaci\u00f3n cient\u00edfica y t\u00e9cnica en los campo de la geolog\u00eda minera, geolog\u00eda del petr\u00f3leo, geotecnia y geolog\u00eda aplicada a construcciones de grandes obras como represas, t\u00faneles, construcciones.<\/li>\n<li>Exploraci\u00f3n, evaluaci\u00f3n, explotaci\u00f3n de yacimientos minerales, no met\u00e1licos, yacimientos de hidrocarburos, aguas subterr\u00e1neas.<\/li>\n<li>Evaluar las condiciones geot\u00e9cnicas de rocas y suelos para la ejecuci\u00f3n de obras de ingenier\u00eda civil, prevenci\u00f3n de desastres naturales.<\/li>\n<li>Participa en evaluaci\u00f3n, prevenci\u00f3n, y protecci\u00f3n del medio ambiente.<\/li>\n<li>Proyectos de irrigaci\u00f3n y producci\u00f3n energ\u00e9tica, ge\u00f3logo de seguridad y medio ambiente.<\/li>\n<li>Trabajar en instituciones p\u00fablicas en la gesti\u00f3n del territorio<\/li>\n<li>Reconoce e identificar las estructuras terrestres, as\u00ed como analizar los fen\u00f3menos que le han dado origen, analizar, sintetizar e interpretar la composici\u00f3n de la corteza en sus tres dimensiones.<\/li>\n<\/ul>\n","protected":false},"excerpt":{"rendered":"<p>El ingeniero ge\u00f3logo es un profesional con una formaci\u00f3n cient\u00edfica y t\u00e9cnica en los campo de la geolog\u00eda minera, geolog\u00eda del petr\u00f3leo, geotecnia y geolog\u00eda aplicada a construcciones de grandes obras como represas, t\u00faneles, construcciones. Exploraci\u00f3n, evaluaci\u00f3n, explotaci\u00f3n de yacimientos minerales, no met\u00e1licos, yacimientos de hidrocarburos, aguas subterr\u00e1neas. Evaluar las condiciones geot\u00e9cnicas de rocas y [&hellip;]<\/p>\n","protected":false},"author":1,"featured_media":0,"parent":0,"menu_order":0,"comment_status":"closed","ping_status":"closed","template":"","meta":{"footnotes":""},"class_list":["post-1161","page","type-page","status-publish","hentry"],"_links":{"self":[{"href":"https:\/\/fggm.unsa.edu.pe\/inggeologica\/wp-json\/wp\/v2\/pages\/1161","targetHints":{"allow":["GET"]}}],"collection":[{"href":"https:\/\/fggm.unsa.edu.pe\/inggeologica\/wp-json\/wp\/v2\/pages"}],"about":[{"href":"https:\/\/fggm.unsa.edu.pe\/inggeologica\/wp-json\/wp\/v2\/types\/page"}],"author":[{"embeddable":true,"href":"https:\/\/fggm.unsa.edu.pe\/inggeologica\/wp-json\/wp\/v2\/users\/1"}],"replies":[{"embeddable":true,"href":"https:\/\/fggm.unsa.edu.pe\/inggeologica\/wp-json\/wp\/v2\/comments?post=1161"}],"version-history":[{"count":1,"href":"https:\/\/fggm.unsa.edu.pe\/inggeologica\/wp-json\/wp\/v2\/pages\/1161\/revisions"}],"predecessor-version":[{"id":1307,"href":"https:\/\/fggm.unsa.edu.pe\/inggeologica\/wp-json\/wp\/v2\/pages\/1161\/revisions\/1307"}],"wp:attachment":[{"href":"https:\/\/fggm.unsa.edu.pe\/inggeologica\/wp-json\/wp\/v2\/media?parent=1161"}],"curies":[{"name":"wp","href":"https:\/\/api.w.org\/{rel}","templated":true}]}}