{"id":1465,"date":"2019-11-06T14:36:07","date_gmt":"2019-11-06T19:36:07","guid":{"rendered":"https:\/\/fggm.unsa.edu.pe\/inggeologica\/?page_id=1465"},"modified":"2019-11-06T15:37:56","modified_gmt":"2019-11-06T20:37:56","slug":"perfil-del-postulante","status":"publish","type":"page","link":"https:\/\/fggm.unsa.edu.pe\/inggeologica\/perfil-del-postulante\/","title":{"rendered":"Perfil del Postulante"},"content":{"rendered":"<ul>\n<li>S\u00f3lida formaci\u00f3n en matem\u00e1ticas, f\u00edsica, qu\u00edmica, biolog\u00eda y conocimiento del ingl\u00e9s.<\/li>\n<li>Curiosidad cient\u00edfica, para conocer la estructura y din\u00e1mica de nuestro planeta y as\u00ed poder interpretar su pasado, presente y futuro.<\/li>\n<li>Vocaci\u00f3n para explorar y aprovechar responsablemente nuestros recursos minerales met\u00e1licos, no met\u00e1licos y energ\u00e9ticos; cuidando el medio ambiente.<\/li>\n<li>Inter\u00e9s por las obras de ingenier\u00eda, concordantes con los programas de ordenamiento territorial y prevenci\u00f3n de riesgos geol\u00f3gicos.<\/li>\n<li>buen estado de salud, que le permita adaptarse a los diferentes ambientes donde va a desarrollar sus actividades (desiertos, relieves abruptos, nevados, valles, oc\u00e9anos, etc.)<\/li>\n<\/ul>\n","protected":false},"excerpt":{"rendered":"<p>S\u00f3lida formaci\u00f3n en matem\u00e1ticas, f\u00edsica, qu\u00edmica, biolog\u00eda y conocimiento del ingl\u00e9s. Curiosidad cient\u00edfica, para conocer la estructura y din\u00e1mica de nuestro planeta y as\u00ed poder interpretar su pasado, presente y futuro. Vocaci\u00f3n para explorar y aprovechar responsablemente nuestros recursos minerales met\u00e1licos, no met\u00e1licos y energ\u00e9ticos; cuidando el medio ambiente. Inter\u00e9s por las obras de ingenier\u00eda, [&hellip;]<\/p>\n","protected":false},"author":1,"featured_media":1515,"parent":0,"menu_order":0,"comment_status":"closed","ping_status":"closed","template":"","meta":{"footnotes":""},"class_list":["post-1465","page","type-page","status-publish","has-post-thumbnail","hentry"],"_links":{"self":[{"href":"https:\/\/fggm.unsa.edu.pe\/inggeologica\/wp-json\/wp\/v2\/pages\/1465","targetHints":{"allow":["GET"]}}],"collection":[{"href":"https:\/\/fggm.unsa.edu.pe\/inggeologica\/wp-json\/wp\/v2\/pages"}],"about":[{"href":"https:\/\/fggm.unsa.edu.pe\/inggeologica\/wp-json\/wp\/v2\/types\/page"}],"author":[{"embeddable":true,"href":"https:\/\/fggm.unsa.edu.pe\/inggeologica\/wp-json\/wp\/v2\/users\/1"}],"replies":[{"embeddable":true,"href":"https:\/\/fggm.unsa.edu.pe\/inggeologica\/wp-json\/wp\/v2\/comments?post=1465"}],"version-history":[{"count":1,"href":"https:\/\/fggm.unsa.edu.pe\/inggeologica\/wp-json\/wp\/v2\/pages\/1465\/revisions"}],"predecessor-version":[{"id":1466,"href":"https:\/\/fggm.unsa.edu.pe\/inggeologica\/wp-json\/wp\/v2\/pages\/1465\/revisions\/1466"}],"wp:featuredmedia":[{"embeddable":true,"href":"https:\/\/fggm.unsa.edu.pe\/inggeologica\/wp-json\/wp\/v2\/media\/1515"}],"wp:attachment":[{"href":"https:\/\/fggm.unsa.edu.pe\/inggeologica\/wp-json\/wp\/v2\/media?parent=1465"}],"curies":[{"name":"wp","href":"https:\/\/api.w.org\/{rel}","templated":true}]}}