{"id":1472,"date":"2019-11-06T14:39:55","date_gmt":"2019-11-06T19:39:55","guid":{"rendered":"https:\/\/fggm.unsa.edu.pe\/inggeologica\/?page_id=1472"},"modified":"2026-01-19T14:44:28","modified_gmt":"2026-01-19T19:44:28","slug":"objetivos-educacionales","status":"publish","type":"page","link":"https:\/\/fggm.unsa.edu.pe\/inggeologica\/objetivos-educacionales\/","title":{"rendered":"Objetivos Educacionales"},"content":{"rendered":"<p><a href=\"https:\/\/fggm.unsa.edu.pe\/inggeologica\/wp-content\/uploads\/sites\/3\/2026\/01\/LOGO-GEOLOGIA-SIN-FONDO-PNG.png\"><img loading=\"lazy\" decoding=\"async\" class=\"wp-image-2090 alignright\" src=\"https:\/\/fggm.unsa.edu.pe\/inggeologica\/wp-content\/uploads\/sites\/3\/2026\/01\/LOGO-GEOLOGIA-SIN-FONDO-PNG.png\" alt=\"\" width=\"182\" height=\"182\" srcset=\"https:\/\/fggm.unsa.edu.pe\/inggeologica\/wp-content\/uploads\/sites\/3\/2026\/01\/LOGO-GEOLOGIA-SIN-FONDO-PNG.png 960w, https:\/\/fggm.unsa.edu.pe\/inggeologica\/wp-content\/uploads\/sites\/3\/2026\/01\/LOGO-GEOLOGIA-SIN-FONDO-PNG-768x768.png 768w\" sizes=\"auto, (max-width: 182px) 100vw, 182px\" \/><\/a><\/p>\n<header>\n<h1>UNSA<\/h1>\n<h2>Universidad Nacional de San Agust\u00edn de Arequipa<\/h2>\n<h2>Programa de Estudios: Ingenier\u00eda Geol\u00f3gica<\/h2>\n<\/header>\n<p>&nbsp;<\/p>\n<section>\n<h3>Objetivos Educacionales del Programa (2020)<\/h3>\n<ol>\n<li>Demostrar s\u00f3lidas competencias t\u00e9cnicas en el campo de la prospecci\u00f3n y exploraci\u00f3n de recursos naturales (minerales, hidrocarburos e h\u00eddricos); en la evaluaci\u00f3n, dimensionamiento y explotaci\u00f3n de los recursos geol\u00f3gicos; en la prevenci\u00f3n y control de riesgos geol\u00f3gicos naturales y proyectos de ingenier\u00eda.<\/li>\n<li>Ejercer liderazgo en su campo de trabajo, guiando a su equipo hacia el cumplimiento de las metas organizacionales, creando un ambiente de trabajo favorable a trav\u00e9s de la empat\u00eda, el respeto y el reconocimiento.<\/li>\n<li>Desarrollar proyectos de ingenier\u00eda geol\u00f3gica con \u00e9tica y responsabilidad profesional, convirti\u00e9ndose en un referente personal y profesional reconocido que brinda soluciones en beneficio de la sociedad.<\/li>\n<li>Actualizarse permanentemente de acuerdo al avance de la ciencia y la tecnolog\u00eda para mantenerse empleable y competitivo.<\/li>\n<\/ol>\n<\/section>\n<section>\n<h3>Objetivos Educacionales del Programa (2025)<\/h3>\n<ol>\n<li>Demostrar s\u00f3lidas competencias t\u00e9cnicas en: 1) geolog\u00eda de base y cartograf\u00eda con soporte de herramientas modernas y digitales, 2) prospecci\u00f3n, exploraci\u00f3n, evaluaci\u00f3n, explotaci\u00f3n y gesti\u00f3n sostenible de recursos geol\u00f3gicos, 3) gesti\u00f3n de riesgos naturales y sostenibilidad ambiental, 4) uso, aprovechamiento y ocupaci\u00f3n del territorio con proyectos de ingenier\u00eda sostenibles que permitan el desarrollo de nuestra sociedad.<\/li>\n<li>Ejercer liderazgo responsable en proyectos multidisciplinarios, coordinando equipos en los \u00e1mbitos p\u00fablico, privado o acad\u00e9mico, con adecuada comunicaci\u00f3n oral y escrita; habilidades sociales, capacidad de negociaci\u00f3n, \u00e9tica profesional y compromiso con la integridad del ambiente y la comunidad.<\/li>\n<li>Desarrollar, liderar o participar en proyectos de investigaci\u00f3n aplicada, transferencia tecnol\u00f3gica o emprendimiento geocient\u00edfico, generando soluciones innovadoras que aporten al desarrollo sostenible del pa\u00eds y a la toma de decisiones basadas en evidencia.<\/li>\n<li>Mantener un compromiso permanente con la formaci\u00f3n continua, incorporando avances cient\u00edficos, tecnol\u00f3gicos y metodol\u00f3gicos emergentes, participando en redes profesionales, actividades de los c\u00edrculos de estudios, programas de postgrado y actividades de actualizaci\u00f3n, asegurando su competitividad y pertinencia profesional.<\/li>\n<li>Aplicar su conocimiento con una conciencia social, respeto por la diversidad cultural y ambiental, \u00e9tica, y con compromiso al desarrollo regional y nacional, integrando la cohesi\u00f3n social en sus intervenciones profesionales.<\/li>\n<\/ol>\n<\/section>\n<p>&nbsp;<\/p>\n<footer>\u00a9 2026 Universidad Nacional de San Agust\u00edn de Arequipa &#8211; Ingenier\u00eda Geol\u00f3gica<\/footer>\n<footer><\/footer>\n<p>Descarga el documento aqui:<\/p>\n<p><a href=\"https:\/\/fggm.unsa.edu.pe\/inggeologica\/wp-content\/uploads\/sites\/3\/2026\/01\/Objetivos-educaciones-2020-2025.pdf\">https:\/\/fggm.unsa.edu.pe\/inggeologica\/wp-content\/uploads\/sites\/3\/2026\/01\/Objetivos-educaciones-2020-2025.pdf<\/a><\/p>\n","protected":false},"excerpt":{"rendered":"<p>UNSA Universidad Nacional de San Agust\u00edn de Arequipa Programa de Estudios: Ingenier\u00eda Geol\u00f3gica &nbsp; Objetivos Educacionales del Programa (2020) Demostrar s\u00f3lidas competencias t\u00e9cnicas en el campo de la prospecci\u00f3n y exploraci\u00f3n de recursos naturales (minerales, hidrocarburos e h\u00eddricos); en la evaluaci\u00f3n, dimensionamiento y explotaci\u00f3n de los recursos geol\u00f3gicos; en la prevenci\u00f3n y control de riesgos [&hellip;]<\/p>\n","protected":false},"author":1,"featured_media":0,"parent":0,"menu_order":0,"comment_status":"closed","ping_status":"closed","template":"","meta":{"footnotes":""},"class_list":["post-1472","page","type-page","status-publish","hentry"],"_links":{"self":[{"href":"https:\/\/fggm.unsa.edu.pe\/inggeologica\/wp-json\/wp\/v2\/pages\/1472","targetHints":{"allow":["GET"]}}],"collection":[{"href":"https:\/\/fggm.unsa.edu.pe\/inggeologica\/wp-json\/wp\/v2\/pages"}],"about":[{"href":"https:\/\/fggm.unsa.edu.pe\/inggeologica\/wp-json\/wp\/v2\/types\/page"}],"author":[{"embeddable":true,"href":"https:\/\/fggm.unsa.edu.pe\/inggeologica\/wp-json\/wp\/v2\/users\/1"}],"replies":[{"embeddable":true,"href":"https:\/\/fggm.unsa.edu.pe\/inggeologica\/wp-json\/wp\/v2\/comments?post=1472"}],"version-history":[{"count":18,"href":"https:\/\/fggm.unsa.edu.pe\/inggeologica\/wp-json\/wp\/v2\/pages\/1472\/revisions"}],"predecessor-version":[{"id":2096,"href":"https:\/\/fggm.unsa.edu.pe\/inggeologica\/wp-json\/wp\/v2\/pages\/1472\/revisions\/2096"}],"wp:attachment":[{"href":"https:\/\/fggm.unsa.edu.pe\/inggeologica\/wp-json\/wp\/v2\/media?parent=1472"}],"curies":[{"name":"wp","href":"https:\/\/api.w.org\/{rel}","templated":true}]}}