{"id":1482,"date":"2019-11-06T15:05:56","date_gmt":"2019-11-06T20:05:56","guid":{"rendered":"https:\/\/fggm.unsa.edu.pe\/inggeologica\/?page_id=1482"},"modified":"2026-01-28T00:13:39","modified_gmt":"2026-01-28T05:13:39","slug":"laboratorios-gabinetes-de-la-escuela","status":"publish","type":"page","link":"https:\/\/fggm.unsa.edu.pe\/inggeologica\/laboratorios-gabinetes-de-la-escuela\/","title":{"rendered":"LABORATORIOS Y GABINETES DE LA ESCUELA:"},"content":{"rendered":"<h3 style=\"text-align: center\"><strong>RESPONSABLES DE LOS LABORATORIOS<\/strong><\/h3>\n<table style=\"height: 823px\" width=\"865\">\n<tbody>\n<tr>\n<td width=\"299\"><strong>LABORATORIO O TALLER<\/strong><\/td>\n<td width=\"223\"><strong>RESPONSABLE<\/strong><\/td>\n<td width=\"241\"><strong>RESOLUCI\u00d3N DECANAL<\/strong><\/td>\n<\/tr>\n<tr>\n<td width=\"299\">Sensores Remotos<\/td>\n<td width=\"223\">Dr. Edgar Roque Guti\u00e9rrez Salinas<\/td>\n<td width=\"241\">No 015-2026-FCGM-UNSA<\/td>\n<\/tr>\n<tr>\n<td width=\"299\">Yacimientos de Hidrocarburos<\/td>\n<td width=\"223\">MSc. Olga Gisella Mart\u00ednez Rodr\u00edguez<\/td>\n<td width=\"241\">No 016-2026-FCGM-UNSA<\/td>\n<\/tr>\n<tr>\n<td width=\"299\">Micropaleontolog\u00eda y Palinolog\u00eda<\/td>\n<td width=\"223\">Dra. Basilia Vilma Garc\u00eda Flores de Nieto<\/td>\n<td width=\"241\">No 017-2026-FCGM-UNSA<\/td>\n<\/tr>\n<tr>\n<td width=\"299\">Estratigraf\u00eda y Sedimentolog\u00eda<\/td>\n<td width=\"223\">Dr. Antenor Edgardo Ch\u00e1vez Valencia<\/td>\n<td width=\"241\">No 018-2026-FCGM-UNSA<\/td>\n<\/tr>\n<tr>\n<td width=\"299\">Topograf\u00eda<\/td>\n<td width=\"223\">MSc. Willy Roberto L\u00f3pez Tejada<\/td>\n<td width=\"241\">No 019-2026-FCGM-UNSA<\/td>\n<\/tr>\n<tr>\n<td width=\"299\">Petrolog\u00eda<\/td>\n<td width=\"223\">MSc. Juan Jos\u00e9 Gonzales C\u00e1rdenas<\/td>\n<td width=\"241\">No 020-2026-FCGM-UNSA<\/td>\n<\/tr>\n<tr>\n<td width=\"299\">Caracterizaci\u00f3n Mineral\u00f3gica<\/td>\n<td width=\"223\">Dra. Madeline Nathaly Guill\u00e9n G\u00f3mez<\/td>\n<td width=\"241\">No 021-2026-FCGM-UNSA<\/td>\n<\/tr>\n<tr>\n<td width=\"299\">Microscop\u00eda de Polarizaci\u00f3n<\/td>\n<td width=\"223\">MSc. Guido Edgar Salas \u00c1lvarez<\/td>\n<td width=\"241\">No 022-2026-FCGM-UNSA<\/td>\n<\/tr>\n<tr>\n<td width=\"299\">Geolog\u00eda de Campo<\/td>\n<td width=\"223\">MSc. Leonardo Miguel Zevallos Valdivia<\/td>\n<td width=\"241\">No 023-2026-FCGM-UNSA<\/td>\n<\/tr>\n<tr>\n<td width=\"299\">Mineralog\u00eda<\/td>\n<td width=\"223\">MSc. Pablo Mauro Valdivia Bustamante<\/td>\n<td width=\"241\">No 024-2026-FCGM-UNSA<\/td>\n<\/tr>\n<tr>\n<td width=\"299\">Geotecnia<\/td>\n<td width=\"223\">MSc. Carlos Alberto Luza Hullica<\/td>\n<td width=\"241\">No 025-2026-FCGM-UNSA<\/td>\n<\/tr>\n<tr>\n<td width=\"299\">Centro de C\u00f3mputo<\/td>\n<td width=\"223\">MSc. Carlos Alberto Luza Hullica<\/td>\n<td width=\"241\">No 026-2026-FCGM-UNSA<\/td>\n<\/tr>\n<tr>\n<td width=\"299\">Paleontolog\u00eda<\/td>\n<td width=\"223\">MSc. Leonardo Miguel Zevallos Valdivia<\/td>\n<td width=\"241\">No 027-2026-FCGM-UNSA<\/td>\n<\/tr>\n<tr>\n<td width=\"299\">Yacimientos Minerales<\/td>\n<td width=\"223\">MSc. Carlos Alberto Rend\u00f3n D\u00e1vila<\/td>\n<td width=\"241\">No 028-2026-FCGM-UNSA<\/td>\n<\/tr>\n<tr>\n<td width=\"299\">Geodin\u00e1mica y Riesgos Geol\u00f3gicos<\/td>\n<td width=\"223\">MSc. Segundo Percy Colque Riega<\/td>\n<td width=\"241\">No 029-2026-FCGM-UNSA<\/td>\n<\/tr>\n<\/tbody>\n<\/table>\n<p><strong>LABORATORIO DE MINERALOG\u00cdA<\/strong><\/p>\n<p><a href=\"https:\/\/fggm.unsa.edu.pe\/inggeologica\/wp-content\/uploads\/sites\/3\/2025\/12\/lab3.jpeg\"><img loading=\"lazy\" decoding=\"async\" class=\"alignnone size-full wp-image-2015\" src=\"https:\/\/fggm.unsa.edu.pe\/inggeologica\/wp-content\/uploads\/sites\/3\/2025\/12\/lab3.jpeg\" alt=\"\" width=\"1280\" height=\"960\" srcset=\"https:\/\/fggm.unsa.edu.pe\/inggeologica\/wp-content\/uploads\/sites\/3\/2025\/12\/lab3.jpeg 1280w, https:\/\/fggm.unsa.edu.pe\/inggeologica\/wp-content\/uploads\/sites\/3\/2025\/12\/lab3-88x67.jpeg 88w, https:\/\/fggm.unsa.edu.pe\/inggeologica\/wp-content\/uploads\/sites\/3\/2025\/12\/lab3-768x576.jpeg 768w\" sizes=\"auto, (max-width: 1280px) 100vw, 1280px\" \/><\/a><\/p>\n<p><strong>LABORATORIO DE SENSORES REMOTOS<\/strong><\/p>\n<p><a href=\"https:\/\/fggm.unsa.edu.pe\/inggeologica\/wp-content\/uploads\/sites\/3\/2025\/12\/lab4.jpeg\"><img loading=\"lazy\" decoding=\"async\" class=\"alignnone size-full wp-image-2016\" src=\"https:\/\/fggm.unsa.edu.pe\/inggeologica\/wp-content\/uploads\/sites\/3\/2025\/12\/lab4.jpeg\" alt=\"\" width=\"1280\" height=\"960\" srcset=\"https:\/\/fggm.unsa.edu.pe\/inggeologica\/wp-content\/uploads\/sites\/3\/2025\/12\/lab4.jpeg 1280w, https:\/\/fggm.unsa.edu.pe\/inggeologica\/wp-content\/uploads\/sites\/3\/2025\/12\/lab4-88x67.jpeg 88w, https:\/\/fggm.unsa.edu.pe\/inggeologica\/wp-content\/uploads\/sites\/3\/2025\/12\/lab4-768x576.jpeg 768w\" sizes=\"auto, (max-width: 1280px) 100vw, 1280px\" \/><\/a><\/p>\n<p><strong>LABORATORIO DE CARACTERIZACI\u00d3N MINERAL\u00d3GICA<\/strong><\/p>\n<p><a href=\"https:\/\/fggm.unsa.edu.pe\/inggeologica\/wp-content\/uploads\/sites\/3\/2025\/12\/lab5.jpeg\"><img loading=\"lazy\" decoding=\"async\" class=\"alignnone size-full wp-image-2017\" src=\"https:\/\/fggm.unsa.edu.pe\/inggeologica\/wp-content\/uploads\/sites\/3\/2025\/12\/lab5.jpeg\" alt=\"\" width=\"1280\" height=\"960\" srcset=\"https:\/\/fggm.unsa.edu.pe\/inggeologica\/wp-content\/uploads\/sites\/3\/2025\/12\/lab5.jpeg 1280w, https:\/\/fggm.unsa.edu.pe\/inggeologica\/wp-content\/uploads\/sites\/3\/2025\/12\/lab5-88x67.jpeg 88w, https:\/\/fggm.unsa.edu.pe\/inggeologica\/wp-content\/uploads\/sites\/3\/2025\/12\/lab5-768x576.jpeg 768w\" sizes=\"auto, (max-width: 1280px) 100vw, 1280px\" \/><\/a><\/p>\n<p><strong>LABORATORIO DE C\u00d3MPUTO<\/strong><\/p>\n<p><a href=\"https:\/\/fggm.unsa.edu.pe\/inggeologica\/wp-content\/uploads\/sites\/3\/2025\/12\/lab1.jpeg\"><img loading=\"lazy\" decoding=\"async\" class=\"alignnone size-full wp-image-2013\" src=\"https:\/\/fggm.unsa.edu.pe\/inggeologica\/wp-content\/uploads\/sites\/3\/2025\/12\/lab1.jpeg\" alt=\"\" width=\"1280\" height=\"960\" srcset=\"https:\/\/fggm.unsa.edu.pe\/inggeologica\/wp-content\/uploads\/sites\/3\/2025\/12\/lab1.jpeg 1280w, https:\/\/fggm.unsa.edu.pe\/inggeologica\/wp-content\/uploads\/sites\/3\/2025\/12\/lab1-88x67.jpeg 88w, https:\/\/fggm.unsa.edu.pe\/inggeologica\/wp-content\/uploads\/sites\/3\/2025\/12\/lab1-768x576.jpeg 768w\" sizes=\"auto, (max-width: 1280px) 100vw, 1280px\" \/><\/a><\/p>\n<p>&nbsp;<\/p>\n<h3 style=\"text-align: center\"><\/h3>\n","protected":false},"excerpt":{"rendered":"<p>RESPONSABLES DE LOS LABORATORIOS LABORATORIO O TALLER RESPONSABLE RESOLUCI\u00d3N DECANAL Sensores Remotos Dr. Edgar Roque Guti\u00e9rrez Salinas No 015-2026-FCGM-UNSA Yacimientos de Hidrocarburos MSc. Olga Gisella Mart\u00ednez Rodr\u00edguez No 016-2026-FCGM-UNSA Micropaleontolog\u00eda y Palinolog\u00eda Dra. Basilia Vilma Garc\u00eda Flores de Nieto No 017-2026-FCGM-UNSA Estratigraf\u00eda y Sedimentolog\u00eda Dr. Antenor Edgardo Ch\u00e1vez Valencia No 018-2026-FCGM-UNSA Topograf\u00eda MSc. Willy Roberto [&hellip;]<\/p>\n","protected":false},"author":1,"featured_media":0,"parent":0,"menu_order":0,"comment_status":"closed","ping_status":"closed","template":"","meta":{"footnotes":""},"class_list":["post-1482","page","type-page","status-publish","hentry"],"_links":{"self":[{"href":"https:\/\/fggm.unsa.edu.pe\/inggeologica\/wp-json\/wp\/v2\/pages\/1482","targetHints":{"allow":["GET"]}}],"collection":[{"href":"https:\/\/fggm.unsa.edu.pe\/inggeologica\/wp-json\/wp\/v2\/pages"}],"about":[{"href":"https:\/\/fggm.unsa.edu.pe\/inggeologica\/wp-json\/wp\/v2\/types\/page"}],"author":[{"embeddable":true,"href":"https:\/\/fggm.unsa.edu.pe\/inggeologica\/wp-json\/wp\/v2\/users\/1"}],"replies":[{"embeddable":true,"href":"https:\/\/fggm.unsa.edu.pe\/inggeologica\/wp-json\/wp\/v2\/comments?post=1482"}],"version-history":[{"count":21,"href":"https:\/\/fggm.unsa.edu.pe\/inggeologica\/wp-json\/wp\/v2\/pages\/1482\/revisions"}],"predecessor-version":[{"id":2140,"href":"https:\/\/fggm.unsa.edu.pe\/inggeologica\/wp-json\/wp\/v2\/pages\/1482\/revisions\/2140"}],"wp:attachment":[{"href":"https:\/\/fggm.unsa.edu.pe\/inggeologica\/wp-json\/wp\/v2\/media?parent=1482"}],"curies":[{"name":"wp","href":"https:\/\/api.w.org\/{rel}","templated":true}]}}