{"id":1484,"date":"2019-11-06T15:08:00","date_gmt":"2019-11-06T20:08:00","guid":{"rendered":"https:\/\/fggm.unsa.edu.pe\/inggeologica\/?page_id=1484"},"modified":"2025-12-11T12:21:26","modified_gmt":"2025-12-11T17:21:26","slug":"personal-administrativo-2","status":"publish","type":"page","link":"https:\/\/fggm.unsa.edu.pe\/inggeologica\/personal-administrativo-2\/","title":{"rendered":"Personal Administrativo"},"content":{"rendered":"<p><strong>SECRETARIA ESCUELA DE GEOLOG\u00cdA:<\/strong><br \/>\nLic. Gretel Paola Medina Puma.<\/p>\n<p><strong>T\u00c9CNICO LABORATORIO DE C\u00d3MPUTO:<\/strong><br \/>\nIng. Richard Dennis D\u00edaz Vel\u00e1squez<\/p>\n<p><strong>T\u00c9CNICO LABORATORIO DE GEOT\u00c9CNIA:<\/strong><br \/>\nIng. Diory Brigitte Cervantes Urday.<\/p>\n","protected":false},"excerpt":{"rendered":"<p>SECRETARIA ESCUELA DE GEOLOG\u00cdA: Lic. Gretel Paola Medina Puma. T\u00c9CNICO LABORATORIO DE C\u00d3MPUTO: Ing. Richard Dennis D\u00edaz Vel\u00e1squez T\u00c9CNICO LABORATORIO DE GEOT\u00c9CNIA: Ing. Diory Brigitte Cervantes Urday.<\/p>\n","protected":false},"author":1,"featured_media":1198,"parent":0,"menu_order":0,"comment_status":"closed","ping_status":"closed","template":"","meta":{"footnotes":""},"class_list":["post-1484","page","type-page","status-publish","has-post-thumbnail","hentry"],"_links":{"self":[{"href":"https:\/\/fggm.unsa.edu.pe\/inggeologica\/wp-json\/wp\/v2\/pages\/1484","targetHints":{"allow":["GET"]}}],"collection":[{"href":"https:\/\/fggm.unsa.edu.pe\/inggeologica\/wp-json\/wp\/v2\/pages"}],"about":[{"href":"https:\/\/fggm.unsa.edu.pe\/inggeologica\/wp-json\/wp\/v2\/types\/page"}],"author":[{"embeddable":true,"href":"https:\/\/fggm.unsa.edu.pe\/inggeologica\/wp-json\/wp\/v2\/users\/1"}],"replies":[{"embeddable":true,"href":"https:\/\/fggm.unsa.edu.pe\/inggeologica\/wp-json\/wp\/v2\/comments?post=1484"}],"version-history":[{"count":12,"href":"https:\/\/fggm.unsa.edu.pe\/inggeologica\/wp-json\/wp\/v2\/pages\/1484\/revisions"}],"predecessor-version":[{"id":2010,"href":"https:\/\/fggm.unsa.edu.pe\/inggeologica\/wp-json\/wp\/v2\/pages\/1484\/revisions\/2010"}],"wp:featuredmedia":[{"embeddable":true,"href":"https:\/\/fggm.unsa.edu.pe\/inggeologica\/wp-json\/wp\/v2\/media\/1198"}],"wp:attachment":[{"href":"https:\/\/fggm.unsa.edu.pe\/inggeologica\/wp-json\/wp\/v2\/media?parent=1484"}],"curies":[{"name":"wp","href":"https:\/\/api.w.org\/{rel}","templated":true}]}}