{"id":1051,"date":"2017-07-04T18:13:52","date_gmt":"2017-07-04T18:13:52","guid":{"rendered":"http:\/\/www2.unsa.edu.pe\/escuelas\/ingminas\/?page_id=1051"},"modified":"2026-02-04T19:15:16","modified_gmt":"2026-02-05T00:15:16","slug":"presentacion","status":"publish","type":"page","link":"https:\/\/fggm.unsa.edu.pe\/ingminas\/presentacion\/","title":{"rendered":"Presentaci\u00f3n"},"content":{"rendered":"<p>El Programa de Estudios Ingenier\u00eda de Minas se encuentra en la ciudad de Arequipa, zona de importancia en ocurrencia de recursos minerales met\u00e1licos y rocas minerales industriales.<\/p>\n<p>Desde su creaci\u00f3n viene formando profesionales e innovando conocimientos para lograr nuevas tecnolog\u00edas en el \u00e1mbito de la miner\u00eda globalizada.<\/p>\n<p>El Plan estrat\u00e9gico del Programa de Estudios Ingenier\u00eda de Minas, es la gu\u00eda de los esfuerzos hacia la consecuci\u00f3n de metas en un momento en el que se acent\u00faa la necesidad de ser eficaces, eficientes y altamente productivos.<\/p>\n<p>Para fortalecer nuestro trabajo se tiene convenios estrat\u00e9gicos con universidades nacionales e internacionales y empresas del rubro minero.<\/p>\n<p><span style=\"color: #993366\"><strong><a style=\"color: #993366\" href=\"https:\/\/fggm.unsa.edu.pe\/ingminas\/wp-content\/uploads\/sites\/4\/2026\/02\/Brochure-del-Programa.pdf\">Brochure del Programa<\/a><\/strong><\/span><\/p>\n","protected":false},"excerpt":{"rendered":"<p>El Programa de Estudios Ingenier\u00eda de Minas se encuentra en la ciudad de Arequipa, zona de importancia en ocurrencia de recursos minerales met\u00e1licos y rocas minerales industriales. Desde su creaci\u00f3n viene formando profesionales e innovando conocimientos para lograr nuevas tecnolog\u00edas en el \u00e1mbito de la miner\u00eda globalizada. El Plan estrat\u00e9gico del Programa de Estudios Ingenier\u00eda [&hellip;]<\/p>\n","protected":false},"author":1,"featured_media":1573,"parent":0,"menu_order":0,"comment_status":"closed","ping_status":"closed","template":"","meta":{"footnotes":""},"class_list":["post-1051","page","type-page","status-publish","has-post-thumbnail","hentry"],"_links":{"self":[{"href":"https:\/\/fggm.unsa.edu.pe\/ingminas\/wp-json\/wp\/v2\/pages\/1051","targetHints":{"allow":["GET"]}}],"collection":[{"href":"https:\/\/fggm.unsa.edu.pe\/ingminas\/wp-json\/wp\/v2\/pages"}],"about":[{"href":"https:\/\/fggm.unsa.edu.pe\/ingminas\/wp-json\/wp\/v2\/types\/page"}],"author":[{"embeddable":true,"href":"https:\/\/fggm.unsa.edu.pe\/ingminas\/wp-json\/wp\/v2\/users\/1"}],"replies":[{"embeddable":true,"href":"https:\/\/fggm.unsa.edu.pe\/ingminas\/wp-json\/wp\/v2\/comments?post=1051"}],"version-history":[{"count":9,"href":"https:\/\/fggm.unsa.edu.pe\/ingminas\/wp-json\/wp\/v2\/pages\/1051\/revisions"}],"predecessor-version":[{"id":2229,"href":"https:\/\/fggm.unsa.edu.pe\/ingminas\/wp-json\/wp\/v2\/pages\/1051\/revisions\/2229"}],"wp:featuredmedia":[{"embeddable":true,"href":"https:\/\/fggm.unsa.edu.pe\/ingminas\/wp-json\/wp\/v2\/media\/1573"}],"wp:attachment":[{"href":"https:\/\/fggm.unsa.edu.pe\/ingminas\/wp-json\/wp\/v2\/media?parent=1051"}],"curies":[{"name":"wp","href":"https:\/\/api.w.org\/{rel}","templated":true}]}}