{"id":1053,"date":"2017-07-04T18:34:55","date_gmt":"2017-07-04T18:34:55","guid":{"rendered":"http:\/\/www2.unsa.edu.pe\/escuelas\/ingminas\/?page_id=1053"},"modified":"2026-01-29T01:44:47","modified_gmt":"2026-01-29T06:44:47","slug":"resena-historica","status":"publish","type":"page","link":"https:\/\/fggm.unsa.edu.pe\/ingminas\/resena-historica\/","title":{"rendered":"Rese\u00f1a Hist\u00f3rica"},"content":{"rendered":"<p>En sesi\u00f3n de Consejo Universitario del 24 de enero de 1995 fue creada la Escuela Profesional de Ingenier\u00eda de Minas, adscrita a la Facultad de Geolog\u00eda y Geof\u00edsica para su aprobaci\u00f3n final, de conformidad del Inc.(d) del Art. 32 de la Ley Universitaria 23733 e Inc. (f) Art. 82 del Estatuto de la UNSA.<\/p>\n<p>En sesi\u00f3n de Asamblea Universitaria del 17 de febrero de 1995 a propuesta del Consejo Universitario se volvi\u00f3 a tratar la creaci\u00f3n de nuevas escuelas profesionales; por estos considerandos de conformidad con la autonom\u00eda universitaria consagrada en el Art. 18 de la Constituci\u00f3n e Informe 012-95 de la Comisi\u00f3n Especial y con las atribuciones de la Ley Universitaria, se resuelve crear la Escuela Profesional de Ingenier\u00eda de Minas de la Facultad de Geolog\u00eda y Geof\u00edsica de la UNSA.<\/p>\n<p>Hasta el a\u00f1o 2026 contamos con m\u00e1s de 30 a\u00f1os de creaci\u00f3n y promociones de egresados.<\/p>\n<p>Los Directores del Programa de Estudios Ingenier\u00eda de Minas han sido los siguientes en orden cronol\u00f3gico:<\/p>\n<ul>\n<li>Ing. Carlos Agreda Turriate<\/li>\n<li>Ing. Jorge Teruya Teruya.<\/li>\n<li>Ing. Dante Melo Salinas<\/li>\n<li>MSc. Bruno Chaucayanqui Quisa<\/li>\n<li>MSc. Edgar Taddey Chacaltana<\/li>\n<li>MSc. Manuel Figueroa Galiano &#8211; Gesti\u00f3n 2016 &#8211; 2019<\/li>\n<li>Dr. Rolando Quispe Aquino &#8211; Gesti\u00f3n 2020 &#8211; 2023<\/li>\n<li>Dr. Bruno Chaucayanqui Quisa &#8211; Gesti\u00f3n 2024 &#8211; 2027<\/li>\n<\/ul>\n","protected":false},"excerpt":{"rendered":"<p>En sesi\u00f3n de Consejo Universitario del 24 de enero de 1995 fue creada la Escuela Profesional de Ingenier\u00eda de Minas, adscrita a la Facultad de Geolog\u00eda y Geof\u00edsica para su aprobaci\u00f3n final, de conformidad del Inc.(d) del Art. 32 de la Ley Universitaria 23733 e Inc. (f) Art. 82 del Estatuto de la UNSA. En [&hellip;]<\/p>\n","protected":false},"author":1,"featured_media":1272,"parent":0,"menu_order":0,"comment_status":"closed","ping_status":"closed","template":"","meta":{"footnotes":""},"class_list":["post-1053","page","type-page","status-publish","has-post-thumbnail","hentry"],"_links":{"self":[{"href":"https:\/\/fggm.unsa.edu.pe\/ingminas\/wp-json\/wp\/v2\/pages\/1053","targetHints":{"allow":["GET"]}}],"collection":[{"href":"https:\/\/fggm.unsa.edu.pe\/ingminas\/wp-json\/wp\/v2\/pages"}],"about":[{"href":"https:\/\/fggm.unsa.edu.pe\/ingminas\/wp-json\/wp\/v2\/types\/page"}],"author":[{"embeddable":true,"href":"https:\/\/fggm.unsa.edu.pe\/ingminas\/wp-json\/wp\/v2\/users\/1"}],"replies":[{"embeddable":true,"href":"https:\/\/fggm.unsa.edu.pe\/ingminas\/wp-json\/wp\/v2\/comments?post=1053"}],"version-history":[{"count":8,"href":"https:\/\/fggm.unsa.edu.pe\/ingminas\/wp-json\/wp\/v2\/pages\/1053\/revisions"}],"predecessor-version":[{"id":2224,"href":"https:\/\/fggm.unsa.edu.pe\/ingminas\/wp-json\/wp\/v2\/pages\/1053\/revisions\/2224"}],"wp:featuredmedia":[{"embeddable":true,"href":"https:\/\/fggm.unsa.edu.pe\/ingminas\/wp-json\/wp\/v2\/media\/1272"}],"wp:attachment":[{"href":"https:\/\/fggm.unsa.edu.pe\/ingminas\/wp-json\/wp\/v2\/media?parent=1053"}],"curies":[{"name":"wp","href":"https:\/\/api.w.org\/{rel}","templated":true}]}}