{"id":1055,"date":"2017-07-04T18:35:58","date_gmt":"2017-07-04T18:35:58","guid":{"rendered":"http:\/\/www2.unsa.edu.pe\/escuelas\/ingminas\/?page_id=1055"},"modified":"2026-01-27T16:43:30","modified_gmt":"2026-01-27T21:43:30","slug":"objetivos-educacionales","status":"publish","type":"page","link":"https:\/\/fggm.unsa.edu.pe\/ingminas\/objetivos-educacionales\/","title":{"rendered":"Objetivos Educacionales"},"content":{"rendered":"<p>Los objetivos educacionales del programa se han definido de manera que los egresados de Ingenier\u00eda de Minas presenten:<\/p>\n<ol>\n<li><strong> Competencia t\u00e9cnica, <\/strong>competentes en el desarrollo e innovaci\u00f3n en la miner\u00eda, explotaci\u00f3n subterr\u00e1nea y superficial, en sus diferentes campos de aplicaci\u00f3n.<\/li>\n<li><strong>Liderazgo, <\/strong>l\u00edderes \u00edntegros, \u00e9ticos y responsables capaces de dirigir e interactuar en grupos multidisciplinarios apuntando al logro de metas y objetivos.<\/li>\n<li><strong>Profesionalismo, <\/strong>a trav\u00e9s de un comportamiento \u00e9tico y responsable, tanto en actividades ciudadanas como profesionales.<\/li>\n<li><strong>Capacitaci\u00f3n permanente <\/strong>para mantenerse actualizados y competitivos de acuerdo al avance tecnol\u00f3gico y las nuevas metodolog\u00edas seg\u00fan los avances de la ciencia y la tecnolog\u00eda, aportando al progreso de la regi\u00f3n y el pa\u00eds.<\/li>\n<\/ol>\n<p>&nbsp;<\/p>\n<p><strong>MEDICI\u00d3N Y EVALUACI\u00d3N DE LOS OBJETIVOS EDUCACIONALES DEL PROGRAMA.<\/strong><\/p>\n<p><a href=\"https:\/\/fggm.unsa.edu.pe\/ingminas\/wp-content\/uploads\/sites\/4\/2026\/01\/6.-Medicion-y-Evaluacion-de-los-OE-por-el-CC-del-Programa.pdf\">Medici\u00f3n y Evaluaci\u00f3n de los Objetivos Educacionales por el Comit\u00e9 Consultivo del Programa &#8211; 2025<\/a><\/p>\n<p><a href=\"https:\/\/drive.google.com\/file\/d\/18fB0hWiHxtANatHksOh7oykqdFBO76cU\/view?usp=drive_link\">Medici\u00f3n y Evaluaci\u00f3n de los Objetivos Educacionales en estudiantes del Programa &#8211; 2025<\/a><\/p>\n<p><a href=\"https:\/\/drive.google.com\/file\/d\/1a-jlBAOiojVzkqcyfwjf5qqsm0nhY0iu\/view?usp=drive_link\">Medici\u00f3n y Evaluaci\u00f3n de los Objetivos Educacionales en egresados del Programa &#8211; 2025<\/a><\/p>\n<p>&nbsp;<\/p>\n","protected":false},"excerpt":{"rendered":"<p>Los objetivos educacionales del programa se han definido de manera que los egresados de Ingenier\u00eda de Minas presenten: Competencia t\u00e9cnica, competentes en el desarrollo e innovaci\u00f3n en la miner\u00eda, explotaci\u00f3n subterr\u00e1nea y superficial, en sus diferentes campos de aplicaci\u00f3n. Liderazgo, l\u00edderes \u00edntegros, \u00e9ticos y responsables capaces de dirigir e interactuar en grupos multidisciplinarios apuntando al [&hellip;]<\/p>\n","protected":false},"author":1,"featured_media":1567,"parent":0,"menu_order":0,"comment_status":"closed","ping_status":"closed","template":"","meta":{"footnotes":""},"class_list":["post-1055","page","type-page","status-publish","has-post-thumbnail","hentry"],"_links":{"self":[{"href":"https:\/\/fggm.unsa.edu.pe\/ingminas\/wp-json\/wp\/v2\/pages\/1055","targetHints":{"allow":["GET"]}}],"collection":[{"href":"https:\/\/fggm.unsa.edu.pe\/ingminas\/wp-json\/wp\/v2\/pages"}],"about":[{"href":"https:\/\/fggm.unsa.edu.pe\/ingminas\/wp-json\/wp\/v2\/types\/page"}],"author":[{"embeddable":true,"href":"https:\/\/fggm.unsa.edu.pe\/ingminas\/wp-json\/wp\/v2\/users\/1"}],"replies":[{"embeddable":true,"href":"https:\/\/fggm.unsa.edu.pe\/ingminas\/wp-json\/wp\/v2\/comments?post=1055"}],"version-history":[{"count":19,"href":"https:\/\/fggm.unsa.edu.pe\/ingminas\/wp-json\/wp\/v2\/pages\/1055\/revisions"}],"predecessor-version":[{"id":2192,"href":"https:\/\/fggm.unsa.edu.pe\/ingminas\/wp-json\/wp\/v2\/pages\/1055\/revisions\/2192"}],"wp:featuredmedia":[{"embeddable":true,"href":"https:\/\/fggm.unsa.edu.pe\/ingminas\/wp-json\/wp\/v2\/media\/1567"}],"wp:attachment":[{"href":"https:\/\/fggm.unsa.edu.pe\/ingminas\/wp-json\/wp\/v2\/media?parent=1055"}],"curies":[{"name":"wp","href":"https:\/\/api.w.org\/{rel}","templated":true}]}}