{"id":1061,"date":"2017-07-04T18:45:41","date_gmt":"2017-07-04T18:45:41","guid":{"rendered":"http:\/\/www2.unsa.edu.pe\/escuelas\/ingminas\/?page_id=1061"},"modified":"2017-07-04T18:45:41","modified_gmt":"2017-07-04T18:45:41","slug":"campo-ocupacional","status":"publish","type":"page","link":"https:\/\/fggm.unsa.edu.pe\/ingminas\/campo-ocupacional\/","title":{"rendered":"Campo Ocupacional"},"content":{"rendered":"<p>El Ingeniero de Minas graduado en la Escuela Profesional de Ingenier\u00eda de Minas de la Universidad Nacional de San Agust\u00edn de Arequipa, estar\u00e1 en condiciones de desempe\u00f1ar con eficiencia en empresas mineras y\/o estatales las siguientes funciones principales:<\/p>\n<ul>\n<li>Como Ingeniero de Minas en los departamentos de Planeamiento de Minas, Perforaci\u00f3n y Voladura, Operaciones (producci\u00f3n).<\/li>\n<li>Como Ingeniero de Planeamiento, Dise\u00f1o, Control y Evaluaci\u00f3n de Mec\u00e1nica de Rocas y estabilidad de Taludes, Geot\u00e9cnica, etc.<\/li>\n<li>Como Superintendente de Minas, Gerente General en cualquier empresa minera.<\/li>\n<li>Como Profesional Independiente (Consultor y\/o Asesor)<\/li>\n<li>Como Docente Universitario<\/li>\n<li>Como Investigador<\/li>\n<li>Como Analista de Sistemas Mineros para optimizar la producci\u00f3n y minimizar costos<\/li>\n<li>Como Ingeniero de Seguridad y Medio Ambiente.<\/li>\n<\/ul>\n<p>El Ingeniero de Minas podr\u00e1 trabajar en las empresas y entidades mineras, e instituciones p\u00fablicas o privadas, en sus diferentes niveles como:<\/p>\n<ul>\n<li>Jefe de secci\u00f3n de guardia o de \u00e1rea, en planeamiento de minas, perforaci\u00f3n y voladura, extracci\u00f3n y transporte de minerales, etc.<\/li>\n<li>Superintendente de mina en control y evaluaci\u00f3n de la producci\u00f3n y de toda su unidad.<\/li>\n<li>Gerenciamiento y supervisi\u00f3n general al m\u00e1s alto nivel.<\/li>\n<li>Profesional independiente como consultor y\/o asesor en explotaci\u00f3n, extracci\u00f3n, transporte, optimizaci\u00f3n de los diferentes m\u00e9todos en seguridad y medio ambiente.<\/li>\n<li>Docente universitario, ense\u00f1anza de materias de la especialidad minera y afines.<\/li>\n<li>Investigaci\u00f3n en mejora y optimizaci\u00f3n de m\u00e9todo para el trabajo minero entre otros.<\/li>\n<li>En el desarrollo de planificar, dise\u00f1ar, ejecutar, controlar y optimizar operaciones unitarias en el ciclo total de minado que comprenden perforaci\u00f3n, voladura, acarreo, operaciones secundarias y auxiliares, chancado primario, etc.<\/li>\n<\/ul>\n","protected":false},"excerpt":{"rendered":"<p>El Ingeniero de Minas graduado en la Escuela Profesional de Ingenier\u00eda de Minas de la Universidad Nacional de San Agust\u00edn de Arequipa, estar\u00e1 en condiciones de desempe\u00f1ar con eficiencia en empresas mineras y\/o estatales las siguientes funciones principales: Como Ingeniero de Minas en los departamentos de Planeamiento de Minas, Perforaci\u00f3n y Voladura, Operaciones (producci\u00f3n). Como [&hellip;]<\/p>\n","protected":false},"author":1,"featured_media":0,"parent":0,"menu_order":0,"comment_status":"closed","ping_status":"closed","template":"","meta":{"footnotes":""},"class_list":["post-1061","page","type-page","status-publish","hentry"],"_links":{"self":[{"href":"https:\/\/fggm.unsa.edu.pe\/ingminas\/wp-json\/wp\/v2\/pages\/1061","targetHints":{"allow":["GET"]}}],"collection":[{"href":"https:\/\/fggm.unsa.edu.pe\/ingminas\/wp-json\/wp\/v2\/pages"}],"about":[{"href":"https:\/\/fggm.unsa.edu.pe\/ingminas\/wp-json\/wp\/v2\/types\/page"}],"author":[{"embeddable":true,"href":"https:\/\/fggm.unsa.edu.pe\/ingminas\/wp-json\/wp\/v2\/users\/1"}],"replies":[{"embeddable":true,"href":"https:\/\/fggm.unsa.edu.pe\/ingminas\/wp-json\/wp\/v2\/comments?post=1061"}],"version-history":[{"count":0,"href":"https:\/\/fggm.unsa.edu.pe\/ingminas\/wp-json\/wp\/v2\/pages\/1061\/revisions"}],"wp:attachment":[{"href":"https:\/\/fggm.unsa.edu.pe\/ingminas\/wp-json\/wp\/v2\/media?parent=1061"}],"curies":[{"name":"wp","href":"https:\/\/api.w.org\/{rel}","templated":true}]}}