{"id":1063,"date":"2017-07-04T18:47:16","date_gmt":"2017-07-04T18:47:16","guid":{"rendered":"http:\/\/www2.unsa.edu.pe\/escuelas\/ingminas\/?page_id=1063"},"modified":"2018-07-10T16:09:26","modified_gmt":"2018-07-10T21:09:26","slug":"grados-y-titulos","status":"publish","type":"page","link":"https:\/\/fggm.unsa.edu.pe\/ingminas\/grados-y-titulos\/","title":{"rendered":"Grados y T\u00edtulos"},"content":{"rendered":"<ul>\n<li><strong>GRADO ACAD\u00c9MICO:<br \/>\n<\/strong>Bachiller en Ingenier\u00eda de Minas<\/li>\n<\/ul>\n<ul>\n<li><strong>T\u00cdTULO PROFESIONAL:<br \/>\n<\/strong>Ingeniero de Minas<\/li>\n<\/ul>\n","protected":false},"excerpt":{"rendered":"<p>GRADO ACAD\u00c9MICO: Bachiller en Ingenier\u00eda de Minas T\u00cdTULO PROFESIONAL: Ingeniero de Minas<\/p>\n","protected":false},"author":1,"featured_media":0,"parent":0,"menu_order":0,"comment_status":"closed","ping_status":"closed","template":"","meta":{"footnotes":""},"class_list":["post-1063","page","type-page","status-publish","hentry"],"_links":{"self":[{"href":"https:\/\/fggm.unsa.edu.pe\/ingminas\/wp-json\/wp\/v2\/pages\/1063","targetHints":{"allow":["GET"]}}],"collection":[{"href":"https:\/\/fggm.unsa.edu.pe\/ingminas\/wp-json\/wp\/v2\/pages"}],"about":[{"href":"https:\/\/fggm.unsa.edu.pe\/ingminas\/wp-json\/wp\/v2\/types\/page"}],"author":[{"embeddable":true,"href":"https:\/\/fggm.unsa.edu.pe\/ingminas\/wp-json\/wp\/v2\/users\/1"}],"replies":[{"embeddable":true,"href":"https:\/\/fggm.unsa.edu.pe\/ingminas\/wp-json\/wp\/v2\/comments?post=1063"}],"version-history":[{"count":3,"href":"https:\/\/fggm.unsa.edu.pe\/ingminas\/wp-json\/wp\/v2\/pages\/1063\/revisions"}],"predecessor-version":[{"id":1553,"href":"https:\/\/fggm.unsa.edu.pe\/ingminas\/wp-json\/wp\/v2\/pages\/1063\/revisions\/1553"}],"wp:attachment":[{"href":"https:\/\/fggm.unsa.edu.pe\/ingminas\/wp-json\/wp\/v2\/media?parent=1063"}],"curies":[{"name":"wp","href":"https:\/\/api.w.org\/{rel}","templated":true}]}}