{"id":1554,"date":"2018-07-10T16:10:08","date_gmt":"2018-07-10T21:10:08","guid":{"rendered":"https:\/\/fggm.unsa.edu.pe\/ingminas\/?page_id=1554"},"modified":"2023-12-04T10:52:57","modified_gmt":"2023-12-04T15:52:57","slug":"plan-de-estudios","status":"publish","type":"page","link":"https:\/\/fggm.unsa.edu.pe\/ingminas\/plan-de-estudios\/","title":{"rendered":"Plan de Estudios"},"content":{"rendered":"<p><a href=\"https:\/\/fggm.unsa.edu.pe\/ingminas\/wp-content\/uploads\/sites\/4\/2023\/12\/Anexo-N-17-Formato-C1-Malla-curricular-y-analisis-de-creditos-academicos-2.xlsx\">Anexo N 17 Formato C1 &#8211; Malla curricular y an\u00e1lisis de cr\u00e9ditos acad\u00e9micos (Descargar XLS)<\/a><\/p>\n","protected":false},"excerpt":{"rendered":"<p>Anexo N 17 Formato C1 &#8211; Malla curricular y an\u00e1lisis de cr\u00e9ditos acad\u00e9micos (Descargar XLS)<\/p>\n","protected":false},"author":1,"featured_media":0,"parent":0,"menu_order":0,"comment_status":"closed","ping_status":"closed","template":"page-planestudios.php","meta":{"footnotes":""},"class_list":["post-1554","page","type-page","status-publish","hentry"],"_links":{"self":[{"href":"https:\/\/fggm.unsa.edu.pe\/ingminas\/wp-json\/wp\/v2\/pages\/1554","targetHints":{"allow":["GET"]}}],"collection":[{"href":"https:\/\/fggm.unsa.edu.pe\/ingminas\/wp-json\/wp\/v2\/pages"}],"about":[{"href":"https:\/\/fggm.unsa.edu.pe\/ingminas\/wp-json\/wp\/v2\/types\/page"}],"author":[{"embeddable":true,"href":"https:\/\/fggm.unsa.edu.pe\/ingminas\/wp-json\/wp\/v2\/users\/1"}],"replies":[{"embeddable":true,"href":"https:\/\/fggm.unsa.edu.pe\/ingminas\/wp-json\/wp\/v2\/comments?post=1554"}],"version-history":[{"count":5,"href":"https:\/\/fggm.unsa.edu.pe\/ingminas\/wp-json\/wp\/v2\/pages\/1554\/revisions"}],"predecessor-version":[{"id":2008,"href":"https:\/\/fggm.unsa.edu.pe\/ingminas\/wp-json\/wp\/v2\/pages\/1554\/revisions\/2008"}],"wp:attachment":[{"href":"https:\/\/fggm.unsa.edu.pe\/ingminas\/wp-json\/wp\/v2\/media?parent=1554"}],"curies":[{"name":"wp","href":"https:\/\/api.w.org\/{rel}","templated":true}]}}