{"id":1568,"date":"2018-12-26T11:21:54","date_gmt":"2018-12-26T16:21:54","guid":{"rendered":"https:\/\/fggm.unsa.edu.pe\/ingminas\/?page_id=1568"},"modified":"2026-02-04T19:37:47","modified_gmt":"2026-02-05T00:37:47","slug":"atributos-del-graduado-del-programa-de-ingenieria-de-minas","status":"publish","type":"page","link":"https:\/\/fggm.unsa.edu.pe\/ingminas\/atributos-del-graduado-del-programa-de-ingenieria-de-minas\/","title":{"rendered":"Atributos del graduado del Programa de Estudios de Ingenier\u00eda de Minas"},"content":{"rendered":"<p>&nbsp;<\/p>\n<h4><strong><span style=\"color: #0000ff\"><a href=\"https:\/\/fggm.unsa.edu.pe\/ingminas\/wp-content\/uploads\/sites\/4\/2026\/01\/3.-Evaluacion-de-los-AG-por-el-CC-del-Programa.pdf\">Evaluaci\u00f3n de los atributos de graduado por el Comit\u00e9 Consultivo del Programa &#8211; 2025.<\/a><\/span><\/strong><\/h4>\n<p>&nbsp;<\/p>\n<h4><strong><a href=\"https:\/\/drive.google.com\/file\/d\/1TjqGvksYV6EjlDlhBVYZgyLd1FFph2eB\/view?usp=drive_link\">Evaluaci\u00f3n de los atributos del graduado en Estudiantes del Programa &#8211; 2025<\/a><\/strong><\/h4>\n<p>&nbsp;<\/p>\n<h4><strong><a href=\"https:\/\/drive.google.com\/file\/d\/1y7xcL5BsSLgrFvkN4GSYDtqIUyX-FrWd\/view?usp=drive_link\">Evaluaci\u00f3n de los atributos del graduado en Egresados del Programa &#8211; 2025<\/a><\/strong><\/h4>\n<p>&nbsp;<\/p>\n<div class=\"cua-obj\"><strong>AG-I01<\/strong> <strong>El profesional y el mundo:<\/strong> Participa en el crecimiento sostenido de la actividad minera respetando las disposiciones legales vigentes, relacionados al Medio Ambiente, Seguridad y Salud Ocupacional, con responsabilidad social respetando creencias, lenguas, costumbres y tradiciones de las personas y comunidades involucradas.<\/div>\n<div class=\"cua-obj\"><strong>AG-I02 <\/strong><strong>\u00c9tica:<\/strong> El egresado de Ingenier\u00eda de Minas en su desarrollo personal aplica principios \u00e9ticos y responsabilidad profesional que son reglas b\u00e1sicas para el ejercicio profesional de la Ingenier\u00eda de Minas.<\/div>\n<div class=\"cua-obj\"><strong>AG-I03 <\/strong><strong>Trabajo Individual y en Equipo:<\/strong> El egresado de ingenier\u00eda de Minas tiene la capacidad de liderar equipos de trabajo, e individualmente tiene la capacidad de integrarse a equipos de trabajo multidisciplinarios para solucionar problemas de procesos complejos.<\/div>\n<div class=\"cua-obj\"><strong>AG-I04 <\/strong><strong>Comunicaci\u00f3n:<\/strong> El egresado de Ingenier\u00eda de Minas aplica relaciones interpersonales y comunicaci\u00f3n asertiva basada en una escucha activa, empat\u00eda e inter\u00e9s por resolver problemas en los procesos mineros, interact\u00faa con el sector minero y con la sociedad en general, redactando comunicaci\u00f3n escrita y verbal y hace presentaciones eficaces en las exposiciones. <\/div>\n<div class=\"cua-obj\"><strong>AG-I05 <\/strong><strong>Gesti\u00f3n de Proyectos:<\/strong> El egresado de Ingenier\u00eda de Minas con su s\u00f3lida formaci\u00f3n acad\u00e9mica gestiona la viabilidad de proyectos lo que le permite tener una visi\u00f3n t\u00e9cnico econ\u00f3mico para crear y gestionar proyectos de corto, mediano y largo plazo en la industria minera, sistemas integrados en los procesos mineros.<\/div>\n<div class=\"cua-obj\"><strong>AG-I06 <\/strong><strong>Aprendizaje a lo largo de la vida:<\/strong> Es flexible y consciente de su desenvolvimiento profesional en un mundo de cambio constante; es anal\u00edtico y aplica diferentes enfoques para la resoluci\u00f3n de problemas propios de la profesi\u00f3n, haciendo uso de herramientas t\u00e9cnicas especializadas y de los \u00faltimos avances en materia de tecnolog\u00eda.<\/div>\n<div class=\"cua-obj\"><strong>AG-I07 <\/strong><strong>Conocimientos de Ingenier\u00eda:<\/strong> El egresado tiene la capacidad de aplicar conocimientos de las ciencias b\u00e1sicas de acuerdo al resultado del estudiante. <\/div>\n<div class=\"cua-obj\"><strong>AG-I08 <\/strong><strong>An\u00e1lisis de Problemas:<\/strong> El egresado de Ingenier\u00eda de Minas aplica conocimientos de gerencia, econom\u00eda, costos, formula y eval\u00faa proyectos para la soluci\u00f3n de problemas complejos usando principios b\u00e1sicos de las ciencias de la ingenier\u00eda. <\/div>\n<div class=\"cua-obj\"><strong>AG-I09 <\/strong><strong>Dise\u00f1o y Desarrollo de Soluciones:<\/strong> La capacidad de dise\u00f1ar M\u00e9todos y sistemas de explotaci\u00f3n de Minas superficial y subterr\u00e1nea, Dise\u00f1o de sostenimiento, Sistemas de ventilaci\u00f3n, Planeamiento, Sistemas de extracci\u00f3n. <\/div>\n<div class=\"cua-obj\"><strong>AG-I10 <\/strong><strong>Investigaci\u00f3n:<\/strong> El egresado tiene la capacidad de realizar estudios de simulaci\u00f3n experimental a nivel de laboratorio aplicados a problemas complejos de planeamiento de minado, aplicando m\u00e9todos de investigaci\u00f3n cient\u00edfica para el an\u00e1lisis e interpretaci\u00f3n de informaci\u00f3n relacionadas a los procesos mineros.<\/div>\n<div class=\"cua-obj\"><strong>AG-I11 <\/strong><strong>Uso de Herramientas:<\/strong> Aplica modelos matem\u00e1ticos y simulaci\u00f3n con software, como herramientas de la ingenier\u00eda moderna y las tecnolog\u00edas de la informaci\u00f3n, relacionados a la planificaci\u00f3n y explotaci\u00f3n minera, para optimizar los procesos.<\/div>\n<p><span style=\"color: #0000ff\"><strong><a style=\"color: #0000ff\" href=\"https:\/\/fggm.unsa.edu.pe\/ingminas\/wp-content\/uploads\/sites\/4\/2020\/09\/Medici\u00f3n-de-los-resultados-del-estudiante-Programa-Profesional-de-Ingenier\u00eda-de-Minas.pdf\">Medici\u00f3n de los resultados del estudiante &#8211; 2020<\/a><\/strong><\/span><\/p>\n<p>&nbsp;<\/p>\n","protected":false},"excerpt":{"rendered":"<p>&nbsp; Evaluaci\u00f3n de los atributos de graduado por el Comit\u00e9 Consultivo del Programa &#8211; 2025. &nbsp; Evaluaci\u00f3n de los atributos del graduado en Estudiantes del Programa &#8211; 2025 &nbsp; Evaluaci\u00f3n de los atributos del graduado en Egresados del Programa &#8211; 2025 &nbsp; Medici\u00f3n de los resultados del estudiante &#8211; 2020 &nbsp;<\/p>\n","protected":false},"author":1,"featured_media":0,"parent":0,"menu_order":0,"comment_status":"closed","ping_status":"closed","template":"page-blanco.php","meta":{"footnotes":""},"class_list":["post-1568","page","type-page","status-publish","hentry"],"_links":{"self":[{"href":"https:\/\/fggm.unsa.edu.pe\/ingminas\/wp-json\/wp\/v2\/pages\/1568","targetHints":{"allow":["GET"]}}],"collection":[{"href":"https:\/\/fggm.unsa.edu.pe\/ingminas\/wp-json\/wp\/v2\/pages"}],"about":[{"href":"https:\/\/fggm.unsa.edu.pe\/ingminas\/wp-json\/wp\/v2\/types\/page"}],"author":[{"embeddable":true,"href":"https:\/\/fggm.unsa.edu.pe\/ingminas\/wp-json\/wp\/v2\/users\/1"}],"replies":[{"embeddable":true,"href":"https:\/\/fggm.unsa.edu.pe\/ingminas\/wp-json\/wp\/v2\/comments?post=1568"}],"version-history":[{"count":29,"href":"https:\/\/fggm.unsa.edu.pe\/ingminas\/wp-json\/wp\/v2\/pages\/1568\/revisions"}],"predecessor-version":[{"id":2239,"href":"https:\/\/fggm.unsa.edu.pe\/ingminas\/wp-json\/wp\/v2\/pages\/1568\/revisions\/2239"}],"wp:attachment":[{"href":"https:\/\/fggm.unsa.edu.pe\/ingminas\/wp-json\/wp\/v2\/media?parent=1568"}],"curies":[{"name":"wp","href":"https:\/\/api.w.org\/{rel}","templated":true}]}}