{"id":1602,"date":"2020-05-28T10:06:14","date_gmt":"2020-05-28T15:06:14","guid":{"rendered":"https:\/\/fggm.unsa.edu.pe\/ingminas\/?page_id=1602"},"modified":"2021-12-23T09:44:40","modified_gmt":"2021-12-23T14:44:40","slug":"tutoria","status":"publish","type":"page","link":"https:\/\/fggm.unsa.edu.pe\/ingminas\/tutoria\/","title":{"rendered":"Tutor\u00eda"},"content":{"rendered":"<p style=\"text-align: center\"><img loading=\"lazy\" decoding=\"async\" class=\"aligncenter wp-image-1850\" src=\"https:\/\/fggm.unsa.edu.pe\/ingminas\/wp-content\/uploads\/sites\/4\/2020\/09\/WhatsApp-Image-2020-09-30-at-19.23.18.jpeg\" alt=\"\" width=\"547\" height=\"598\" srcset=\"https:\/\/fggm.unsa.edu.pe\/ingminas\/wp-content\/uploads\/sites\/4\/2020\/09\/WhatsApp-Image-2020-09-30-at-19.23.18.jpeg 1170w, https:\/\/fggm.unsa.edu.pe\/ingminas\/wp-content\/uploads\/sites\/4\/2020\/09\/WhatsApp-Image-2020-09-30-at-19.23.18-768x840.jpeg 768w\" sizes=\"auto, (max-width: 547px) 100vw, 547px\" \/><\/p>\n<p style=\"text-align: center\">Enlace\u00a0<span style=\"color: #0000ff\"><strong><a style=\"color: #0000ff\" href=\"https:\/\/meet.google.com\/spo-knsj-rpp\">https:\/\/meet.google.com\/spo-knsj-rpp<\/a><\/strong><\/span><\/p>\n<p style=\"text-align: center\"><img loading=\"lazy\" decoding=\"async\" class=\" wp-image-1637 aligncenter\" src=\"https:\/\/fggm.unsa.edu.pe\/ingminas\/wp-content\/uploads\/sites\/4\/2020\/07\/WhatsApp-Image-2020-07-10-at-06.33.26.jpeg\" alt=\"\" width=\"524\" height=\"696\" \/><\/p>\n<h2 style=\"text-align: center\"><strong>TUTOR\u00cdA POR EL PROGRAMA PROFESIONAL DE INGENIER\u00cdA DE MINAS 2020<\/strong><\/h2>\n<table style=\"height: 816px\" width=\"581\">\n<tbody>\n<tr>\n<td width=\"34\">\n<p style=\"text-align: left\"><strong>N\u00b0<\/strong><\/p>\n<\/td>\n<td style=\"text-align: left\" width=\"245\"><strong>DOCENTE<\/strong><\/td>\n<td style=\"text-align: left\" width=\"166\"><\/td>\n<td style=\"text-align: left\" width=\"100\"><\/td>\n<\/tr>\n<tr>\n<td width=\"34\">1<\/td>\n<td width=\"245\">Dr. Marco Antonio Valenzuela Salas<\/td>\n<td width=\"166\"><\/td>\n<td width=\"100\"><\/td>\n<\/tr>\n<tr>\n<td width=\"34\">2<\/td>\n<td width=\"245\">MSc. Bruno Emilio Chaucayanqui Quisa<\/td>\n<td width=\"166\"><\/td>\n<td width=\"100\"><\/td>\n<\/tr>\n<tr>\n<td width=\"34\">3<\/td>\n<td width=\"245\">MSc. Manuel Rub\u00e9n Figueroa Galiano<\/td>\n<td width=\"166\"><\/td>\n<td width=\"100\"><\/td>\n<\/tr>\n<tr>\n<td width=\"34\">4<\/td>\n<td width=\"245\">MSc. Rolando Quispe Aquino<\/td>\n<td width=\"166\"><\/td>\n<td width=\"100\"><\/td>\n<\/tr>\n<tr>\n<td width=\"34\">5<\/td>\n<td width=\"245\">MSc. Luciano Alejandro Taco Prado<\/td>\n<td width=\"166\"><\/td>\n<td width=\"100\"><\/td>\n<\/tr>\n<tr>\n<td width=\"34\">6<\/td>\n<td width=\"245\">MSc. Edgar Ralph Taddey Chacaltana<\/td>\n<td width=\"166\"><\/td>\n<td width=\"100\"><\/td>\n<\/tr>\n<tr>\n<td width=\"34\">7<\/td>\n<td width=\"245\">MSc. Ubaldo Tapia Huaman\u00ed<\/td>\n<td width=\"166\"><\/td>\n<td width=\"100\"><\/td>\n<\/tr>\n<tr>\n<td width=\"34\">8<\/td>\n<td width=\"245\">MSc. Jorge Freddy Enr\u00edquez Ramos<\/td>\n<td width=\"166\"><\/td>\n<td width=\"100\"><\/td>\n<\/tr>\n<tr>\n<td width=\"34\">9<\/td>\n<td width=\"245\">MSc. Eberth Saire Bocangel<\/td>\n<td width=\"166\"><\/td>\n<td width=\"100\"><\/td>\n<\/tr>\n<tr>\n<td width=\"34\">10<\/td>\n<td width=\"245\">MSc. Omar Willy Paredes Salas<\/td>\n<td width=\"166\"><\/td>\n<td width=\"100\"><\/td>\n<\/tr>\n<tr>\n<td width=\"34\">11<\/td>\n<td width=\"245\">MSc. Edward Fabian Vizcarra Mogrovejo<\/td>\n<td width=\"166\"><\/td>\n<td width=\"100\"><\/td>\n<\/tr>\n<tr>\n<td style=\"text-align: left\" width=\"34\">12<\/td>\n<td style=\"text-align: left\" width=\"245\">Ing. Reynaldo Sabino Canahua Loza<\/td>\n<td style=\"text-align: left\" width=\"166\"><\/td>\n<td width=\"100\">\n<p style=\"text-align: left\">\n<\/td>\n<\/tr>\n<\/tbody>\n<\/table>\n<p>&nbsp;<\/p>\n<p>El Programa de Ingenier\u00eda de Minas brinda tutor\u00eda y orientaci\u00f3n acad\u00e9mica y profesional a los estudiantes en base al Reglamento de Organizaci\u00f3n y Funciones (ROF) de la UNSA.<\/p>\n<p>La orientaci\u00f3n y consejer\u00eda a los estudiantes se realiza mediante atenci\u00f3n personalizada estudiantes, as\u00ed como a trav\u00e9s de seminarios impartidos por docentes y\/o por profesionales invitados y destacados de las diferentes empresas relacionadas a la carrera teniendo como principal objetivo su futura inserci\u00f3n en el campo laboral, en empresas mineras e Instituciones privadas.<\/p>\n<p>Todos los estudiantes tienen asignado un docente-tutor para su apoyo durante los estudios universitarios. Cada docente-tutor tiene asignado un promedio de 25 estudiantes. Los estudiantes son informados de su tutor al momento de su primera matr\u00edcula y permanecer\u00e1n en contacto con el tutor a lo largo de los cinco a\u00f1os de estudios.<\/p>\n<p>Todos los docentes (a tiempo completo y tiempo parcial) tienen asignadas dos horas semanales para actividades de tutor\u00eda y orientaci\u00f3n a estudiantes.<\/p>\n<p>Los estudiantes de los \u00faltimos semestres reciben orientaci\u00f3n sobre su futura carrera profesional en temas como pr\u00e1ctica pre-profesionales, oportunidades laborales, cursos de posgrado, certificaciones, especializaciones, pasant\u00edas, participaci\u00f3n en congresos, etc.<\/p>\n<p><span style=\"color: #0000ff\"><strong><a style=\"color: #0000ff\" href=\"https:\/\/fggm.unsa.edu.pe\/ingminas\/wp-content\/uploads\/sites\/4\/2020\/09\/Comisi\u00f3n-de-Tutor\u00eda-del-Programa-Profesional-de-Ingenier\u00eda-de-Minas-2020.pdf\">Comisi\u00f3n de Tutor\u00eda del Programa Profesional de Ingenier\u00eda de Minas 2020<\/a><\/strong><\/span><\/p>\n<p><strong>Oficina de apoyo psicopedag\u00f3gico <\/strong><\/p>\n<p>La UNSA cuenta con una Oficina de Apoyo Psicopedag\u00f3gico (OAP) que desempe\u00f1a funciones ligadas a la orientaci\u00f3n, detecci\u00f3n de problemas de aprendizaje y comunitarios; formaci\u00f3n personal de los estudiantes; prevenci\u00f3n de la violencia sexual; desarrolla proyectos referentes a la educaci\u00f3n de la sexualidad, la inclusi\u00f3n y la interculturalidad.<\/p>\n<p>En caso de que el alumno tenga problemas familiares o econ\u00f3micos se deriva al alumno a la Oficina de Bienestar, para la ayuda personal correspondiente, ya que los programas y servicios de bienestar universitario est\u00e1n constituidos por actividades de promoci\u00f3n y prevenci\u00f3n de salud, control m\u00e9dico peri\u00f3dico, salud y seguridad en el trabajo (Leyes 29783 y 30220), recreaci\u00f3n, cultura, arte, deporte, servicio social, alimentaci\u00f3n, transporte, becas y programas de asistencia universitaria.<\/p>\n<p>Acceso:<\/p>\n<p><a href=\"http:\/\/190.119.145.150:8001\/unsa_oap\/rx_servlet_otr_tut_pre\"><strong><span style=\"color: #0000ff\">http:\/\/190.119.145.150:8001\/unsa_oap\/rx_servlet_otr_tut_pre<\/span><\/strong><\/a><\/p>\n","protected":false},"excerpt":{"rendered":"<p>Enlace\u00a0https:\/\/meet.google.com\/spo-knsj-rpp TUTOR\u00cdA POR EL PROGRAMA PROFESIONAL DE INGENIER\u00cdA DE MINAS 2020 N\u00b0 DOCENTE 1 Dr. Marco Antonio Valenzuela Salas 2 MSc. Bruno Emilio Chaucayanqui Quisa 3 MSc. Manuel Rub\u00e9n Figueroa Galiano 4 MSc. Rolando Quispe Aquino 5 MSc. Luciano Alejandro Taco Prado 6 MSc. Edgar Ralph Taddey Chacaltana 7 MSc. Ubaldo Tapia Huaman\u00ed 8 MSc. [&hellip;]<\/p>\n","protected":false},"author":1,"featured_media":0,"parent":0,"menu_order":0,"comment_status":"closed","ping_status":"closed","template":"","meta":{"footnotes":""},"class_list":["post-1602","page","type-page","status-publish","hentry"],"_links":{"self":[{"href":"https:\/\/fggm.unsa.edu.pe\/ingminas\/wp-json\/wp\/v2\/pages\/1602","targetHints":{"allow":["GET"]}}],"collection":[{"href":"https:\/\/fggm.unsa.edu.pe\/ingminas\/wp-json\/wp\/v2\/pages"}],"about":[{"href":"https:\/\/fggm.unsa.edu.pe\/ingminas\/wp-json\/wp\/v2\/types\/page"}],"author":[{"embeddable":true,"href":"https:\/\/fggm.unsa.edu.pe\/ingminas\/wp-json\/wp\/v2\/users\/1"}],"replies":[{"embeddable":true,"href":"https:\/\/fggm.unsa.edu.pe\/ingminas\/wp-json\/wp\/v2\/comments?post=1602"}],"version-history":[{"count":15,"href":"https:\/\/fggm.unsa.edu.pe\/ingminas\/wp-json\/wp\/v2\/pages\/1602\/revisions"}],"predecessor-version":[{"id":1892,"href":"https:\/\/fggm.unsa.edu.pe\/ingminas\/wp-json\/wp\/v2\/pages\/1602\/revisions\/1892"}],"wp:attachment":[{"href":"https:\/\/fggm.unsa.edu.pe\/ingminas\/wp-json\/wp\/v2\/media?parent=1602"}],"curies":[{"name":"wp","href":"https:\/\/api.w.org\/{rel}","templated":true}]}}