{"id":1668,"date":"2020-08-13T16:37:14","date_gmt":"2020-08-13T21:37:14","guid":{"rendered":"https:\/\/fggm.unsa.edu.pe\/ingminas\/?page_id=1668"},"modified":"2025-11-10T12:24:31","modified_gmt":"2025-11-10T17:24:31","slug":"laboratorios","status":"publish","type":"page","link":"https:\/\/fggm.unsa.edu.pe\/ingminas\/laboratorios\/","title":{"rendered":"Laboratorios"},"content":{"rendered":"<p>El programa de Ingenier\u00eda de Minas administra los siguientes laboratorios: Laboratorio de Ventilaci\u00f3n Minera, Laboratorio de Mec\u00e1nica de Rocas, y Laboratorio de C\u00f3mputo. Adem\u00e1s, los estudiantes hacen uso del Laboratorio de Mineralog\u00eda y Laboratorio de Topograf\u00eda administrados por el Programa de Ingenier\u00eda Geol\u00f3gica, as\u00ed como el Laboratorio de F\u00edsica y Laboratorio de Qu\u00edmica, administrados por los Programas Profesionales de F\u00edsica y Qu\u00edmica, respectivamente.<\/p>\n<h4><strong>1. Laboratorios del programa<\/strong><\/h4>\n<p style=\"padding-left: 40px\"><strong>Laboratorio de Ventilaci\u00f3n Minera<\/strong><\/p>\n<p style=\"padding-left: 40px\">El laboratorio de Ventilaci\u00f3n Minera, pertenece al Programa de Ingenier\u00eda de Minas y se ubica en el primer piso del Pabell\u00f3n Pedro Paulet.<\/p>\n<p style=\"padding-left: 40px\">En este laboratorio se realizan las siguientes pruebas:<\/p>\n<ul>\n<li style=\"list-style-type: none\">\n<ul>\n<li style=\"list-style-type: none\">\n<ul>\n<li>\u00cdndice de desempe\u00f1o aerodin\u00e1mico de ventiladores<\/li>\n<li>Comportamiento del aire.<\/li>\n<li>Medici\u00f3n de presiones y caudales<\/li>\n<\/ul>\n<\/li>\n<\/ul>\n<\/li>\n<\/ul>\n<p>&nbsp;<\/p>\n<p style=\"padding-left: 40px\"><strong>Laboratorio de c\u00f3mputo<\/strong><\/p>\n<p style=\"padding-left: 40px\">El laboratorio de computo, pertenece al programa de Ingenier\u00eda Minas y se ubica en el tercer piso del Pabell\u00f3n Pedro Paulet.<\/p>\n<p style=\"padding-left: 40px\">El laboratorio est\u00e1 dedicado a la simulaci\u00f3n de las operaciones mineras e investigaci\u00f3n en planificaci\u00f3n minera haciendo uso del software Minesight 16.0 En este laboratorio se realizan las siguientes pruebas:<\/p>\n<ul>\n<li style=\"list-style-type: none\">\n<ul>\n<li>Simulaci\u00f3n de planificaci\u00f3n<\/li>\n<li>Dise\u00f1o de labores subterr\u00e1neas<\/li>\n<li>Dise\u00f1o de acceso e infraestructura para miner\u00eda superficial<\/li>\n<li>Simulaci\u00f3n del dise\u00f1o para mallas de perforaci\u00f3n y voladura.<\/li>\n<li>An\u00e1lisis geoestad\u00edstico.<\/li>\n<li>Simulaci\u00f3n de ciclos de minado<\/li>\n<\/ul>\n<\/li>\n<\/ul>\n<p style=\"padding-left: 40px\"><span style=\"color: #0000ff\"><strong><a style=\"color: #0000ff\" href=\"https:\/\/fggm.unsa.edu.pe\/ingminas\/wp-content\/uploads\/sites\/4\/2020\/09\/Protocolo-de-Seguridad-del-Taller-de-Computo.pdf\">Protocolo de Seguridad del Taller de Computo<\/a><\/strong><\/span><\/p>\n<h4><strong>2. Gabinetes del programa<\/strong><\/h4>\n<p style=\"padding-left: 40px\"><strong>Gabinete de Perforaci\u00f3n y Voladura<\/strong><\/p>\n<p style=\"padding-left: 40px\">El Gabinete en menci\u00f3n, se encuentra implementado en el pabell\u00f3n William Jenks, ambiente N\u00b0 303, con equipos, herramientas y elementos que ayudan a mejorar las competencias de los estudiantes, las mismas que se detallan a continuaci\u00f3n: Sism\u00f3grafo Instantel, VoD Data Recorder, Cable coaxial Blanco, Laptop LENOVO, Pc de Escritorio, Pc de LENOVO, Estaci\u00f3n Total Leica, Vaso Acero Inoxidable, Juego de % de Petr\u00f3leo, Balanza electr\u00f3nica.<br \/>\nLos materiales mencionados son utilizados en clases de pr\u00e1cticas del curso Perforaci\u00f3n y Voladura Subterr\u00e1nea y Superficial; la implementaci\u00f3n realizada tiene los materiales de manera suficiente como para poder ayudar a mejorar las competencias de los estudiantes,<\/p>\n<p style=\"padding-left: 40px\"><strong>Gabinete de Seguridad y Salud Ocupacional<\/strong><\/p>\n<p style=\"padding-left: 40px\">El Gabinete en menci\u00f3n, se encuentra implementado en el pabell\u00f3n William Jenks, ambiente N\u00b0 304.<\/p>\n<p style=\"padding-left: 40px\">Se cuenta con equipos y elementos de seguridad que ayudan a mejorar las competencias de los estudiantes, las mismas que se detallan a continuaci\u00f3n: camillas r\u00edgidas de PVC y camillas de rescate de tipo canastilla, chalecos personales con distintivos de cintas reflectivas, protectores de cabeza (cascos), equipos de auto rescate, tapones de o\u00eddo para casco de tipo orejera, c\u00e1mara fotogr\u00e1fica digital de alta resoluci\u00f3n, br\u00fajulas, equipo de posicionamiento \u2013 GPS, martillo SCHMIDT.<br \/>\nLos equipos mencionados, son utilizados por el docente a cargo del curso para realizar las pr\u00e1cticas y entrenamiento del uso correcto de los mismos. El gabinete se encuentra debidamente implementada, con la finalidad de mejorar las competencias de los estudiantes durante el desarrollo del curso.<\/p>\n<p style=\"padding-left: 40px\"><strong>Gabinete de Sostenimiento y M\u00e9todos de Explotaci\u00f3n de Minas<\/strong><\/p>\n<p style=\"padding-left: 40px\">El Gabinete en menci\u00f3n, se encuentra implementado en el pabell\u00f3n William Jenks, ambiente N\u00b0 204.<\/p>\n<p style=\"padding-left: 40px\">El gabinete cuenta con equipos, herramientas, maquetas y elementos de sostenimiento que ayudan a mejorar las competencias de los estudiantes, las mismas que se detallan a continuaci\u00f3n: Cimbra met\u00e1lica, arco reticulado, dise\u00f1o de frente de trabajo, pernos de anclaje de diversos tipos con sus accesorios completos, mallas para sostenimiento, resinas para estabilizar diversas, maquetas de los diferentes m\u00e9todos de explotaci\u00f3n subterr\u00e1nea debidamente identificadas.<br \/>\nLos materiales mencionados son utilizados en clases pr\u00e1cticas de los cursos de dise\u00f1o y sostenimiento de labores subterr\u00e1neas y m\u00e9todos de explotaci\u00f3n subterr\u00e1nea; la implementaci\u00f3n realizada tiene los materiales de manera suficiente como para poder ayudar a mejorar las competencias de los estudiantes.<\/p>\n<p>&nbsp;<\/p>\n<h4><strong>3. Laboratorios compartidos<\/strong><\/h4>\n<p style=\"padding-left: 40px\"><strong>Laboratorio de Geotecnia<\/strong><\/p>\n<p style=\"padding-left: 40px\">El laboratorio Geotecnia, pertenece a la Facultad de Ingenier\u00eda Geol\u00f3gica, Geof\u00edsica y Minas y se ubica en el primer piso del Pabell\u00f3n Pedro Paulet.<\/p>\n<p style=\"padding-left: 40px\">El laboratorio est\u00e1 dedicado a la investigaci\u00f3n y determinaci\u00f3n de la calidad del macizo rocoso, cuenta con los recursos y equipos necesarios para realizar investigaciones, pr\u00e1cticas y trabajos de car\u00e1cter cient\u00edfico, tecnol\u00f3gico o t\u00e9cnico. En este laboratorio se realizan las siguientes pruebas:<\/p>\n<ul>\n<li style=\"list-style-type: none\">\n<ul>\n<li>Ensayos de propiedades f\u00edsicas.<\/li>\n<li>Ensayos de carga puntual.<\/li>\n<li>Ensayos de compresi\u00f3n uniaxial.<\/li>\n<li>Ensayos de compresi\u00f3n triaxial.<\/li>\n<\/ul>\n<\/li>\n<\/ul>\n<p style=\"padding-left: 40px\"><strong>\u00a0<\/strong><\/p>\n<p style=\"padding-left: 40px\"><strong>Laboratorio de Mineralog\u00eda<\/strong><\/p>\n<p style=\"padding-left: 40px\">El laboratorio de Mineralog\u00eda, pertenece al Programa de Ingenier\u00eda Geol\u00f3gica, se ubica en el primer piso del Pabell\u00f3n Pedro Paulet.<\/p>\n<p style=\"padding-left: 40px\">El laboratorio est\u00e1 dedicado a la investigaci\u00f3n mineral\u00f3gica, cuenta con los recursos y equipos necesarios para realizar investigaciones, pr\u00e1cticas y trabajos de car\u00e1cter cient\u00edfico, tecnol\u00f3gico o t\u00e9cnico.<\/p>\n<p style=\"padding-left: 40px\"><strong>Laboratorio de Topograf\u00eda<\/strong><\/p>\n<p style=\"padding-left: 40px\">El laboratorio de Topograf\u00eda pertenece al Programa de Ingenier\u00eda Geol\u00f3gica, se ubica en el segundo piso del Pabell\u00f3n Antiguo, aula 207.<\/p>\n<p style=\"padding-left: 40px\">Este laboratorio se usa para las pr\u00e1cticas de los cursos de Topograf\u00eda General y Topograf\u00eda Minera en los que se usan teodolitos electr\u00f3nicos, estaciones totales, br\u00fajulas y GPS diferencial, por parte de estudiantes para hacer sus tareas acad\u00e9micas de pregrado como: levantamientos perim\u00e9tricos, levantamientos topogr\u00e1ficos, y levantamiento de estructuras geol\u00f3gicas.<\/p>\n<p style=\"padding-left: 40px\"><strong>Laboratorio de F\u00edsica B\u00e1sica<\/strong><\/p>\n<p style=\"padding-left: 40px\">El laboratorio de F\u00edsica pertenece a la Facultad de Ciencias Naturales y Formales, se ubica en la primera planta de los Hex\u00e1gonos de F\u00edsica.<\/p>\n<p style=\"padding-left: 40px\">Las pr\u00e1cticas de laboratorio tienen una duraci\u00f3n de dos (02) horas acad\u00e9micas y se desarrolla una sesi\u00f3n por semana durante un semestre; \u00e9stas se realizan en forma paralela al desarrollo del curso de teor\u00eda de cada Programa Profesional y su contenido est\u00e1 de acuerdo a la sumilla del curso. El desarrollo de las pr\u00e1cticas de laboratorio, est\u00e1 a cargo de un Docente Jefe de Pr\u00e1cticas, quien acompa\u00f1a a cada grupo en el desarrollo de las mismas. Cada laboratorio (Mec\u00e1nica, Fluidos y Termodin\u00e1mica, Electricidad y Magnetismo y Ondas y \u00d3ptica) est\u00e1 compuesta por seis (06) mesas de trabajo, con una capacidad de quince (15) a dieciocho (18) estudiantes por laboratorio, priorizando un n\u00famero de tres (03) estudiantes por mesa de trabajo.<\/p>\n<p style=\"padding-left: 40px\"><strong>Laboratorio de Qu\u00edmica<\/strong><\/p>\n<p style=\"padding-left: 40px\">El laboratorio de Qu\u00edmica pertenece a la Facultad de Ciencias Naturales y Formales, se ubica en el pabell\u00f3n de Qu\u00edmica tercer piso.<\/p>\n<p style=\"padding-left: 40px\">Este laboratorio se usa para las pr\u00e1cticas de los cursos de Qu\u00edmica General y F\u00edsico-Qu\u00edmica. En las pr\u00e1cticas del curso de Qu\u00edmica General se hace un reconocimiento general de equipos y materiales del laboratorio, siendo muy importante lo relacionado a la seguridad con el manejo y uso de reactivos. En el curso de F\u00edsico\u2013Qu\u00edmica se realizan pr\u00e1cticas de propiedades f\u00edsico qu\u00edmicas de los s\u00f3lidos, l\u00edquidos y gases, preparando las soluciones y mezclas, pr\u00e1cticas de equilibrio i\u00f3nico, cin\u00e9tica qu\u00edmica y coloidal.<\/p>\n<p>&nbsp;<\/p>\n<p><span style=\"color: #0000ff\"><strong><a style=\"color: #0000ff\" href=\"https:\/\/fggm.unsa.edu.pe\/ingminas\/wp-content\/uploads\/sites\/4\/2020\/09\/Protocolo-de-Seguridad-del-Laboratorio.pdf\">Protocolo de Seguridad del Laboratorio<\/a> <\/strong><\/span><\/p>\n<p><span style=\"color: #0000ff\">\u00a0<\/span><\/p>\n","protected":false},"excerpt":{"rendered":"<p>El programa de Ingenier\u00eda de Minas administra los siguientes laboratorios: Laboratorio de Ventilaci\u00f3n Minera, Laboratorio de Mec\u00e1nica de Rocas, y Laboratorio de C\u00f3mputo. Adem\u00e1s, los estudiantes hacen uso del Laboratorio de Mineralog\u00eda y Laboratorio de Topograf\u00eda administrados por el Programa de Ingenier\u00eda Geol\u00f3gica, as\u00ed como el Laboratorio de F\u00edsica y Laboratorio de Qu\u00edmica, administrados por [&hellip;]<\/p>\n","protected":false},"author":1,"featured_media":0,"parent":0,"menu_order":0,"comment_status":"closed","ping_status":"closed","template":"","meta":{"footnotes":""},"class_list":["post-1668","page","type-page","status-publish","hentry"],"_links":{"self":[{"href":"https:\/\/fggm.unsa.edu.pe\/ingminas\/wp-json\/wp\/v2\/pages\/1668","targetHints":{"allow":["GET"]}}],"collection":[{"href":"https:\/\/fggm.unsa.edu.pe\/ingminas\/wp-json\/wp\/v2\/pages"}],"about":[{"href":"https:\/\/fggm.unsa.edu.pe\/ingminas\/wp-json\/wp\/v2\/types\/page"}],"author":[{"embeddable":true,"href":"https:\/\/fggm.unsa.edu.pe\/ingminas\/wp-json\/wp\/v2\/users\/1"}],"replies":[{"embeddable":true,"href":"https:\/\/fggm.unsa.edu.pe\/ingminas\/wp-json\/wp\/v2\/comments?post=1668"}],"version-history":[{"count":12,"href":"https:\/\/fggm.unsa.edu.pe\/ingminas\/wp-json\/wp\/v2\/pages\/1668\/revisions"}],"predecessor-version":[{"id":2107,"href":"https:\/\/fggm.unsa.edu.pe\/ingminas\/wp-json\/wp\/v2\/pages\/1668\/revisions\/2107"}],"wp:attachment":[{"href":"https:\/\/fggm.unsa.edu.pe\/ingminas\/wp-json\/wp\/v2\/media?parent=1668"}],"curies":[{"name":"wp","href":"https:\/\/api.w.org\/{rel}","templated":true}]}}