{"id":1754,"date":"2020-09-24T16:48:07","date_gmt":"2020-09-24T21:48:07","guid":{"rendered":"https:\/\/fggm.unsa.edu.pe\/ingminas\/?page_id=1754"},"modified":"2020-09-24T18:10:40","modified_gmt":"2020-09-24T23:10:40","slug":"proyectos-integradores","status":"publish","type":"page","link":"https:\/\/fggm.unsa.edu.pe\/ingminas\/proyectos-integradores\/","title":{"rendered":"Proyectos integradores del estudiante"},"content":{"rendered":"<p><strong>CAPSTONE PROYECT<\/strong><\/p>\n<p>El Proyecto Fin de Carrera es un trabajo grupal de ingenier\u00eda integral elaborado por los estudiantes del quinto a\u00f1o en el curso de Asesor\u00eda de tesis. Se realiza con la finalidad de familiarizar a los estudiantes en el an\u00e1lisis, dise\u00f1o y planificaci\u00f3n para que puedan dar soluci\u00f3n de un problema que tenga relaci\u00f3n directa con la actividad del Ingeniero de Minas durante su desarrollo profesional, As\u00ed mismo, se considera objeto de este proyecto todo trabajo de investigaci\u00f3n orientado a resolver problemas operacionales de ingenier\u00eda de Minas, donde los estudiantes resuelven problemas de dise\u00f1o complejos haciendo uso de est\u00e1ndares, normas y regulaciones de ingenier\u00eda, adem\u00e1s de considerar restricciones realistas.<\/p>\n<p><strong><a href=\"https:\/\/fggm.unsa.edu.pe\/ingminas\/wp-content\/uploads\/sites\/4\/2020\/09\/Proyecto-Integrador-01.pdf\">Proyecto Integrador 01<\/a><\/strong><\/p>\n<p>\u201cDise\u00f1o del plan de minado mediante los m\u00e9todos Sublevel Stoping y Bench and Fill \u2013 Proyecto Pampachiri \u2013 Apurimac\u201d<\/p>\n<p><strong><a href=\"https:\/\/fggm.unsa.edu.pe\/ingminas\/wp-content\/uploads\/sites\/4\/2020\/09\/Proyecto-Integrador-02.pdf\">Proyecto Integrador 02<\/a><\/strong><\/p>\n<p>\u201cDise\u00f1o y evaluaci\u00f3n geomec\u00e1nica del inclinado N\u00b0 6 para asegurar la estabilidad del macizo rocoso en la Sociedad Minera de Responsabilidad Limitada \u2013 Gedeon S.A.\u201d<\/p>\n<p><strong><a href=\"https:\/\/fggm.unsa.edu.pe\/ingminas\/wp-content\/uploads\/sites\/4\/2020\/09\/Proyecto-Integrador-03.pdf\">Proyecto Integrador 03<\/a><\/strong><\/p>\n<p>\u201cEstudio de viabilidad econ\u00f3mica para el dise\u00f1o de transporte en miner\u00eda a cielo abierto; sistema de acarreo por camiones frente a un sistema de acarreo mecanizado por faja transportadora\u201d<\/p>\n<p><strong><a href=\"https:\/\/fggm.unsa.edu.pe\/ingminas\/wp-content\/uploads\/sites\/4\/2020\/09\/Proyecto-Integrador-04.pdf\">Proyecto Integrador 04<\/a><\/strong><\/p>\n<p>\u201cDise\u00f1o del sistema de ventilaci\u00f3n minera optimizando costos de operaci\u00f3n en la mina Caylloma de la empresa minera BATEAS SAC.\u201d<\/p>\n<p><strong><a href=\"https:\/\/fggm.unsa.edu.pe\/ingminas\/wp-content\/uploads\/sites\/4\/2020\/09\/Proyecto-Integrador-05.pdf\">Proyecto Integrador 05<\/a>\u00a0<\/strong><\/p>\n<p>\u201cDise\u00f1o de un sistema de neutralizaci\u00f3n para el tratamiento y recuperaci\u00f3n de aguas \u00e1cidas de la mina San Crist\u00f3bal de la Compa\u00f1\u00eda Minera Volc\u00e1n\u201d<\/p>\n<p>&nbsp;<\/p>\n<p>&nbsp;<\/p>\n<p>&nbsp;<\/p>\n<p>&nbsp;<\/p>\n<p>&nbsp;<\/p>\n","protected":false},"excerpt":{"rendered":"<p>CAPSTONE PROYECT El Proyecto Fin de Carrera es un trabajo grupal de ingenier\u00eda integral elaborado por los estudiantes del quinto a\u00f1o en el curso de Asesor\u00eda de tesis. Se realiza con la finalidad de familiarizar a los estudiantes en el an\u00e1lisis, dise\u00f1o y planificaci\u00f3n para que puedan dar soluci\u00f3n de un problema que tenga relaci\u00f3n [&hellip;]<\/p>\n","protected":false},"author":1,"featured_media":0,"parent":0,"menu_order":0,"comment_status":"closed","ping_status":"closed","template":"","meta":{"footnotes":""},"class_list":["post-1754","page","type-page","status-publish","hentry"],"_links":{"self":[{"href":"https:\/\/fggm.unsa.edu.pe\/ingminas\/wp-json\/wp\/v2\/pages\/1754","targetHints":{"allow":["GET"]}}],"collection":[{"href":"https:\/\/fggm.unsa.edu.pe\/ingminas\/wp-json\/wp\/v2\/pages"}],"about":[{"href":"https:\/\/fggm.unsa.edu.pe\/ingminas\/wp-json\/wp\/v2\/types\/page"}],"author":[{"embeddable":true,"href":"https:\/\/fggm.unsa.edu.pe\/ingminas\/wp-json\/wp\/v2\/users\/1"}],"replies":[{"embeddable":true,"href":"https:\/\/fggm.unsa.edu.pe\/ingminas\/wp-json\/wp\/v2\/comments?post=1754"}],"version-history":[{"count":4,"href":"https:\/\/fggm.unsa.edu.pe\/ingminas\/wp-json\/wp\/v2\/pages\/1754\/revisions"}],"predecessor-version":[{"id":1791,"href":"https:\/\/fggm.unsa.edu.pe\/ingminas\/wp-json\/wp\/v2\/pages\/1754\/revisions\/1791"}],"wp:attachment":[{"href":"https:\/\/fggm.unsa.edu.pe\/ingminas\/wp-json\/wp\/v2\/media?parent=1754"}],"curies":[{"name":"wp","href":"https:\/\/api.w.org\/{rel}","templated":true}]}}